{"id":1423,"date":"2025-10-06T10:48:46","date_gmt":"2025-10-06T08:48:46","guid":{"rendered":"https:\/\/mikramt.sk\/?post_type=product&#038;p=1423"},"modified":"2025-10-06T11:00:12","modified_gmt":"2025-10-06T09:00:12","slug":"ant-vnut-zas-pred-c-z31l1036a-biela","status":"publish","type":"product","link":"https:\/\/mikramt.sk\/?product=ant-vnut-zas-pred-c-z31l1036a-biela","title":{"rendered":"ANT vnut z\u00e1s pred \u010d Z31L1036A &#8211; BIELA (KSx)"},"content":{"rendered":"<h4 data-start=\"328\" data-end=\"350\">Produktov\u00fd \u00favod<\/h4>\n<p data-start=\"351\" data-end=\"622\"><strong data-start=\"351\" data-end=\"408\">BLUM ANTARO plechov\u00e9 \u010delo vn\u00fatornej z\u00e1suvky Z31L1036A<\/strong> je modern\u00e9 rie\u0161enie pre syst\u00e9my <strong data-start=\"441\" data-end=\"461\">TANDEMBOX antaro<\/strong> a <strong data-start=\"464\" data-end=\"474\">intivo<\/strong>. V\u010faka elegantn\u00e9mu bielemu prevedeniu a robustn\u00e9mu hlin\u00edkov\u00e9mu materi\u00e1lu prin\u00e1\u0161a vysok\u00fa funk\u010dnos\u0165, pevnos\u0165 a \u0161t\u00fdlov\u00fd vzh\u013ead do ka\u017ed\u00e9ho interi\u00e9ru.<\/p>\n<h4 data-start=\"624\" data-end=\"649\">K\u013e\u00fa\u010dov\u00e9 vlastnosti<\/h4>\n<ul data-start=\"650\" data-end=\"879\">\n<li data-start=\"650\" data-end=\"674\">\n<p data-start=\"652\" data-end=\"674\">Model: <strong data-start=\"659\" data-end=\"672\">Z31L1036A<\/strong><\/p>\n<\/li>\n<li data-start=\"675\" data-end=\"715\">\n<p data-start=\"677\" data-end=\"715\">Typ: Plechov\u00e9 \u010delo vn\u00fatornej z\u00e1suvky<\/p>\n<\/li>\n<li data-start=\"716\" data-end=\"757\">\n<p data-start=\"718\" data-end=\"757\">Syst\u00e9m: <strong data-start=\"726\" data-end=\"755\">TANDEMBOX intivo \/ antaro<\/strong><\/p>\n<\/li>\n<li data-start=\"758\" data-end=\"782\">\n<p data-start=\"760\" data-end=\"782\">Materi\u00e1l: <strong data-start=\"770\" data-end=\"780\">Hlin\u00edk<\/strong><\/p>\n<\/li>\n<li data-start=\"783\" data-end=\"812\">\n<p data-start=\"785\" data-end=\"812\">Farba: <strong data-start=\"792\" data-end=\"810\">Hodv\u00e1bna biela<\/strong><\/p>\n<\/li>\n<li data-start=\"813\" data-end=\"835\">\n<p data-start=\"815\" data-end=\"835\">D\u013a\u017eka: <strong data-start=\"822\" data-end=\"833\">1036 mm<\/strong><\/p>\n<\/li>\n<li data-start=\"836\" data-end=\"879\">\n<p data-start=\"838\" data-end=\"879\">Pre syst\u00e9my BOX: hr\u00fabka dna <strong data-start=\"866\" data-end=\"877\">5\u201316 mm<\/strong><\/p>\n<\/li>\n<\/ul>\n<h4 data-start=\"881\" data-end=\"903\">V\u00fdhody produktu<\/h4>\n<ul data-start=\"904\" data-end=\"1262\">\n<li data-start=\"904\" data-end=\"991\">\n<p data-start=\"906\" data-end=\"991\"><strong data-start=\"906\" data-end=\"926\">Elegantn\u00fd dizajn<\/strong> \u2013 \u010dist\u00e9 biele prevedenie zapadne do ka\u017ed\u00e9ho modern\u00e9ho n\u00e1bytku.<\/p>\n<\/li>\n<li data-start=\"992\" data-end=\"1074\">\n<p data-start=\"994\" data-end=\"1074\"><strong data-start=\"994\" data-end=\"1013\">Vysok\u00e1 odolnos\u0165<\/strong> \u2013 hlin\u00edkov\u00fd materi\u00e1l zabezpe\u010duje pevnos\u0165 a dlh\u00fa \u017eivotnos\u0165.<\/p>\n<\/li>\n<li data-start=\"1075\" data-end=\"1144\">\n<p data-start=\"1077\" data-end=\"1144\"><strong data-start=\"1077\" data-end=\"1094\">Kompatibilita<\/strong> \u2013 vhodn\u00e9 pre syst\u00e9my TANDEMBOX antaro a intivo.<\/p>\n<\/li>\n<li data-start=\"1145\" data-end=\"1262\">\n<p data-start=\"1147\" data-end=\"1262\"><strong data-start=\"1147\" data-end=\"1169\">Praktick\u00e9 rie\u0161enie<\/strong> \u2013 ide\u00e1lne pre stol\u00e1rske a n\u00e1bytk\u00e1rske projekty, kde sa kladie d\u00f4raz na kvalitu a estetiku.<\/p>\n<\/li>\n<\/ul>\n<h4 data-start=\"1264\" data-end=\"1290\">Technick\u00e9 parametre<\/h4>\n<ul data-start=\"1291\" data-end=\"1441\">\n<li data-start=\"1291\" data-end=\"1313\">\n<p data-start=\"1293\" data-end=\"1313\"><strong data-start=\"1293\" data-end=\"1303\">D\u013a\u017eka:<\/strong> 1036 mm<\/p>\n<\/li>\n<li data-start=\"1314\" data-end=\"1343\">\n<p data-start=\"1316\" data-end=\"1343\"><strong data-start=\"1316\" data-end=\"1326\">Farba:<\/strong> Hodv\u00e1bna biela<\/p>\n<\/li>\n<li data-start=\"1344\" data-end=\"1368\">\n<p data-start=\"1346\" data-end=\"1368\"><strong data-start=\"1346\" data-end=\"1359\">Materi\u00e1l:<\/strong> Hlin\u00edk<\/p>\n<\/li>\n<li data-start=\"1369\" data-end=\"1395\">\n<p data-start=\"1371\" data-end=\"1395\"><strong data-start=\"1371\" data-end=\"1390\">Mern\u00e1 jednotka:<\/strong> ks<\/p>\n<\/li>\n<li data-start=\"1396\" data-end=\"1441\">\n<p data-start=\"1398\" data-end=\"1441\"><strong data-start=\"1398\" data-end=\"1410\">Balenie:<\/strong> 12 ks (rozbalite\u013en\u00e9 po 1 ks)<\/p>\n<\/li>\n<\/ul>\n<h4 data-start=\"1443\" data-end=\"1456\">Zna\u010dka<\/h4>\n<p data-start=\"1457\" data-end=\"1678\"><strong data-start=\"1457\" data-end=\"1465\">Blum<\/strong> je svetovo uzn\u00e1van\u00fd v\u00fdrobca n\u00e1bytkov\u00e9ho kovania, zn\u00e1my svojou presnos\u0165ou, dlhou \u017eivotnos\u0165ou a funk\u010dn\u00fdm dizajnom. Plechov\u00e9 \u010del\u00e1 ANTARO s\u00fa navrhnut\u00e9 pre profesion\u00e1lne vyu\u017eitie s d\u00f4razom na kvalitu a spo\u013eahlivos\u0165.<\/p>\n","protected":false},"excerpt":{"rendered":"<p>Plechov\u00e9 \u010delo BLUM ANTARO pre vn\u00fatorn\u00fa z\u00e1suvku, hodv\u00e1bna biela, d\u013a\u017eka <strong data-start=\"213\" data-end=\"224\">1036 mm<\/strong>. Odoln\u00e9 hlin\u00edkov\u00e9 prevedenie pre syst\u00e9my TANDEMBOX antaro a intivo.<\/p>\n","protected":false},"featured_media":1424,"comment_status":"open","ping_status":"closed","template":"","meta":[],"product_brand":[],"product_cat":[83],"product_tag":[],"class_list":{"0":"post-1423","1":"product","2":"type-product","3":"status-publish","4":"has-post-thumbnail","6":"product_cat-tandebox-antaro-vnutorne-zasuvky","8":"first","9":"instock","10":"shipping-taxable","11":"purchasable","12":"product-type-simple","13":"customify-col"},"_links":{"self":[{"href":"https:\/\/mikramt.sk\/index.php?rest_route=\/wp\/v2\/product\/1423","targetHints":{"allow":["GET"]}}],"collection":[{"href":"https:\/\/mikramt.sk\/index.php?rest_route=\/wp\/v2\/product"}],"about":[{"href":"https:\/\/mikramt.sk\/index.php?rest_route=\/wp\/v2\/types\/product"}],"replies":[{"embeddable":true,"href":"https:\/\/mikramt.sk\/index.php?rest_route=%2Fwp%2Fv2%2Fcomments&post=1423"}],"wp:featuredmedia":[{"embeddable":true,"href":"https:\/\/mikramt.sk\/index.php?rest_route=\/wp\/v2\/media\/1424"}],"wp:attachment":[{"href":"https:\/\/mikramt.sk\/index.php?rest_route=%2Fwp%2Fv2%2Fmedia&parent=1423"}],"wp:term":[{"taxonomy":"product_brand","embeddable":true,"href":"https:\/\/mikramt.sk\/index.php?rest_route=%2Fwp%2Fv2%2Fproduct_brand&post=1423"},{"taxonomy":"product_cat","embeddable":true,"href":"https:\/\/mikramt.sk\/index.php?rest_route=%2Fwp%2Fv2%2Fproduct_cat&post=1423"},{"taxonomy":"product_tag","embeddable":true,"href":"https:\/\/mikramt.sk\/index.php?rest_route=%2Fwp%2Fv2%2Fproduct_tag&post=1423"}],"curies":[{"name":"wp","href":"https:\/\/api.w.org\/{rel}","templated":true}]}}