{"id":1369,"date":"2025-07-15T15:15:25","date_gmt":"2025-07-15T13:15:25","guid":{"rendered":"https:\/\/mikramt.sk\/?post_type=product&#038;p=1369"},"modified":"2025-07-15T15:15:25","modified_gmt":"2025-07-15T13:15:25","slug":"dtd-18-a879-ps19-dub-rossini","status":"publish","type":"product","link":"https:\/\/mikramt.sk\/?product=dtd-18-a879-ps19-dub-rossini","title":{"rendered":"DTD 18  A879 PS19 Dub Rossini"},"content":{"rendered":"<p data-start=\"157\" data-end=\"547\">Drevotrieskov\u00e1 doska (DTD) v dekore <strong data-start=\"193\" data-end=\"218\">A879 PS19 Dub Rossini<\/strong> s povrchovou \u00fapravou <strong data-start=\"240\" data-end=\"281\">PS19 (jemn\u00e1 pr\u00edrodn\u00e1 \u0161trukt\u00fara dreva)<\/strong> je skvelou vo\u013ebou pre t\u00fdch, ktor\u00ed h\u013eadaj\u00fa prirodzen\u00fd a z\u00e1rove\u0148 modern\u00fd vzh\u013ead dreva. Dekor <strong data-start=\"373\" data-end=\"388\">Dub Rossini<\/strong> sa vyzna\u010duje elegantnou kresbou duba v pr\u00edjemn\u00fdch, svetl\u00fdch odtie\u0148och s decentn\u00fdm n\u00e1dychom rustik\u00e1lnosti, ktor\u00e1 vn\u00e1\u0161a do interi\u00e9ru teplo a vizu\u00e1lnu rovnov\u00e1hu.<\/p>\n<p data-start=\"549\" data-end=\"870\">Doska m\u00e1 hr\u00fabku <strong data-start=\"565\" data-end=\"574\">18 mm<\/strong> a rozmery <strong data-start=\"585\" data-end=\"603\">2800 \u00d7 2070 mm<\/strong>, ktor\u00e9 zaru\u010duj\u00fa pevnos\u0165 a tvarov\u00fa stabilitu. Povrchov\u00e1 \u00faprava <strong data-start=\"666\" data-end=\"674\">PS19<\/strong> verne imituje \u0161trukt\u00faru pr\u00edrodn\u00e9ho dreva a z\u00e1rove\u0148 je odoln\u00e1 vo\u010di be\u017en\u00e9mu opotrebeniu. Ide\u00e1lna na v\u00fdrobu n\u00e1bytku, dvierok, obkladov aj dizajnov\u00fdch doplnkov do dom\u00e1cnost\u00ed \u010di komer\u010dn\u00fdch priestorov.<\/p>\n<ul data-start=\"872\" data-end=\"1087\">\n<li data-start=\"872\" data-end=\"908\">\n<p data-start=\"874\" data-end=\"908\"><strong data-start=\"874\" data-end=\"884\">Dekor:<\/strong> A879 PS19 Dub Rossini<\/p>\n<\/li>\n<li data-start=\"909\" data-end=\"939\">\n<p data-start=\"911\" data-end=\"939\"><strong data-start=\"911\" data-end=\"922\">Rozmer:<\/strong> 2800 x 2070 mm<\/p>\n<\/li>\n<li data-start=\"940\" data-end=\"961\">\n<p data-start=\"942\" data-end=\"961\"><strong data-start=\"942\" data-end=\"953\">Hr\u00fabka:<\/strong> 18 mm<\/p>\n<\/li>\n<li data-start=\"962\" data-end=\"1021\">\n<p data-start=\"964\" data-end=\"1021\"><strong data-start=\"964\" data-end=\"985\">Povrchov\u00e1 \u00faprava:<\/strong> PS19 \u2013 pr\u00edrodn\u00e1 dreven\u00e1 \u0161trukt\u00fara<\/p>\n<\/li>\n<li data-start=\"1022\" data-end=\"1056\">\n<p data-start=\"1024\" data-end=\"1056\"><strong data-start=\"1024\" data-end=\"1037\">Materi\u00e1l:<\/strong> Drevotrieska DTD<\/p>\n<\/li>\n<li data-start=\"1057\" data-end=\"1087\">\n<p data-start=\"1059\" data-end=\"1087\"><strong data-start=\"1059\" data-end=\"1080\">Cena s DPH na m\u00b2:<\/strong> 9,07\u202f\u20ac<\/p>\n<\/li>\n<\/ul>\n","protected":false},"excerpt":{"rendered":"<p>Dekorat\u00edvna DTD doska 18 mm v dekore Dub Rossini s realistickou drevenou \u0161trukt\u00farou PS19 \u2013 vhodn\u00e1 pre modern\u00fd n\u00e1bytok s tepl\u00fdm pr\u00edrodn\u00fdm vzh\u013eadom.<\/p>\n","protected":false},"featured_media":1370,"comment_status":"open","ping_status":"closed","template":"","meta":[],"product_brand":[],"product_cat":[74],"product_tag":[],"class_list":{"0":"post-1369","1":"product","2":"type-product","3":"status-publish","4":"has-post-thumbnail","6":"product_cat-dtdl-kastamonu-2800x2070","8":"first","9":"instock","10":"shipping-taxable","11":"purchasable","12":"product-type-simple","13":"customify-col"},"_links":{"self":[{"href":"https:\/\/mikramt.sk\/index.php?rest_route=\/wp\/v2\/product\/1369","targetHints":{"allow":["GET"]}}],"collection":[{"href":"https:\/\/mikramt.sk\/index.php?rest_route=\/wp\/v2\/product"}],"about":[{"href":"https:\/\/mikramt.sk\/index.php?rest_route=\/wp\/v2\/types\/product"}],"replies":[{"embeddable":true,"href":"https:\/\/mikramt.sk\/index.php?rest_route=%2Fwp%2Fv2%2Fcomments&post=1369"}],"wp:featuredmedia":[{"embeddable":true,"href":"https:\/\/mikramt.sk\/index.php?rest_route=\/wp\/v2\/media\/1370"}],"wp:attachment":[{"href":"https:\/\/mikramt.sk\/index.php?rest_route=%2Fwp%2Fv2%2Fmedia&parent=1369"}],"wp:term":[{"taxonomy":"product_brand","embeddable":true,"href":"https:\/\/mikramt.sk\/index.php?rest_route=%2Fwp%2Fv2%2Fproduct_brand&post=1369"},{"taxonomy":"product_cat","embeddable":true,"href":"https:\/\/mikramt.sk\/index.php?rest_route=%2Fwp%2Fv2%2Fproduct_cat&post=1369"},{"taxonomy":"product_tag","embeddable":true,"href":"https:\/\/mikramt.sk\/index.php?rest_route=%2Fwp%2Fv2%2Fproduct_tag&post=1369"}],"curies":[{"name":"wp","href":"https:\/\/api.w.org\/{rel}","templated":true}]}}