{"id":1367,"date":"2025-07-15T15:08:55","date_gmt":"2025-07-15T13:08:55","guid":{"rendered":"https:\/\/mikramt.sk\/?post_type=product&#038;p=1367"},"modified":"2025-07-15T15:08:55","modified_gmt":"2025-07-15T13:08:55","slug":"dtd-18-d129-ps10-biela-hladka","status":"publish","type":"product","link":"https:\/\/mikramt.sk\/?product=dtd-18-d129-ps10-biela-hladka","title":{"rendered":"DTD 18  D129 PS10 Biela  HLADK\u00c1"},"content":{"rendered":"<p data-start=\"168\" data-end=\"492\">Drevotrieskov\u00e1 doska (DTD) v dekore <strong data-start=\"204\" data-end=\"230\">D129 PS10 Biela HLADK\u00c1<\/strong> s povrchovou \u00fapravou <strong data-start=\"252\" data-end=\"283\">PS10 (hladk\u00fd leskl\u00fd povrch)<\/strong> je ide\u00e1lnym rie\u0161en\u00edm pre \u010dist\u00fd a minimalistick\u00fd dizajn interi\u00e9rov. Jednofarebn\u00fd odtie\u0148 <strong data-start=\"371\" data-end=\"391\">klasickej bielej<\/strong> p\u00f4sob\u00ed neutr\u00e1lne a nad\u010dasovo, \u010do umo\u017e\u0148uje jeho \u0161irok\u00e9 vyu\u017eitie v dom\u00e1cich aj pracovn\u00fdch priestoroch.<\/p>\n<p data-start=\"494\" data-end=\"777\">Doska m\u00e1 hr\u00fabku <strong data-start=\"510\" data-end=\"519\">18 mm<\/strong> a rozmery <strong data-start=\"530\" data-end=\"548\">2800 \u00d7 2070 mm<\/strong>, ktor\u00e9 zabezpe\u010duj\u00fa vysok\u00fa pevnos\u0165 a stabilitu. Povrch <strong data-start=\"603\" data-end=\"614\">PS10 HL<\/strong> je hladk\u00fd, leskl\u00fd a jednoducho udr\u017eiavate\u013en\u00fd, \u010do z nej rob\u00ed praktick\u00fa vo\u013ebu pre v\u00fdrobu n\u00e1bytkov\u00fdch dielcov, kuchynsk\u00fdch liniek, \u0161atn\u00edkov \u010di kancel\u00e1rskeho n\u00e1bytku.<\/p>\n<ul data-start=\"779\" data-end=\"992\">\n<li data-start=\"779\" data-end=\"816\">\n<p data-start=\"781\" data-end=\"816\"><strong data-start=\"781\" data-end=\"791\">Dekor:<\/strong> D129 PS10 Biela HLADK\u00c1<\/p>\n<\/li>\n<li data-start=\"817\" data-end=\"847\">\n<p data-start=\"819\" data-end=\"847\"><strong data-start=\"819\" data-end=\"830\">Rozmer:<\/strong> 2800 x 2070 mm<\/p>\n<\/li>\n<li data-start=\"848\" data-end=\"869\">\n<p data-start=\"850\" data-end=\"869\"><strong data-start=\"850\" data-end=\"861\">Hr\u00fabka:<\/strong> 18 mm<\/p>\n<\/li>\n<li data-start=\"870\" data-end=\"926\">\n<p data-start=\"872\" data-end=\"926\"><strong data-start=\"872\" data-end=\"893\">Povrchov\u00e1 \u00faprava:<\/strong> PS10 HL \u2013 hladk\u00fd leskl\u00fd povrch<\/p>\n<\/li>\n<li data-start=\"927\" data-end=\"961\">\n<p data-start=\"929\" data-end=\"961\"><strong data-start=\"929\" data-end=\"942\">Materi\u00e1l:<\/strong> Drevotrieska DTD<\/p>\n<\/li>\n<li data-start=\"962\" data-end=\"992\">\n<p data-start=\"964\" data-end=\"992\"><strong data-start=\"964\" data-end=\"985\">Cena s DPH na m\u00b2:<\/strong> 8,27\u202f\u20ac<\/p>\n<\/li>\n<\/ul>\n","protected":false},"excerpt":{"rendered":"<p>Dekorat\u00edvna DTD doska 18 mm v klasickej bielej farbe s hladk\u00fdm leskl\u00fdm povrchom PS10 \u2013 univerz\u00e1lna vo\u013eba pre \u010dist\u00fd a modern\u00fd n\u00e1bytkov\u00fd dizajn.<\/p>\n","protected":false},"featured_media":1368,"comment_status":"open","ping_status":"closed","template":"","meta":[],"product_brand":[],"product_cat":[74],"product_tag":[],"class_list":{"0":"post-1367","1":"product","2":"type-product","3":"status-publish","4":"has-post-thumbnail","6":"product_cat-dtdl-kastamonu-2800x2070","8":"first","9":"instock","10":"shipping-taxable","11":"purchasable","12":"product-type-simple","13":"customify-col"},"_links":{"self":[{"href":"https:\/\/mikramt.sk\/index.php?rest_route=\/wp\/v2\/product\/1367","targetHints":{"allow":["GET"]}}],"collection":[{"href":"https:\/\/mikramt.sk\/index.php?rest_route=\/wp\/v2\/product"}],"about":[{"href":"https:\/\/mikramt.sk\/index.php?rest_route=\/wp\/v2\/types\/product"}],"replies":[{"embeddable":true,"href":"https:\/\/mikramt.sk\/index.php?rest_route=%2Fwp%2Fv2%2Fcomments&post=1367"}],"wp:featuredmedia":[{"embeddable":true,"href":"https:\/\/mikramt.sk\/index.php?rest_route=\/wp\/v2\/media\/1368"}],"wp:attachment":[{"href":"https:\/\/mikramt.sk\/index.php?rest_route=%2Fwp%2Fv2%2Fmedia&parent=1367"}],"wp:term":[{"taxonomy":"product_brand","embeddable":true,"href":"https:\/\/mikramt.sk\/index.php?rest_route=%2Fwp%2Fv2%2Fproduct_brand&post=1367"},{"taxonomy":"product_cat","embeddable":true,"href":"https:\/\/mikramt.sk\/index.php?rest_route=%2Fwp%2Fv2%2Fproduct_cat&post=1367"},{"taxonomy":"product_tag","embeddable":true,"href":"https:\/\/mikramt.sk\/index.php?rest_route=%2Fwp%2Fv2%2Fproduct_tag&post=1367"}],"curies":[{"name":"wp","href":"https:\/\/api.w.org\/{rel}","templated":true}]}}