{"id":1362,"date":"2025-07-15T15:00:40","date_gmt":"2025-07-15T13:00:40","guid":{"rendered":"https:\/\/mikramt.sk\/?post_type=product&#038;p=1362"},"modified":"2025-07-15T15:00:40","modified_gmt":"2025-07-15T13:00:40","slug":"dtd-18-f285-ps42-beton-bronx","status":"publish","type":"product","link":"https:\/\/mikramt.sk\/?product=dtd-18-f285-ps42-beton-bronx","title":{"rendered":"DTD 18  F285 PS42 Beton Bronx"},"content":{"rendered":"<p data-start=\"164\" data-end=\"567\">Drevotrieskov\u00e1 doska (DTD) v dekore <strong data-start=\"200\" data-end=\"225\">F285 PS42 Beton Bronx<\/strong> s povrchovou \u00fapravou <strong data-start=\"247\" data-end=\"285\">PS42 (povrch s bet\u00f3nov\u00fdm vzh\u013eadom)<\/strong> pon\u00faka modern\u00fd a industri\u00e1lny vzh\u013ead. Tento dekor evokuje autentick\u00fd bet\u00f3nov\u00fd povrch, ktor\u00fd dod\u00e1va interi\u00e9ru drsn\u00fd a s\u00fa\u010dasn\u00fd charakter. <strong data-start=\"422\" data-end=\"437\">Beton Bronx<\/strong> je ide\u00e1lnou vo\u013ebou pre neform\u00e1lne a modern\u00e9 interi\u00e9ry, kde sa uprednost\u0148uje kombin\u00e1cia elegancie a tvrdosti bet\u00f3nov\u00e9ho materi\u00e1lu.<\/p>\n<p data-start=\"569\" data-end=\"923\">Doska s hr\u00fabkou <strong data-start=\"585\" data-end=\"594\">18 mm<\/strong> a rozmermi <strong data-start=\"606\" data-end=\"624\">2800 \u00d7 2070 mm<\/strong> zabezpe\u010duje dostato\u010dn\u00fa pevnos\u0165 a stabilitu, vhodn\u00e1 na v\u00fdrobu n\u00e1bytku, pracovn\u00fdch pl\u00f4ch, reg\u00e1lov alebo interi\u00e9rov\u00fdch panelov. Povrchov\u00e1 \u00faprava <strong data-start=\"767\" data-end=\"775\">PS42<\/strong> imituje bet\u00f3nov\u00fd vzh\u013ead a je odoln\u00e1 vo\u010di be\u017en\u00e9mu opotrebeniu, \u010d\u00edm je praktick\u00e1 pre ka\u017edodenn\u00e9 pou\u017e\u00edvanie v dom\u00e1cnostiach aj komer\u010dn\u00fdch priestoroch.<\/p>\n<ul data-start=\"925\" data-end=\"1129\">\n<li data-start=\"925\" data-end=\"961\">\n<p data-start=\"927\" data-end=\"961\"><strong data-start=\"927\" data-end=\"937\">Dekor:<\/strong> F285 PS42 Beton Bronx<\/p>\n<\/li>\n<li data-start=\"962\" data-end=\"992\">\n<p data-start=\"964\" data-end=\"992\"><strong data-start=\"964\" data-end=\"975\">Rozmer:<\/strong> 2800 x 2070 mm<\/p>\n<\/li>\n<li data-start=\"993\" data-end=\"1014\">\n<p data-start=\"995\" data-end=\"1014\"><strong data-start=\"995\" data-end=\"1006\">Hr\u00fabka:<\/strong> 18 mm<\/p>\n<\/li>\n<li data-start=\"1015\" data-end=\"1063\">\n<p data-start=\"1017\" data-end=\"1063\"><strong data-start=\"1017\" data-end=\"1038\">Povrchov\u00e1 \u00faprava:<\/strong> PS42 \u2013 bet\u00f3nov\u00fd vzh\u013ead<\/p>\n<\/li>\n<li data-start=\"1064\" data-end=\"1098\">\n<p data-start=\"1066\" data-end=\"1098\"><strong data-start=\"1066\" data-end=\"1079\">Materi\u00e1l:<\/strong> Drevotrieska DTD<\/p>\n<\/li>\n<li data-start=\"1099\" data-end=\"1129\">\n<p data-start=\"1101\" data-end=\"1129\"><strong data-start=\"1101\" data-end=\"1122\">Cena s DPH na m\u00b2:<\/strong> 9,21 \u20ac<\/p>\n<\/li>\n<\/ul>\n","protected":false},"excerpt":{"rendered":"<p>Dekorat\u00edvna DTD doska 18 mm v dekore Beton Bronx s bet\u00f3nov\u00fdm vzh\u013eadom PS42 \u2013 ide\u00e1lna na v\u00fdrobu modern\u00e9ho n\u00e1bytku a interi\u00e9rov\u00fdch prvkov s industri\u00e1lnym n\u00e1dychom.<\/p>\n","protected":false},"featured_media":1361,"comment_status":"open","ping_status":"closed","template":"","meta":[],"product_brand":[],"product_cat":[74],"product_tag":[],"class_list":{"0":"post-1362","1":"product","2":"type-product","3":"status-publish","4":"has-post-thumbnail","6":"product_cat-dtdl-kastamonu-2800x2070","8":"first","9":"instock","10":"shipping-taxable","11":"purchasable","12":"product-type-simple","13":"customify-col"},"_links":{"self":[{"href":"https:\/\/mikramt.sk\/index.php?rest_route=\/wp\/v2\/product\/1362","targetHints":{"allow":["GET"]}}],"collection":[{"href":"https:\/\/mikramt.sk\/index.php?rest_route=\/wp\/v2\/product"}],"about":[{"href":"https:\/\/mikramt.sk\/index.php?rest_route=\/wp\/v2\/types\/product"}],"replies":[{"embeddable":true,"href":"https:\/\/mikramt.sk\/index.php?rest_route=%2Fwp%2Fv2%2Fcomments&post=1362"}],"wp:featuredmedia":[{"embeddable":true,"href":"https:\/\/mikramt.sk\/index.php?rest_route=\/wp\/v2\/media\/1361"}],"wp:attachment":[{"href":"https:\/\/mikramt.sk\/index.php?rest_route=%2Fwp%2Fv2%2Fmedia&parent=1362"}],"wp:term":[{"taxonomy":"product_brand","embeddable":true,"href":"https:\/\/mikramt.sk\/index.php?rest_route=%2Fwp%2Fv2%2Fproduct_brand&post=1362"},{"taxonomy":"product_cat","embeddable":true,"href":"https:\/\/mikramt.sk\/index.php?rest_route=%2Fwp%2Fv2%2Fproduct_cat&post=1362"},{"taxonomy":"product_tag","embeddable":true,"href":"https:\/\/mikramt.sk\/index.php?rest_route=%2Fwp%2Fv2%2Fproduct_tag&post=1362"}],"curies":[{"name":"wp","href":"https:\/\/api.w.org\/{rel}","templated":true}]}}