{"id":1358,"date":"2025-07-15T14:54:32","date_gmt":"2025-07-15T12:54:32","guid":{"rendered":"https:\/\/mikramt.sk\/?post_type=product&#038;p=1358"},"modified":"2026-02-15T08:30:33","modified_gmt":"2026-02-15T07:30:33","slug":"dtd-18-3025-sn-dub-sonoma","status":"publish","type":"product","link":"https:\/\/mikramt.sk\/?product=dtd-18-3025-sn-dub-sonoma","title":{"rendered":"DTD 18  3025 SN Dub Sonoma"},"content":{"rendered":"<p data-start=\"158\" data-end=\"483\">Drevotrieskov\u00e1 doska (DTD) v dekore <strong data-start=\"194\" data-end=\"216\">3025 SN Dub Sonoma<\/strong> s povrchovou \u00fapravou <strong data-start=\"238\" data-end=\"270\">SN (\u0161trukt\u00fara jemn\u00e9ho dreva)<\/strong> je jednou z najob\u013e\u00fabenej\u0161\u00edch volieb pre svetl\u00e9 a harmonick\u00e9 interi\u00e9ry. Tento dekor vynik\u00e1 jemnou kresbou duba v pr\u00edrodn\u00fdch t\u00f3noch, ktor\u00e9 vytv\u00e1raj\u00fa pocit tepla a \u00fatulnosti, ide\u00e1lny pre modern\u00fd aj klasick\u00fd n\u00e1bytok.<\/p>\n<p data-start=\"485\" data-end=\"813\">S hr\u00fabkou <strong data-start=\"495\" data-end=\"504\">18 mm<\/strong> a rozmermi <strong data-start=\"516\" data-end=\"534\">2800 \u00d7 2070 mm<\/strong> poskytuje t\u00e1to doska vysok\u00fa stabilitu a pevnos\u0165. Povrchov\u00e1 \u0161trukt\u00fara SN dod\u00e1va materi\u00e1lu decentn\u00fd dreven\u00fd vzh\u013ead a z\u00e1rove\u0148 je praktick\u00e1 \u2013 odoln\u00e1 vo\u010di be\u017en\u00e9mu opotrebovaniu a \u013eahko udr\u017eiavate\u013en\u00e1. Ide\u00e1lna vo\u013eba pre v\u00fdrobu skriniek, pol\u00edc, pracovn\u00fdch dosiek \u010di obkladov\u00fdch panelov.<\/p>\n<ul data-start=\"815\" data-end=\"1022\">\n<li data-start=\"815\" data-end=\"848\">\n<p data-start=\"817\" data-end=\"848\"><strong data-start=\"817\" data-end=\"827\">Dekor:<\/strong> 3025 SN Dub Sonoma<\/p>\n<\/li>\n<li data-start=\"849\" data-end=\"879\">\n<p data-start=\"851\" data-end=\"879\"><strong data-start=\"851\" data-end=\"862\">Rozmer:<\/strong> 2800 x 2070 mm<\/p>\n<\/li>\n<li data-start=\"880\" data-end=\"901\">\n<p data-start=\"882\" data-end=\"901\"><strong data-start=\"882\" data-end=\"893\">Hr\u00fabka:<\/strong> 18 mm<\/p>\n<\/li>\n<li data-start=\"902\" data-end=\"956\">\n<p data-start=\"904\" data-end=\"956\"><strong data-start=\"904\" data-end=\"925\">Povrchov\u00e1 \u00faprava:<\/strong> SN \u2013 jemn\u00e1 dreven\u00e1 \u0161trukt\u00fara<\/p>\n<\/li>\n<li data-start=\"957\" data-end=\"991\">\n<p data-start=\"959\" data-end=\"991\"><strong data-start=\"959\" data-end=\"972\">Materi\u00e1l:<\/strong> Drevotrieska DTD<\/p>\n<\/li>\n<li data-start=\"992\" data-end=\"1022\">\n<p data-start=\"994\" data-end=\"1022\"><strong data-start=\"994\" data-end=\"1015\">Cena s DPH na m\u00b2:<\/strong> 9,21 \u20ac<\/p>\n<\/li>\n<\/ul>\n","protected":false},"excerpt":{"rendered":"<p data-start=\"1029\" data-end=\"1209\">Dekorat\u00edvna DTD doska 18 mm v pr\u00edrodnom dekore Dub Sonoma so \u0161trukt\u00farou jemn\u00e9ho dreva SN \u2013 ide\u00e1lna pre svetl\u00fd a \u00fatuln\u00fd n\u00e1bytok do dom\u00e1cnost\u00ed aj kancel\u00e1ri\u00ed.<\/p>\n","protected":false},"featured_media":1359,"comment_status":"open","ping_status":"closed","template":"","meta":[],"product_brand":[],"product_cat":[66],"product_tag":[],"class_list":{"0":"post-1358","1":"product","2":"type-product","3":"status-publish","4":"has-post-thumbnail","6":"product_cat-dtdl-bucina","8":"first","9":"instock","10":"shipping-taxable","11":"purchasable","12":"product-type-simple","13":"customify-col"},"_links":{"self":[{"href":"https:\/\/mikramt.sk\/index.php?rest_route=\/wp\/v2\/product\/1358","targetHints":{"allow":["GET"]}}],"collection":[{"href":"https:\/\/mikramt.sk\/index.php?rest_route=\/wp\/v2\/product"}],"about":[{"href":"https:\/\/mikramt.sk\/index.php?rest_route=\/wp\/v2\/types\/product"}],"replies":[{"embeddable":true,"href":"https:\/\/mikramt.sk\/index.php?rest_route=%2Fwp%2Fv2%2Fcomments&post=1358"}],"wp:featuredmedia":[{"embeddable":true,"href":"https:\/\/mikramt.sk\/index.php?rest_route=\/wp\/v2\/media\/1359"}],"wp:attachment":[{"href":"https:\/\/mikramt.sk\/index.php?rest_route=%2Fwp%2Fv2%2Fmedia&parent=1358"}],"wp:term":[{"taxonomy":"product_brand","embeddable":true,"href":"https:\/\/mikramt.sk\/index.php?rest_route=%2Fwp%2Fv2%2Fproduct_brand&post=1358"},{"taxonomy":"product_cat","embeddable":true,"href":"https:\/\/mikramt.sk\/index.php?rest_route=%2Fwp%2Fv2%2Fproduct_cat&post=1358"},{"taxonomy":"product_tag","embeddable":true,"href":"https:\/\/mikramt.sk\/index.php?rest_route=%2Fwp%2Fv2%2Fproduct_tag&post=1358"}],"curies":[{"name":"wp","href":"https:\/\/api.w.org\/{rel}","templated":true}]}}