{"id":1348,"date":"2025-07-15T14:25:23","date_gmt":"2025-07-15T12:25:23","guid":{"rendered":"https:\/\/mikramt.sk\/?post_type=product&#038;p=1348"},"modified":"2025-07-15T14:26:11","modified_gmt":"2025-07-15T12:26:11","slug":"dtd-18-5981-bs-cashmere","status":"publish","type":"product","link":"https:\/\/mikramt.sk\/?product=dtd-18-5981-bs-cashmere","title":{"rendered":"DTD 18  5981 BS Cashmere"},"content":{"rendered":"<p data-start=\"190\" data-end=\"468\">Drevotrieskov\u00e1 doska (DTD) v dekore <strong data-start=\"226\" data-end=\"246\">5981 BS Cashmere<\/strong> s jemne \u0161trukt\u00farovan\u00fdm povrchom <strong data-start=\"279\" data-end=\"302\">BS (jemn\u00e1 perli\u010dka)<\/strong> je vynikaj\u00facou vo\u013ebou pre modern\u00fa v\u00fdrobu n\u00e1bytku a interi\u00e9rov\u00fdch prvkov. Elegantn\u00fd odtie\u0148 <strong data-start=\"393\" data-end=\"405\">Cashmere<\/strong> prin\u00e1\u0161a do priestoru decentn\u00fa hrejivos\u0165 a nad\u010dasov\u00fa estetiku.<\/p>\n<p data-start=\"470\" data-end=\"742\">Doska m\u00e1 hr\u00fabku <strong data-start=\"486\" data-end=\"495\">18 mm<\/strong> a rozmery <strong data-start=\"506\" data-end=\"524\">2800 x 2070 mm<\/strong>, \u010do zabezpe\u010duje dobr\u00fa stabilitu a pevnos\u0165 pri v\u00fdrobe korpusov, dvierok \u010di in\u00fdch pl\u00f4ch. Povrch BS je pr\u00edjemn\u00fd na dotyk a z\u00e1rove\u0148 odoln\u00fd, \u010d\u00edm sa hod\u00ed do ka\u017edodenn\u00e9ho pou\u017e\u00edvania v dom\u00e1cnostiach aj komer\u010dn\u00fdch priestoroch.<\/p>\n<ul data-start=\"744\" data-end=\"940\">\n<li data-start=\"744\" data-end=\"775\">\n<p data-start=\"746\" data-end=\"775\"><strong data-start=\"746\" data-end=\"756\">Dekor:<\/strong> 5981 BS Cashmere<\/p>\n<\/li>\n<li data-start=\"776\" data-end=\"806\">\n<p data-start=\"778\" data-end=\"806\"><strong data-start=\"778\" data-end=\"789\">Rozmer:<\/strong> 2800 x 2070 mm<\/p>\n<\/li>\n<li data-start=\"807\" data-end=\"828\">\n<p data-start=\"809\" data-end=\"828\"><strong data-start=\"809\" data-end=\"820\">Hr\u00fabka:<\/strong> 18 mm<\/p>\n<\/li>\n<li data-start=\"829\" data-end=\"874\">\n<p data-start=\"831\" data-end=\"874\"><strong data-start=\"831\" data-end=\"852\">Povrchov\u00e1 \u00faprava:<\/strong> BS \u2013 jemn\u00e1 perli\u010dka<\/p>\n<\/li>\n<li data-start=\"875\" data-end=\"909\">\n<p data-start=\"877\" data-end=\"909\"><strong data-start=\"877\" data-end=\"890\">Materi\u00e1l:<\/strong> Drevotrieska DTD<\/p>\n<\/li>\n<li data-start=\"910\" data-end=\"940\">\n<p data-start=\"912\" data-end=\"940\"><strong data-start=\"912\" data-end=\"933\">Cena s DPH na m\u00b2:<\/strong> 7,65 \u20ac<\/p>\n<\/li>\n<\/ul>\n","protected":false},"excerpt":{"rendered":"<p>Dekorat\u00edvna DTD doska 18 mm v dekore Cashmere s jemne perli\u010dkov\u00fdm povrchom BS \u2013 ide\u00e1lna na v\u00fdrobu modern\u00e9ho n\u00e1bytku a interi\u00e9rov\u00fdch komponentov.<\/p>\n","protected":false},"featured_media":1349,"comment_status":"open","ping_status":"closed","template":"","meta":[],"product_brand":[],"product_cat":[66],"product_tag":[],"class_list":{"0":"post-1348","1":"product","2":"type-product","3":"status-publish","4":"has-post-thumbnail","6":"product_cat-dtdl-bucina","8":"first","9":"instock","10":"shipping-taxable","11":"purchasable","12":"product-type-simple","13":"customify-col","14":"product-has-gallery"},"_links":{"self":[{"href":"https:\/\/mikramt.sk\/index.php?rest_route=\/wp\/v2\/product\/1348","targetHints":{"allow":["GET"]}}],"collection":[{"href":"https:\/\/mikramt.sk\/index.php?rest_route=\/wp\/v2\/product"}],"about":[{"href":"https:\/\/mikramt.sk\/index.php?rest_route=\/wp\/v2\/types\/product"}],"replies":[{"embeddable":true,"href":"https:\/\/mikramt.sk\/index.php?rest_route=%2Fwp%2Fv2%2Fcomments&post=1348"}],"wp:featuredmedia":[{"embeddable":true,"href":"https:\/\/mikramt.sk\/index.php?rest_route=\/wp\/v2\/media\/1349"}],"wp:attachment":[{"href":"https:\/\/mikramt.sk\/index.php?rest_route=%2Fwp%2Fv2%2Fmedia&parent=1348"}],"wp:term":[{"taxonomy":"product_brand","embeddable":true,"href":"https:\/\/mikramt.sk\/index.php?rest_route=%2Fwp%2Fv2%2Fproduct_brand&post=1348"},{"taxonomy":"product_cat","embeddable":true,"href":"https:\/\/mikramt.sk\/index.php?rest_route=%2Fwp%2Fv2%2Fproduct_cat&post=1348"},{"taxonomy":"product_tag","embeddable":true,"href":"https:\/\/mikramt.sk\/index.php?rest_route=%2Fwp%2Fv2%2Fproduct_tag&post=1348"}],"curies":[{"name":"wp","href":"https:\/\/api.w.org\/{rel}","templated":true}]}}