{"id":1131,"date":"2025-07-03T12:34:36","date_gmt":"2025-07-03T10:34:36","guid":{"rendered":"https:\/\/mikramt.sk\/?post_type=product&#038;p=1131"},"modified":"2025-07-15T12:04:18","modified_gmt":"2025-07-15T10:04:18","slug":"blum-antaro-drziak-chrbta-m-biely-z30m000s-68-mm","status":"publish","type":"product","link":"https:\/\/mikramt.sk\/?product=blum-antaro-drziak-chrbta-m-biely-z30m000s-68-mm","title":{"rendered":"ANT dr\u017e chrbta Z30M000S 9001 HODV BIELY  (PARx)"},"content":{"rendered":"<p data-start=\"0\" data-end=\"360\">Dr\u017eiak chrbta BLUM ANTARO Z30M000S je ur\u010den\u00fd pre upevnenie drevenej zadnej steny z\u00e1suvky syst\u00e9mu TANDEMBOX vo v\u00fd\u0161ke M (68 mm). Vyhotoven\u00fd z kvalitnej ocele s hodv\u00e1bne bielou povrchovou \u00fapravou, poskytuje spo\u013eahliv\u00fa podporu pre stabiln\u00fa mont\u00e1\u017e zadnej \u010dasti z\u00e1suvky na \u013eav\u00fa aj prav\u00fa stranu.<\/p>\n<p data-start=\"362\" data-end=\"385\"><strong data-start=\"362\" data-end=\"385\">K\u013e\u00fa\u010dov\u00e9 vlastnosti:<\/strong><\/p>\n<ul data-start=\"386\" data-end=\"610\">\n<li data-start=\"386\" data-end=\"418\">\n<p data-start=\"388\" data-end=\"418\"><strong data-start=\"388\" data-end=\"399\">Syst\u00e9m:<\/strong> TANDEMBOX ANTARO<\/p>\n<\/li>\n<li data-start=\"419\" data-end=\"499\">\n<p data-start=\"421\" data-end=\"499\"><strong data-start=\"421\" data-end=\"435\">Typ v\u00fd\u0161ky:<\/strong> M (v\u00fd\u0161ka dr\u017eiaka 68 mm, potrebn\u00fd priestor v korpuse: 96,5 mm)<\/p>\n<\/li>\n<li data-start=\"500\" data-end=\"522\">\n<p data-start=\"502\" data-end=\"522\"><strong data-start=\"502\" data-end=\"515\">Materi\u00e1l:<\/strong> Oce\u013e<\/p>\n<\/li>\n<li data-start=\"523\" data-end=\"552\">\n<p data-start=\"525\" data-end=\"552\"><strong data-start=\"525\" data-end=\"535\">Farba:<\/strong> Hodv\u00e1bna biela<\/p>\n<\/li>\n<li data-start=\"553\" data-end=\"589\">\n<p data-start=\"555\" data-end=\"589\"><strong data-start=\"555\" data-end=\"566\">Mont\u00e1\u017e:<\/strong> \u013dav\u00e1 aj prav\u00e1 strana<\/p>\n<\/li>\n<li data-start=\"590\" data-end=\"610\">\n<p data-start=\"592\" data-end=\"610\"><strong data-start=\"592\" data-end=\"604\">Balenie:<\/strong> P\u00e1r<\/p>\n<\/li>\n<\/ul>\n","protected":false},"excerpt":{"rendered":"<p>Dr\u017eiak chrbta BLUM ANTARO Z30M000S vo v\u00fd\u0161ke M pre TANDEMBOX z\u00e1suvky, hodv\u00e1bne biely, vhodn\u00fd na \u013eav\u00fa a prav\u00fa stranu.<\/p>\n","protected":false},"featured_media":1132,"comment_status":"open","ping_status":"closed","template":"","meta":[],"product_brand":[],"product_cat":[45],"product_tag":[],"class_list":{"0":"post-1131","1":"product","2":"type-product","3":"status-publish","4":"has-post-thumbnail","6":"product_cat-drziaky-chrbta","8":"first","9":"instock","10":"shipping-taxable","11":"purchasable","12":"product-type-simple","13":"customify-col","14":"product-has-gallery"},"_links":{"self":[{"href":"https:\/\/mikramt.sk\/index.php?rest_route=\/wp\/v2\/product\/1131","targetHints":{"allow":["GET"]}}],"collection":[{"href":"https:\/\/mikramt.sk\/index.php?rest_route=\/wp\/v2\/product"}],"about":[{"href":"https:\/\/mikramt.sk\/index.php?rest_route=\/wp\/v2\/types\/product"}],"replies":[{"embeddable":true,"href":"https:\/\/mikramt.sk\/index.php?rest_route=%2Fwp%2Fv2%2Fcomments&post=1131"}],"wp:featuredmedia":[{"embeddable":true,"href":"https:\/\/mikramt.sk\/index.php?rest_route=\/wp\/v2\/media\/1132"}],"wp:attachment":[{"href":"https:\/\/mikramt.sk\/index.php?rest_route=%2Fwp%2Fv2%2Fmedia&parent=1131"}],"wp:term":[{"taxonomy":"product_brand","embeddable":true,"href":"https:\/\/mikramt.sk\/index.php?rest_route=%2Fwp%2Fv2%2Fproduct_brand&post=1131"},{"taxonomy":"product_cat","embeddable":true,"href":"https:\/\/mikramt.sk\/index.php?rest_route=%2Fwp%2Fv2%2Fproduct_cat&post=1131"},{"taxonomy":"product_tag","embeddable":true,"href":"https:\/\/mikramt.sk\/index.php?rest_route=%2Fwp%2Fv2%2Fproduct_tag&post=1131"}],"curies":[{"name":"wp","href":"https:\/\/api.w.org\/{rel}","templated":true}]}}