{"id":1111,"date":"2025-06-27T11:25:23","date_gmt":"2025-06-27T09:25:23","guid":{"rendered":"https:\/\/mikramt.sk\/?post_type=product&#038;p=1111"},"modified":"2025-07-15T12:05:11","modified_gmt":"2025-07-15T10:05:11","slug":"1111","status":"publish","type":"product","link":"https:\/\/mikramt.sk\/?product=1111","title":{"rendered":"CLIP top z\u00e1ves 110 nalo 71T3550  (KSx)"},"content":{"rendered":"<p data-start=\"68\" data-end=\"443\">Z\u00e1ves BLUM CLIP top 71T3550 s uhlom otvorenia 110\u00b0 predstavuje spo\u013eahliv\u00e9 rie\u0161enie pre modern\u00fd n\u00e1bytok. Je vybaven\u00fd integrovan\u00fdm tlmen\u00edm BLUMOTION, ktor\u00e9 zabezpe\u010duje tich\u00e9 a plynul\u00e9 zatv\u00e1ranie dvierok, pri\u010dom funkciu tlmenia mo\u017eno deaktivova\u0165. V\u010faka komfortn\u00e9mu nastaveniu h\u013abky pomocou \u0161nekov\u00e9ho z\u00e1vitu a trojsmern\u00e9mu nastaveniu je ide\u00e1lny pre presn\u00fa mont\u00e1\u017e a prisp\u00f4sobenie.<\/p>\n<p data-start=\"68\" data-end=\"443\">Tento model je vhodn\u00e9 kombinova\u0165 s podlo\u017ekami BLUM 173L6100 a 173H7100. Podlo\u017eky je potrebn\u00e9 doobjedna\u0165 samostatne.<\/p>\n<hr data-start=\"445\" data-end=\"448\" \/>\n<p data-start=\"450\" data-end=\"473\"><strong data-start=\"450\" data-end=\"473\">K\u013e\u00fa\u010dov\u00e9 vlastnosti:<\/strong><\/p>\n<ul data-start=\"475\" data-end=\"977\">\n<li data-start=\"475\" data-end=\"503\">\n<p data-start=\"477\" data-end=\"503\"><strong data-start=\"477\" data-end=\"492\">Typ z\u00e1vesu:<\/strong> Nalo\u017een\u00fd<\/p>\n<\/li>\n<li data-start=\"504\" data-end=\"540\">\n<p data-start=\"506\" data-end=\"540\"><strong data-start=\"506\" data-end=\"517\">Syst\u00e9m:<\/strong> CLIP top s BLUMOTION<\/p>\n<\/li>\n<li data-start=\"541\" data-end=\"569\">\n<p data-start=\"543\" data-end=\"569\"><strong data-start=\"543\" data-end=\"562\">Uhol otvorenia:<\/strong> 110\u00b0<\/p>\n<\/li>\n<li data-start=\"570\" data-end=\"621\">\n<p data-start=\"572\" data-end=\"621\"><strong data-start=\"572\" data-end=\"584\">Tlmenie:<\/strong> \u00c1no, integrovan\u00e9 (deaktivovate\u013en\u00e9)<\/p>\n<\/li>\n<li data-start=\"622\" data-end=\"656\">\n<p data-start=\"624\" data-end=\"656\"><strong data-start=\"624\" data-end=\"650\">Zatv\u00e1racia automatika:<\/strong> \u00c1no<\/p>\n<\/li>\n<li data-start=\"657\" data-end=\"683\">\n<p data-start=\"659\" data-end=\"683\"><strong data-start=\"659\" data-end=\"670\">Mont\u00e1\u017e:<\/strong> Na skrutky<\/p>\n<\/li>\n<li data-start=\"684\" data-end=\"725\">\n<p data-start=\"686\" data-end=\"725\"><strong data-start=\"686\" data-end=\"699\">Materi\u00e1l:<\/strong> Oce\u013e, poniklovan\u00e1 miska<\/p>\n<\/li>\n<li data-start=\"726\" data-end=\"799\">\n<p data-start=\"728\" data-end=\"799\"><strong data-start=\"728\" data-end=\"743\">Nastavenie:<\/strong> V\u00fd\u0161kovo, h\u013abkovo (\u0161nekov\u00fd z\u00e1vit), bo\u010dne (s podlo\u017ekou)<\/p>\n<\/li>\n<li data-start=\"800\" data-end=\"846\">\n<p data-start=\"802\" data-end=\"846\"><strong data-start=\"802\" data-end=\"823\">Demont\u00e1\u017e dvierok:<\/strong> Bez pou\u017eitia n\u00e1radia<\/p>\n<\/li>\n<li data-start=\"847\" data-end=\"916\">\n<p data-start=\"849\" data-end=\"916\"><strong data-start=\"849\" data-end=\"867\">Kompatibilita:<\/strong> So v\u0161etk\u00fdmi be\u017en\u00fdmi mont\u00e1\u017enymi podlo\u017ekami BLUM<\/p>\n<\/li>\n<li data-start=\"917\" data-end=\"977\">\n<p data-start=\"919\" data-end=\"977\"><strong data-start=\"919\" data-end=\"938\">Verzia INSERTA:<\/strong> Mo\u017enos\u0165 bezn\u00e1strojovej mont\u00e1\u017ee misky<\/p>\n<\/li>\n<\/ul>\n<hr data-start=\"979\" data-end=\"982\" \/>\n<p data-start=\"984\" data-end=\"1008\"><strong data-start=\"984\" data-end=\"1008\">Technick\u00e9 parametre:<\/strong><\/p>\n<ul data-start=\"1010\" data-end=\"1238\">\n<li data-start=\"1010\" data-end=\"1040\">\n<p data-start=\"1012\" data-end=\"1040\"><strong data-start=\"1012\" data-end=\"1030\">V\u00fdrobn\u00e9 \u010d\u00edslo:<\/strong> 71T3550<\/p>\n<\/li>\n<li data-start=\"1041\" data-end=\"1069\">\n<p data-start=\"1043\" data-end=\"1069\"><strong data-start=\"1043\" data-end=\"1058\">Typ dorazu:<\/strong> Nalo\u017een\u00fd<\/p>\n<\/li>\n<li data-start=\"1070\" data-end=\"1092\">\n<p data-start=\"1072\" data-end=\"1092\"><strong data-start=\"1072\" data-end=\"1085\">Vyhnutie:<\/strong> 0 mm<\/p>\n<\/li>\n<li data-start=\"1093\" data-end=\"1140\">\n<p data-start=\"1095\" data-end=\"1140\"><strong data-start=\"1095\" data-end=\"1114\">Sp\u00f4sob mont\u00e1\u017ee:<\/strong> Skrutky do drevotriesky<\/p>\n<\/li>\n<li data-start=\"1141\" data-end=\"1172\">\n<p data-start=\"1143\" data-end=\"1172\"><strong data-start=\"1143\" data-end=\"1159\">Vyhotovenie:<\/strong> S pru\u017einou<\/p>\n<\/li>\n<li data-start=\"1173\" data-end=\"1214\">\n<p data-start=\"1175\" data-end=\"1214\"><strong data-start=\"1175\" data-end=\"1194\">Materi\u00e1l misky:<\/strong> Oce\u013e, poniklovan\u00e1<\/p>\n<\/li>\n<\/ul>\n<p>Dostupn\u00e9 aj v balen\u00ed po 250 ks.<\/p>\n","protected":false},"excerpt":{"rendered":"<p>Kvalitn\u00fd z\u00e1ves BLUM CLIP top 110\u00b0 s tlmen\u00edm BLUMOTION pre nalo\u017een\u00e9 dvierka. Mont\u00e1\u017e na skrutky, pohodln\u00e9 trojsmern\u00e9 nastavenie, poniklovan\u00e9 prevedenie.<\/p>\n<p>Tento model je vhodn\u00e9 kombinova\u0165 s podlo\u017ekami BLUM 173L6100 a 173H7100. Podlo\u017eky je potrebn\u00e9 doobjedna\u0165 samostatne.<\/p>\n","protected":false},"featured_media":1112,"comment_status":"open","ping_status":"closed","template":"","meta":[],"product_brand":[],"product_cat":[58],"product_tag":[],"class_list":{"0":"post-1111","1":"product","2":"type-product","3":"status-publish","4":"has-post-thumbnail","6":"product_cat-zaves-clip-s-pruzinou","8":"first","9":"instock","10":"shipping-taxable","11":"purchasable","12":"product-type-simple","13":"customify-col"},"_links":{"self":[{"href":"https:\/\/mikramt.sk\/index.php?rest_route=\/wp\/v2\/product\/1111","targetHints":{"allow":["GET"]}}],"collection":[{"href":"https:\/\/mikramt.sk\/index.php?rest_route=\/wp\/v2\/product"}],"about":[{"href":"https:\/\/mikramt.sk\/index.php?rest_route=\/wp\/v2\/types\/product"}],"replies":[{"embeddable":true,"href":"https:\/\/mikramt.sk\/index.php?rest_route=%2Fwp%2Fv2%2Fcomments&post=1111"}],"wp:featuredmedia":[{"embeddable":true,"href":"https:\/\/mikramt.sk\/index.php?rest_route=\/wp\/v2\/media\/1112"}],"wp:attachment":[{"href":"https:\/\/mikramt.sk\/index.php?rest_route=%2Fwp%2Fv2%2Fmedia&parent=1111"}],"wp:term":[{"taxonomy":"product_brand","embeddable":true,"href":"https:\/\/mikramt.sk\/index.php?rest_route=%2Fwp%2Fv2%2Fproduct_brand&post=1111"},{"taxonomy":"product_cat","embeddable":true,"href":"https:\/\/mikramt.sk\/index.php?rest_route=%2Fwp%2Fv2%2Fproduct_cat&post=1111"},{"taxonomy":"product_tag","embeddable":true,"href":"https:\/\/mikramt.sk\/index.php?rest_route=%2Fwp%2Fv2%2Fproduct_tag&post=1111"}],"curies":[{"name":"wp","href":"https:\/\/api.w.org\/{rel}","templated":true}]}}