{"id":1060,"date":"2025-06-26T16:44:35","date_gmt":"2025-06-26T14:44:35","guid":{"rendered":"https:\/\/mikramt.sk\/?post_type=product&#038;p=1060"},"modified":"2025-07-15T12:17:09","modified_gmt":"2025-07-15T10:17:09","slug":"sparta-plus-lux-1b1d-volcano-780x480x190-92v","status":"publish","type":"product","link":"https:\/\/mikramt.sk\/?product=sparta-plus-lux-1b1d-volcano-780x480x190-92v","title":{"rendered":"SPARTA PLUS LUX  1B1D      780x480x190 \/ 92v  Volcano (sada)"},"content":{"rendered":"<p data-start=\"215\" data-end=\"521\">Kvalitn\u00fd granitov\u00fd jednodrez s odkvapovou plochou a pr\u00e9miov\u00fdm pr\u00edslu\u0161enstvom. Model <strong data-start=\"299\" data-end=\"342\">Pyramis SPARTA PLUS LUX (78\u00d748) VOLCANO<\/strong> predstavuje spo\u013eahliv\u00e9 a dizajnovo \u010dist\u00e9 rie\u0161enie pre stol\u00e1rov a kuchynsk\u00fdch mont\u00e9rov. Univerz\u00e1lna in\u0161tal\u00e1cia (prav\u00e1\/\u013eav\u00e1 orient\u00e1cia odkvapu) zabezpe\u010duje flexibilitu pri mont\u00e1\u017ei.<\/p>\n<p data-start=\"523\" data-end=\"547\"><strong data-start=\"523\" data-end=\"547\">Technick\u00e9 parametre:<\/strong><\/p>\n<ul data-start=\"548\" data-end=\"849\">\n<li data-start=\"548\" data-end=\"583\">\n<p data-start=\"550\" data-end=\"583\"><strong data-start=\"550\" data-end=\"568\">Rozmery drezu:<\/strong> 780 \u00d7 480 mm<\/p>\n<\/li>\n<li data-start=\"584\" data-end=\"621\">\n<p data-start=\"586\" data-end=\"621\"><strong data-start=\"586\" data-end=\"606\">Rozmery vani\u010dky:<\/strong> 400 \u00d7 400 mm<\/p>\n<\/li>\n<li data-start=\"622\" data-end=\"651\">\n<p data-start=\"624\" data-end=\"651\"><strong data-start=\"624\" data-end=\"642\">H\u013abka vani\u010dky:<\/strong> 190 mm<\/p>\n<\/li>\n<li data-start=\"652\" data-end=\"688\">\n<p data-start=\"654\" data-end=\"688\"><strong data-start=\"654\" data-end=\"673\">Rozmery v\u00fdrezu:<\/strong> 760 \u00d7 460 mm<\/p>\n<\/li>\n<li data-start=\"689\" data-end=\"727\">\n<p data-start=\"691\" data-end=\"727\"><strong data-start=\"691\" data-end=\"719\">Minim\u00e1lna \u0161\u00edrka skrinky:<\/strong> 50 cm<\/p>\n<\/li>\n<li data-start=\"728\" data-end=\"769\">\n<p data-start=\"730\" data-end=\"769\"><strong data-start=\"730\" data-end=\"741\">Mont\u00e1\u017e:<\/strong> Horn\u00e1 (na pracovn\u00fa dosku)<\/p>\n<\/li>\n<li data-start=\"770\" data-end=\"849\">\n<p data-start=\"772\" data-end=\"849\"><strong data-start=\"772\" data-end=\"787\">Orient\u00e1cia:<\/strong> Univerz\u00e1lna (odtokov\u00e1 doska vpravo\/v\u013eavo \u2013 oto\u010dite\u013en\u00fd drez)<\/p>\n<\/li>\n<\/ul>\n<p data-start=\"851\" data-end=\"864\"><strong data-start=\"851\" data-end=\"864\">Materi\u00e1l:<\/strong><\/p>\n<ul data-start=\"865\" data-end=\"1021\">\n<li data-start=\"865\" data-end=\"951\">\n<p data-start=\"867\" data-end=\"951\"><strong data-start=\"867\" data-end=\"880\">Zlo\u017eenie:<\/strong> cca 80 % pr\u00edrodn\u00fd kremi\u010dit\u00fd piesok a 20 % zahusten\u00fd polymetylakryl\u00e1t<\/p>\n<\/li>\n<li data-start=\"952\" data-end=\"1021\">\n<p data-start=\"954\" data-end=\"1021\"><strong data-start=\"954\" data-end=\"967\">Odolnos\u0165:<\/strong> vysok\u00e1 odolnos\u0165 vo\u010di kr\u00e1tkodob\u00fdm teplot\u00e1m do 280 \u00b0C<\/p>\n<\/li>\n<\/ul>\n<p data-start=\"1023\" data-end=\"1041\"><strong data-start=\"1023\" data-end=\"1041\">Obsah balenia:<\/strong><\/p>\n<ul data-start=\"1042\" data-end=\"1217\">\n<li data-start=\"1072\" data-end=\"1121\">\n<p data-start=\"1074\" data-end=\"1121\">2 otvory: pre bat\u00e9riu a excentrick\u00e9 ovl\u00e1danie<\/p>\n<\/li>\n<li data-start=\"1122\" data-end=\"1156\">\n<p data-start=\"1124\" data-end=\"1156\">3 \u00bd&#8220; sitkov\u00fd ventil s prepadom<\/p>\n<\/li>\n<li data-start=\"1157\" data-end=\"1217\">\n<p data-start=\"1159\" data-end=\"1217\">Priestorovo \u00fasporn\u00fd sif\u00f3n s pr\u00edpravou pre um\u00fdva\u010dku riadu<\/p>\n<\/li>\n<\/ul>\n<p data-start=\"1219\" data-end=\"1230\"><strong data-start=\"1219\" data-end=\"1230\">V\u00fdhody:<\/strong><\/p>\n<ul data-start=\"1231\" data-end=\"1443\">\n<li data-start=\"1231\" data-end=\"1290\">\n<p data-start=\"1233\" data-end=\"1290\">Vysok\u00e1 odolnos\u0165 proti teplu, po\u0161kriabaniu a chemik\u00e1li\u00e1m<\/p>\n<\/li>\n<li data-start=\"1291\" data-end=\"1377\">\n<p data-start=\"1293\" data-end=\"1377\">Nad\u010dasov\u00fd vzh\u013ead v odtieni <strong data-start=\"1320\" data-end=\"1331\">VOLCANO<\/strong> \u2013 ide\u00e1lne pre modern\u00e9 aj rustik\u00e1lne kuchyne<\/p>\n<\/li>\n<li data-start=\"1378\" data-end=\"1443\">\n<p data-start=\"1380\" data-end=\"1443\">Dod\u00e1van\u00fd s praktick\u00fdm pr\u00edslu\u0161enstvom pre komfortn\u00e9 pou\u017e\u00edvanie<\/p>\n<\/li>\n<\/ul>\n<p data-start=\"1445\" data-end=\"1491\"><strong data-start=\"1445\" data-end=\"1457\">V\u00fdrobca:<\/strong> Pyramis<\/p>\n","protected":false},"excerpt":{"rendered":"<p>Granitov\u00fd drez Pyramis SPARTA PLUS LUX (VOLCANO) s univerz\u00e1lnym odkvapom a h\u013abkou 190 mm je ide\u00e1lny pre kuchyne od 50 cm \u0161\u00edrky. Vynik\u00e1 vysokou odolnos\u0165ou, oto\u010dnou mont\u00e1\u017eou a praktick\u00fdm pr\u00edslu\u0161enstvom v cene.<\/p>\n","protected":false},"featured_media":1099,"comment_status":"closed","ping_status":"closed","template":"","meta":[],"product_brand":[],"product_cat":[50,54],"product_tag":[],"class_list":{"0":"post-1060","1":"product","2":"type-product","3":"status-publish","4":"has-post-thumbnail","6":"product_cat-drezy-a-baterie","7":"product_cat-pyramis","8":"pa_vlastnosti-rozmery-material-pouzitie","10":"first","11":"instock","12":"purchasable","13":"product-type-simple","14":"customify-col"},"_links":{"self":[{"href":"https:\/\/mikramt.sk\/index.php?rest_route=\/wp\/v2\/product\/1060","targetHints":{"allow":["GET"]}}],"collection":[{"href":"https:\/\/mikramt.sk\/index.php?rest_route=\/wp\/v2\/product"}],"about":[{"href":"https:\/\/mikramt.sk\/index.php?rest_route=\/wp\/v2\/types\/product"}],"replies":[{"embeddable":true,"href":"https:\/\/mikramt.sk\/index.php?rest_route=%2Fwp%2Fv2%2Fcomments&post=1060"}],"wp:featuredmedia":[{"embeddable":true,"href":"https:\/\/mikramt.sk\/index.php?rest_route=\/wp\/v2\/media\/1099"}],"wp:attachment":[{"href":"https:\/\/mikramt.sk\/index.php?rest_route=%2Fwp%2Fv2%2Fmedia&parent=1060"}],"wp:term":[{"taxonomy":"product_brand","embeddable":true,"href":"https:\/\/mikramt.sk\/index.php?rest_route=%2Fwp%2Fv2%2Fproduct_brand&post=1060"},{"taxonomy":"product_cat","embeddable":true,"href":"https:\/\/mikramt.sk\/index.php?rest_route=%2Fwp%2Fv2%2Fproduct_cat&post=1060"},{"taxonomy":"product_tag","embeddable":true,"href":"https:\/\/mikramt.sk\/index.php?rest_route=%2Fwp%2Fv2%2Fproduct_tag&post=1060"}],"curies":[{"name":"wp","href":"https:\/\/api.w.org\/{rel}","templated":true}]}}