{"id":1059,"date":"2025-06-26T16:44:35","date_gmt":"2025-06-26T14:44:35","guid":{"rendered":"https:\/\/mikramt.sk\/?post_type=product&#038;p=1059"},"modified":"2025-07-11T11:57:51","modified_gmt":"2025-07-11T09:57:51","slug":"sparta-plus-lux-1b1d-black-780x480x190-92v","status":"publish","type":"product","link":"https:\/\/mikramt.sk\/?product=sparta-plus-lux-1b1d-black-780x480x190-92v","title":{"rendered":"SPARTA PLUS LUX  1B1D   Black   780x480x190 \/ 92v (sada)"},"content":{"rendered":"<p data-start=\"204\" data-end=\"500\">Kvalitn\u00fd granitov\u00fd jednodrez s odkvapovou plochou a pr\u00e9miov\u00fdm pr\u00edslu\u0161enstvom. Model <strong data-start=\"288\" data-end=\"321\">Pyramis SPARTA PLUS LUX <\/strong>predstavuje spo\u013eahliv\u00e9 a dizajnovo \u010dist\u00e9 rie\u0161enie pre stol\u00e1rov a kuchynsk\u00fdch mont\u00e9rov. Univerz\u00e1lna in\u0161tal\u00e1cia (prav\u00e1\/\u013eav\u00e1 orient\u00e1cia odkvapu) zabezpe\u010duje flexibilitu pri mont\u00e1\u017ei.<\/p>\n<hr data-start=\"502\" data-end=\"505\" \/>\n<p data-start=\"507\" data-end=\"531\"><strong data-start=\"507\" data-end=\"531\">Technick\u00e9 parametre:<\/strong><\/p>\n<ul data-start=\"533\" data-end=\"871\">\n<li data-start=\"533\" data-end=\"568\">\n<p data-start=\"535\" data-end=\"568\"><strong data-start=\"535\" data-end=\"553\">Rozmery drezu:<\/strong> 780 \u00d7 480 mm<\/p>\n<\/li>\n<li data-start=\"569\" data-end=\"606\">\n<p data-start=\"571\" data-end=\"606\"><strong data-start=\"571\" data-end=\"591\">Rozmery vani\u010dky:<\/strong> 400 \u00d7 400 mm<\/p>\n<\/li>\n<li data-start=\"607\" data-end=\"636\">\n<p data-start=\"609\" data-end=\"636\"><strong data-start=\"609\" data-end=\"627\">H\u013abka vani\u010dky:<\/strong> 190 mm<\/p>\n<\/li>\n<li data-start=\"637\" data-end=\"673\">\n<p data-start=\"639\" data-end=\"673\"><strong data-start=\"639\" data-end=\"658\">Rozmery v\u00fdrezu:<\/strong> 760 \u00d7 460 mm<\/p>\n<\/li>\n<li data-start=\"674\" data-end=\"712\">\n<p data-start=\"676\" data-end=\"712\"><strong data-start=\"676\" data-end=\"704\">Minim\u00e1lna \u0161\u00edrka skrinky:<\/strong> 50 cm<\/p>\n<\/li>\n<li data-start=\"713\" data-end=\"754\">\n<p data-start=\"715\" data-end=\"754\"><strong data-start=\"715\" data-end=\"726\">Mont\u00e1\u017e:<\/strong> Horn\u00e1 (na pracovn\u00fa dosku)<\/p>\n<\/li>\n<li data-start=\"755\" data-end=\"834\">\n<p data-start=\"757\" data-end=\"834\"><strong data-start=\"757\" data-end=\"772\">Orient\u00e1cia:<\/strong> Univerz\u00e1lna (odtokov\u00e1 doska vpravo\/v\u013eavo \u2013 oto\u010dite\u013en\u00fd drez)<\/p>\n<\/li>\n<li data-start=\"835\" data-end=\"871\">\n<p data-start=\"837\" data-end=\"871\"><strong data-start=\"837\" data-end=\"857\">Farebn\u00fd variant:<\/strong> <em data-start=\"858\" data-end=\"871\">BLACK\u00a0<\/em><\/p>\n<\/li>\n<\/ul>\n<hr data-start=\"873\" data-end=\"876\" \/>\n<p data-start=\"878\" data-end=\"891\"><strong data-start=\"878\" data-end=\"891\">Materi\u00e1l:<\/strong><\/p>\n<ul data-start=\"893\" data-end=\"1049\">\n<li data-start=\"893\" data-end=\"979\">\n<p data-start=\"895\" data-end=\"979\"><strong data-start=\"895\" data-end=\"908\">Zlo\u017eenie:<\/strong> cca 80 % pr\u00edrodn\u00fd kremi\u010dit\u00fd piesok a 20 % zahusten\u00fd polymetylakryl\u00e1t<\/p>\n<\/li>\n<li data-start=\"980\" data-end=\"1049\">\n<p data-start=\"982\" data-end=\"1049\"><strong data-start=\"982\" data-end=\"995\">Odolnos\u0165:<\/strong> vysok\u00e1 odolnos\u0165 vo\u010di kr\u00e1tkodob\u00fdm teplot\u00e1m do 280 \u00b0C<\/p>\n<\/li>\n<\/ul>\n<hr data-start=\"1051\" data-end=\"1054\" \/>\n<p data-start=\"1056\" data-end=\"1074\"><strong data-start=\"1056\" data-end=\"1074\">Obsah balenia:<\/strong><\/p>\n<ul data-start=\"1076\" data-end=\"1251\">\n<li data-start=\"1106\" data-end=\"1155\">\n<p data-start=\"1108\" data-end=\"1155\">2 otvory: pre bat\u00e9riu a excentrick\u00e9 ovl\u00e1danie<\/p>\n<\/li>\n<li data-start=\"1156\" data-end=\"1190\">\n<p data-start=\"1158\" data-end=\"1190\">3 \u00bd&#8220; sitkov\u00fd ventil s prepadom<\/p>\n<\/li>\n<li data-start=\"1191\" data-end=\"1251\">\n<p data-start=\"1193\" data-end=\"1251\">Priestorovo \u00fasporn\u00fd sif\u00f3n s pr\u00edpravou pre um\u00fdva\u010dku riadu<\/p>\n<\/li>\n<\/ul>\n<hr data-start=\"1253\" data-end=\"1256\" \/>\n<p data-start=\"1258\" data-end=\"1269\"><strong data-start=\"1258\" data-end=\"1269\">V\u00fdhody:<\/strong><\/p>\n<ul data-start=\"1271\" data-end=\"1511\">\n<li data-start=\"1271\" data-end=\"1330\">\n<p data-start=\"1273\" data-end=\"1330\">Vysok\u00e1 odolnos\u0165 proti teplu, po\u0161kriabaniu a chemik\u00e1li\u00e1m<\/p>\n<\/li>\n<li data-start=\"1331\" data-end=\"1445\">\n<p data-start=\"1333\" data-end=\"1445\">Nad\u010dasov\u00fd vzh\u013ead v elegantnom odtieni <strong data-start=\"1371\" data-end=\"1380\">BLACK<\/strong> \u2013 vhodn\u00fd pre modern\u00e9 kuchyne s d\u00f4razom na kontrast a eleganciu<\/p>\n<\/li>\n<li data-start=\"1446\" data-end=\"1511\">\n<p data-start=\"1448\" data-end=\"1511\">Dod\u00e1van\u00fd s praktick\u00fdm pr\u00edslu\u0161enstvom pre komfortn\u00e9 pou\u017e\u00edvanie<\/p>\n<\/li>\n<\/ul>\n<hr data-start=\"1513\" data-end=\"1516\" \/>\n<p data-start=\"1518\" data-end=\"1564\"><strong data-start=\"1518\" data-end=\"1530\">V\u00fdrobca:<\/strong> Pyramis<\/p>\n","protected":false},"excerpt":{"rendered":"<p>Elegantn\u00fd granitov\u00fd drez Pyramis SPARTA PLUS LUX BLACK s odkvapom a pr\u00e9miov\u00fdm pr\u00edslu\u0161enstvom. Oto\u010dite\u013en\u00fd dizajn a vysok\u00e1 odolnos\u0165 vo\u010di teplu a po\u0161kriabaniu pre modern\u00e9 kuchyne.<\/p>\n","protected":false},"featured_media":1098,"comment_status":"closed","ping_status":"closed","template":"","meta":[],"product_brand":[],"product_cat":[50,54],"product_tag":[],"class_list":{"0":"post-1059","1":"product","2":"type-product","3":"status-publish","4":"has-post-thumbnail","6":"product_cat-drezy-a-baterie","7":"product_cat-pyramis","8":"pa_vlastnosti-rozmery-material-pouzitie","10":"first","11":"instock","12":"purchasable","13":"product-type-simple","14":"customify-col"},"_links":{"self":[{"href":"https:\/\/mikramt.sk\/index.php?rest_route=\/wp\/v2\/product\/1059","targetHints":{"allow":["GET"]}}],"collection":[{"href":"https:\/\/mikramt.sk\/index.php?rest_route=\/wp\/v2\/product"}],"about":[{"href":"https:\/\/mikramt.sk\/index.php?rest_route=\/wp\/v2\/types\/product"}],"replies":[{"embeddable":true,"href":"https:\/\/mikramt.sk\/index.php?rest_route=%2Fwp%2Fv2%2Fcomments&post=1059"}],"wp:featuredmedia":[{"embeddable":true,"href":"https:\/\/mikramt.sk\/index.php?rest_route=\/wp\/v2\/media\/1098"}],"wp:attachment":[{"href":"https:\/\/mikramt.sk\/index.php?rest_route=%2Fwp%2Fv2%2Fmedia&parent=1059"}],"wp:term":[{"taxonomy":"product_brand","embeddable":true,"href":"https:\/\/mikramt.sk\/index.php?rest_route=%2Fwp%2Fv2%2Fproduct_brand&post=1059"},{"taxonomy":"product_cat","embeddable":true,"href":"https:\/\/mikramt.sk\/index.php?rest_route=%2Fwp%2Fv2%2Fproduct_cat&post=1059"},{"taxonomy":"product_tag","embeddable":true,"href":"https:\/\/mikramt.sk\/index.php?rest_route=%2Fwp%2Fv2%2Fproduct_tag&post=1059"}],"curies":[{"name":"wp","href":"https:\/\/api.w.org\/{rel}","templated":true}]}}