{"id":1055,"date":"2025-06-26T16:44:35","date_gmt":"2025-06-26T14:44:35","guid":{"rendered":"https:\/\/mikramt.sk\/?post_type=product&#038;p=1055"},"modified":"2025-07-15T12:11:45","modified_gmt":"2025-07-15T10:11:45","slug":"blanco-legra-45-s-granitovy-drez-antracit","status":"publish","type":"product","link":"https:\/\/mikramt.sk\/?product=blanco-legra-45-s-granitovy-drez-antracit","title":{"rendered":"LEGRA 45S  antracit (sada)"},"content":{"rendered":"<p data-start=\"241\" data-end=\"490\">Blanco Legra 45 S je granitov\u00fd kuchynsk\u00fd drez, ktor\u00fd sp\u00e1ja modern\u00fd dizajn, odolnos\u0165 a praktickos\u0165 v jednom kompaktnom modeli. V\u010faka svojej univerz\u00e1lnej kon\u0161trukcii je ide\u00e1lny pre men\u0161ie kuchyne alebo priestory s obmedzenou \u0161\u00edrkou skrinky (od 45 cm).<\/p>\n<hr data-start=\"492\" data-end=\"495\" \/>\n<p data-start=\"497\" data-end=\"529\"><strong data-start=\"497\" data-end=\"529\">K\u013e\u00fa\u010dov\u00e9 vlastnosti a mont\u00e1\u017e:<\/strong><\/p>\n<p data-start=\"531\" data-end=\"847\">Tento jednodrez s odkvapovou plochou je ur\u010den\u00fd na horn\u00fa mont\u00e1\u017e na pracovn\u00fa dosku. Pon\u00faka vani\u010dku s rozmermi <strong data-start=\"639\" data-end=\"655\">335 \u00d7 430 mm<\/strong> a h\u013abkou <strong data-start=\"665\" data-end=\"675\">190 mm<\/strong>, \u010do zabezpe\u010duje dostato\u010dn\u00fd priestor pre pohodln\u00e9 um\u00fdvanie riadu. V\u010faka <strong data-start=\"747\" data-end=\"774\">univerz\u00e1lnej orient\u00e1cii<\/strong> je mo\u017en\u00e9 drez oto\u010di\u0165 pod\u013ea potreby \u2013 pre \u013eav\u00e9 aj prav\u00e9 ulo\u017eenie odkvapu.<\/p>\n<hr data-start=\"849\" data-end=\"852\" \/>\n<p data-start=\"854\" data-end=\"878\"><strong data-start=\"854\" data-end=\"878\">Technick\u00e9 parametre:<\/strong><\/p>\n<ul data-start=\"880\" data-end=\"1180\">\n<li data-start=\"880\" data-end=\"915\">\n<p data-start=\"882\" data-end=\"915\"><strong data-start=\"882\" data-end=\"900\">Rozmery drezu:<\/strong> 780 \u00d7 500 mm<\/p>\n<\/li>\n<li data-start=\"916\" data-end=\"952\">\n<p data-start=\"918\" data-end=\"952\"><strong data-start=\"918\" data-end=\"937\">Rozmer vani\u010dky:<\/strong> 335 \u00d7 430 mm<\/p>\n<\/li>\n<li data-start=\"953\" data-end=\"991\">\n<p data-start=\"955\" data-end=\"991\"><strong data-start=\"955\" data-end=\"976\">V\u00fdrez pre mont\u00e1\u017e:<\/strong> 760 \u00d7 480 mm<\/p>\n<\/li>\n<li data-start=\"992\" data-end=\"1021\">\n<p data-start=\"994\" data-end=\"1021\"><strong data-start=\"994\" data-end=\"1012\">H\u013abka vani\u010dky:<\/strong> 190 mm<\/p>\n<\/li>\n<li data-start=\"1022\" data-end=\"1060\">\n<p data-start=\"1024\" data-end=\"1060\"><strong data-start=\"1024\" data-end=\"1052\">Minim\u00e1lna \u0161\u00edrka skrinky:<\/strong> 45 cm<\/p>\n<\/li>\n<li data-start=\"1061\" data-end=\"1102\">\n<p data-start=\"1063\" data-end=\"1102\"><strong data-start=\"1063\" data-end=\"1074\">Mont\u00e1\u017e:<\/strong> Horn\u00e1 (na pracovn\u00fa dosku)<\/p>\n<\/li>\n<li data-start=\"1103\" data-end=\"1137\">\n<p data-start=\"1105\" data-end=\"1137\"><strong data-start=\"1105\" data-end=\"1131\">Excentrick\u00e9 ovl\u00e1danie:<\/strong> nie<\/p>\n<\/li>\n<li data-start=\"1138\" data-end=\"1180\">\n<p data-start=\"1140\" data-end=\"1180\"><strong data-start=\"1140\" data-end=\"1155\">Orient\u00e1cia:<\/strong> Univerz\u00e1lna (oto\u010dite\u013en\u00fd)<\/p>\n<\/li>\n<\/ul>\n<hr data-start=\"1182\" data-end=\"1185\" \/>\n<p data-start=\"1187\" data-end=\"1211\"><strong data-start=\"1187\" data-end=\"1211\">Materi\u00e1l a odolnos\u0165:<\/strong><\/p>\n<p data-start=\"1213\" data-end=\"1406\">Vyroben\u00fd z kvalitn\u00e9ho granitu, ktor\u00fd je mimoriadne odoln\u00fd vo\u010di mechanick\u00e9mu po\u0161kodeniu, vysok\u00fdm teplot\u00e1m a be\u017en\u00fdm kuchynsk\u00fdm chemik\u00e1li\u00e1m. Povrch drezu je farebne stabiln\u00fd a \u013eahko udr\u017eiavate\u013en\u00fd.<\/p>\n<hr data-start=\"1408\" data-end=\"1411\" \/>\n<p data-start=\"1413\" data-end=\"1431\"><strong data-start=\"1413\" data-end=\"1431\">Obsah balenia:<\/strong><\/p>\n<ul data-start=\"1433\" data-end=\"1622\">\n<li data-start=\"1433\" data-end=\"1521\">\n<p data-start=\"1435\" data-end=\"1521\">Kompletn\u00fd sif\u00f3n (odtokov\u00e1 armat\u00fara + z\u00e1pachov\u00fd uz\u00e1ver s odbo\u010dkou pre um\u00fdva\u010dku riadu)<\/p>\n<\/li>\n<li data-start=\"1522\" data-end=\"1537\">\n<p data-start=\"1524\" data-end=\"1537\">3 \u00bd\u201c v\u00fdpus\u0165<\/p>\n<\/li>\n<li data-start=\"1538\" data-end=\"1557\">\n<p data-start=\"1540\" data-end=\"1557\">Mont\u00e1\u017ene \u00fachyty<\/p>\n<\/li>\n<li data-start=\"1558\" data-end=\"1622\">\n<p data-start=\"1560\" data-end=\"1622\">2 predv\u0155tan\u00e9 otvory na vyklepnutie pre bat\u00e9riu a pr\u00edslu\u0161enstvo<\/p>\n<\/li>\n<\/ul>\n<hr data-start=\"1624\" data-end=\"1627\" \/>\n<p data-start=\"1629\" data-end=\"1647\"><strong data-start=\"1629\" data-end=\"1647\">Zna\u010dka BLANCO:<\/strong><\/p>\n<p data-start=\"1649\" data-end=\"1820\">BLANCO patr\u00ed medzi popredn\u00fdch v\u00fdrobcov kuchynsk\u00fdch drezov v Eur\u00f3pe. Produkty tejto zna\u010dky sa vyzna\u010duj\u00fa vysokou kvalitou spracovania, funk\u010dn\u00fdm dizajnom a dlhou \u017eivotnos\u0165ou.<\/p>\n","protected":false},"excerpt":{"rendered":"<p>Modern\u00fd granitov\u00fd drez Blanco Legra 45 S s odkvapom a hlbokou vani\u010dkou je vhodn\u00fd pre horn\u00fa mont\u00e1\u017e do skriniek od 45 cm. Univerz\u00e1lne oto\u010dite\u013en\u00fd dizajn a kompletn\u00e9 pr\u00edslu\u0161enstvo zaru\u010duj\u00fa jednoduch\u00fa in\u0161tal\u00e1ciu a funk\u010dnos\u0165.<\/p>\n","protected":false},"featured_media":1095,"comment_status":"closed","ping_status":"closed","template":"","meta":[],"product_brand":[],"product_cat":[53,50],"product_tag":[],"class_list":{"0":"post-1055","1":"product","2":"type-product","3":"status-publish","4":"has-post-thumbnail","6":"product_cat-blanco-kamen","7":"product_cat-drezy-a-baterie","8":"pa_vlastnosti-rozmery-material-pouzitie","10":"first","11":"instock","12":"purchasable","13":"product-type-simple","14":"customify-col"},"_links":{"self":[{"href":"https:\/\/mikramt.sk\/index.php?rest_route=\/wp\/v2\/product\/1055","targetHints":{"allow":["GET"]}}],"collection":[{"href":"https:\/\/mikramt.sk\/index.php?rest_route=\/wp\/v2\/product"}],"about":[{"href":"https:\/\/mikramt.sk\/index.php?rest_route=\/wp\/v2\/types\/product"}],"replies":[{"embeddable":true,"href":"https:\/\/mikramt.sk\/index.php?rest_route=%2Fwp%2Fv2%2Fcomments&post=1055"}],"wp:featuredmedia":[{"embeddable":true,"href":"https:\/\/mikramt.sk\/index.php?rest_route=\/wp\/v2\/media\/1095"}],"wp:attachment":[{"href":"https:\/\/mikramt.sk\/index.php?rest_route=%2Fwp%2Fv2%2Fmedia&parent=1055"}],"wp:term":[{"taxonomy":"product_brand","embeddable":true,"href":"https:\/\/mikramt.sk\/index.php?rest_route=%2Fwp%2Fv2%2Fproduct_brand&post=1055"},{"taxonomy":"product_cat","embeddable":true,"href":"https:\/\/mikramt.sk\/index.php?rest_route=%2Fwp%2Fv2%2Fproduct_cat&post=1055"},{"taxonomy":"product_tag","embeddable":true,"href":"https:\/\/mikramt.sk\/index.php?rest_route=%2Fwp%2Fv2%2Fproduct_tag&post=1055"}],"curies":[{"name":"wp","href":"https:\/\/api.w.org\/{rel}","templated":true}]}}