{"id":1053,"date":"2025-06-26T16:44:35","date_gmt":"2025-06-26T14:44:35","guid":{"rendered":"https:\/\/mikramt.sk\/?post_type=product&#038;p=1053"},"modified":"2025-07-11T11:58:27","modified_gmt":"2025-07-11T09:58:27","slug":"athlos-plus-1b1d-860x500x190-92v-black","status":"publish","type":"product","link":"https:\/\/mikramt.sk\/?product=athlos-plus-1b1d-860x500x190-92v-black","title":{"rendered":"ATHLOS PLUS 1B1D 860x500x190 \/ 92v Black (sada)"},"content":{"rendered":"<p data-start=\"424\" data-end=\"776\">Model ATHLOS PLUS 1B1D od zna\u010dky Pyramis pon\u00faka spojenie modern\u00e9ho dizajnu a technickej spo\u013eahlivosti pre kuchyne s minim\u00e1lnou \u0161\u00edrkou skrinky 60 cm. Je vyroben\u00fd z kvalitn\u00e9ho materi\u00e1lu Pyragranite, ktor\u00fd je zlo\u017een\u00fd z 80 % pr\u00edrodn\u00e9ho kremi\u010dit\u00e9ho piesku a 20 % polymetylakryl\u00e1tu \u2013 \u010do mu zabezpe\u010duje vysok\u00fa odolnos\u0165 vo\u010di teplu, po\u0161kriabaniu aj chemik\u00e1li\u00e1m.<\/p>\n<hr data-start=\"778\" data-end=\"781\" \/>\n<p data-start=\"783\" data-end=\"807\"><strong data-start=\"783\" data-end=\"807\">Technick\u00e9 parametre:<\/strong><\/p>\n<ul data-start=\"809\" data-end=\"1187\">\n<li data-start=\"809\" data-end=\"843\">\n<p data-start=\"811\" data-end=\"843\"><strong data-start=\"811\" data-end=\"828\">Rozmer drezu:<\/strong> 860 \u00d7 500 mm<\/p>\n<\/li>\n<li data-start=\"844\" data-end=\"879\">\n<p data-start=\"846\" data-end=\"879\"><strong data-start=\"846\" data-end=\"864\">Rozmer v\u00fdrezu:<\/strong> 840 \u00d7 480 mm<\/p>\n<\/li>\n<li data-start=\"880\" data-end=\"916\">\n<p data-start=\"882\" data-end=\"916\"><strong data-start=\"882\" data-end=\"901\">Rozmer vani\u010dky:<\/strong> 450 \u00d7 420 mm<\/p>\n<\/li>\n<li data-start=\"917\" data-end=\"946\">\n<p data-start=\"919\" data-end=\"946\"><strong data-start=\"919\" data-end=\"937\">H\u013abka vani\u010dky:<\/strong> 195 mm<\/p>\n<\/li>\n<li data-start=\"947\" data-end=\"985\">\n<p data-start=\"949\" data-end=\"985\"><strong data-start=\"949\" data-end=\"977\">Minim\u00e1lna \u0161\u00edrka skrinky:<\/strong> 60 cm<\/p>\n<\/li>\n<li data-start=\"986\" data-end=\"1038\">\n<p data-start=\"988\" data-end=\"1038\"><strong data-start=\"988\" data-end=\"999\">Mont\u00e1\u017e:<\/strong> Horn\u00e1 (\u0161tandardn\u00e9 ulo\u017eenie na dosku)<\/p>\n<\/li>\n<li data-start=\"1039\" data-end=\"1132\">\n<p data-start=\"1041\" data-end=\"1132\"><strong data-start=\"1041\" data-end=\"1056\">Orient\u00e1cia:<\/strong> Reverzibiln\u00e1 \u2013 mo\u017enos\u0165 oto\u010denia odkvapk\u00e1vacej plochy doprava alebo do\u013eava<\/p>\n<\/li>\n<li data-start=\"1133\" data-end=\"1159\">\n<p data-start=\"1135\" data-end=\"1159\"><strong data-start=\"1135\" data-end=\"1145\">Farba:<\/strong> Black (\u010dierna)<\/p>\n<\/li>\n<li data-start=\"1160\" data-end=\"1187\">\n<p data-start=\"1162\" data-end=\"1187\"><strong data-start=\"1162\" data-end=\"1175\">Hmotnos\u0165:<\/strong> cca 15 kg<\/p>\n<\/li>\n<\/ul>\n<hr data-start=\"1189\" data-end=\"1192\" \/>\n<p data-start=\"1194\" data-end=\"1221\"><strong data-start=\"1194\" data-end=\"1221\">Obsah balenia a mont\u00e1\u017e:<\/strong><\/p>\n<ul data-start=\"1223\" data-end=\"1397\">\n<li data-start=\"1223\" data-end=\"1271\">\n<p data-start=\"1225\" data-end=\"1271\">Kompletn\u00fd sif\u00f3n s odbo\u010dkou na um\u00fdva\u010dku riadu<\/p>\n<\/li>\n<li data-start=\"1272\" data-end=\"1303\">\n<p data-start=\"1274\" data-end=\"1303\">V\u00fdpus\u0165 s prepadov\u00fdm otvorom<\/p>\n<\/li>\n<li data-start=\"1304\" data-end=\"1397\">\n<p data-start=\"1306\" data-end=\"1397\">Nalepen\u00e9 polyuret\u00e1nov\u00e9 tesnenie EASYFIX \u2013 zjednodu\u0161uje mont\u00e1\u017e bez potreby \u010fal\u0161ej izol\u00e1cie<\/p>\n<\/li>\n<\/ul>\n<hr data-start=\"1399\" data-end=\"1402\" \/>\n<p data-start=\"1404\" data-end=\"1428\"><strong data-start=\"1404\" data-end=\"1428\">Vlastnosti a v\u00fdhody:<\/strong><\/p>\n<ul data-start=\"1430\" data-end=\"1684\">\n<li data-start=\"1430\" data-end=\"1488\">\n<p data-start=\"1432\" data-end=\"1488\">Vysok\u00e1 odolnos\u0165 vo\u010di kr\u00e1tkodob\u00fdm teplot\u00e1m a\u017e do 280 \u00b0C<\/p>\n<\/li>\n<li data-start=\"1489\" data-end=\"1563\">\n<p data-start=\"1491\" data-end=\"1563\">Reverzibiln\u00fd dizajn umo\u017e\u0148uje prisp\u00f4sobenie smeru odkvapu pod\u013ea mont\u00e1\u017ee<\/p>\n<\/li>\n<li data-start=\"1564\" data-end=\"1616\">\n<p data-start=\"1566\" data-end=\"1616\">Jednoduch\u00e9 \u010distenie a dlhodob\u00e1 estetick\u00e1 st\u00e1los\u0165<\/p>\n<\/li>\n<li data-start=\"1617\" data-end=\"1684\">\n<p data-start=\"1619\" data-end=\"1684\">Mont\u00e1\u017e bez komplik\u00e1ci\u00ed v\u010faka predin\u0161talovan\u00e9mu tesneniu EASYFIX<\/p>\n<\/li>\n<\/ul>\n","protected":false},"excerpt":{"rendered":"<p>Granitov\u00fd drez ATHLOS PLUS 1B1D s reverzibilnou odkvapovou plochou a jednoduchou mont\u00e1\u017eou v\u010faka syst\u00e9mu EASYFIX. Odoln\u00fd vo\u010di teplot\u00e1m a\u017e do 280 \u00b0C.<\/p>\n","protected":false},"featured_media":1100,"comment_status":"closed","ping_status":"closed","template":"","meta":[],"product_brand":[],"product_cat":[50,54],"product_tag":[],"class_list":{"0":"post-1053","1":"product","2":"type-product","3":"status-publish","4":"has-post-thumbnail","6":"product_cat-drezy-a-baterie","7":"product_cat-pyramis","8":"pa_vlastnosti-rozmery-material-pouzitie","10":"first","11":"instock","12":"purchasable","13":"product-type-simple","14":"customify-col"},"_links":{"self":[{"href":"https:\/\/mikramt.sk\/index.php?rest_route=\/wp\/v2\/product\/1053","targetHints":{"allow":["GET"]}}],"collection":[{"href":"https:\/\/mikramt.sk\/index.php?rest_route=\/wp\/v2\/product"}],"about":[{"href":"https:\/\/mikramt.sk\/index.php?rest_route=\/wp\/v2\/types\/product"}],"replies":[{"embeddable":true,"href":"https:\/\/mikramt.sk\/index.php?rest_route=%2Fwp%2Fv2%2Fcomments&post=1053"}],"wp:featuredmedia":[{"embeddable":true,"href":"https:\/\/mikramt.sk\/index.php?rest_route=\/wp\/v2\/media\/1100"}],"wp:attachment":[{"href":"https:\/\/mikramt.sk\/index.php?rest_route=%2Fwp%2Fv2%2Fmedia&parent=1053"}],"wp:term":[{"taxonomy":"product_brand","embeddable":true,"href":"https:\/\/mikramt.sk\/index.php?rest_route=%2Fwp%2Fv2%2Fproduct_brand&post=1053"},{"taxonomy":"product_cat","embeddable":true,"href":"https:\/\/mikramt.sk\/index.php?rest_route=%2Fwp%2Fv2%2Fproduct_cat&post=1053"},{"taxonomy":"product_tag","embeddable":true,"href":"https:\/\/mikramt.sk\/index.php?rest_route=%2Fwp%2Fv2%2Fproduct_tag&post=1053"}],"curies":[{"name":"wp","href":"https:\/\/api.w.org\/{rel}","templated":true}]}}