{"id":1049,"date":"2025-06-26T16:44:35","date_gmt":"2025-06-26T14:44:35","guid":{"rendered":"https:\/\/mikramt.sk\/?post_type=product&#038;p=1049"},"modified":"2025-07-15T12:30:20","modified_gmt":"2025-07-15T10:30:20","slug":"riex-gs36-nabytkova-noha-d50-h100-bruseny-nikel","status":"publish","type":"product","link":"https:\/\/mikramt.sk\/?product=riex-gs36-nabytkova-noha-d50-h100-bruseny-nikel","title":{"rendered":"N\u00e1b no\u017ei\u010dka GS36 D50, H100, br\u00fasen\u00fd nikel (ks)"},"content":{"rendered":"<article class=\"text-token-text-primary w-full\" dir=\"auto\" data-testid=\"conversation-turn-176\" data-scroll-anchor=\"true\">\n<div class=\"text-base my-auto mx-auto py-5 [--thread-content-margin:--spacing(4)] @[37rem]:[--thread-content-margin:--spacing(6)] @[72rem]:[--thread-content-margin:--spacing(16)] px-(--thread-content-margin)\">\n<div class=\"[--thread-content-max-width:32rem] @[34rem]:[--thread-content-max-width:40rem] @[64rem]:[--thread-content-max-width:48rem] mx-auto flex max-w-(--thread-content-max-width) flex-1 text-base gap-4 md:gap-5 lg:gap-6 group\/turn-messages focus-visible:outline-hidden\" tabindex=\"-1\">\n<div class=\"group\/conversation-turn relative flex w-full min-w-0 flex-col agent-turn\">\n<div class=\"relative flex-col gap-1 md:gap-3\">\n<div class=\"flex max-w-full flex-col grow\">\n<div class=\"min-h-8 text-message relative flex w-full flex-col items-end gap-2 text-start break-words whitespace-normal [.text-message+&amp;]:mt-5\" dir=\"auto\" data-message-author-role=\"assistant\" data-message-id=\"7f2ddda8-533b-4f19-831c-be9463ba23a9\" data-message-model-slug=\"gpt-4o\">\n<div class=\"flex w-full flex-col gap-1 empty:hidden first:pt-[3px]\">\n<div class=\"markdown prose dark:prose-invert w-full break-words light\">\n<p data-start=\"361\" data-end=\"641\"><strong data-start=\"361\" data-end=\"374\">Riex GS36<\/strong> v preveden\u00ed <strong data-start=\"387\" data-end=\"398\">H100 mm<\/strong> je v\u00fd\u0161kovo nastavite\u013en\u00e1 oce\u013eov\u00e1 no\u017ei\u010dka ur\u010den\u00e1 pre n\u00e1bytok, kde je potrebn\u00e1 stabilita, dizajnov\u00e1 \u010distota a vysok\u00e1 nosnos\u0165. V\u010faka priemeru 50 mm a \u0161tvorcovej z\u00e1kladni so \u0161tyrmi mont\u00e1\u017enymi otvormi zabezpe\u010duje jednoduch\u00fa a spo\u013eahliv\u00fa in\u0161tal\u00e1ciu.<\/p>\n<hr data-start=\"643\" data-end=\"646\" \/>\n<h4 data-start=\"648\" data-end=\"676\"><strong data-start=\"653\" data-end=\"676\">K\u013e\u00fa\u010dov\u00e9 vlastnosti:<\/strong><\/h4>\n<ul data-start=\"678\" data-end=\"936\">\n<li data-start=\"678\" data-end=\"699\">\n<p data-start=\"680\" data-end=\"699\"><strong data-start=\"680\" data-end=\"690\">V\u00fd\u0161ka:<\/strong> 100 mm<\/p>\n<\/li>\n<li data-start=\"700\" data-end=\"727\">\n<p data-start=\"702\" data-end=\"727\"><strong data-start=\"702\" data-end=\"719\">Priemer nohy:<\/strong> 50 mm<\/p>\n<\/li>\n<li data-start=\"728\" data-end=\"782\">\n<p data-start=\"730\" data-end=\"782\"><strong data-start=\"730\" data-end=\"750\">Mont\u00e1\u017ena plat\u0148a:<\/strong> 80 \u00d7 80 mm so 4 otvormi \u00d85 mm<\/p>\n<\/li>\n<li data-start=\"783\" data-end=\"805\">\n<p data-start=\"785\" data-end=\"805\"><strong data-start=\"785\" data-end=\"798\">Materi\u00e1l:<\/strong> oce\u013e<\/p>\n<\/li>\n<li data-start=\"806\" data-end=\"845\">\n<p data-start=\"808\" data-end=\"845\"><strong data-start=\"808\" data-end=\"829\">Povrchov\u00e1 \u00faprava:<\/strong> br\u00fasen\u00fd nikel<\/p>\n<\/li>\n<li data-start=\"846\" data-end=\"866\">\n<p data-start=\"848\" data-end=\"866\"><strong data-start=\"848\" data-end=\"858\">Farba:<\/strong> nikel<\/p>\n<\/li>\n<li data-start=\"867\" data-end=\"909\">\n<p data-start=\"869\" data-end=\"909\"><strong data-start=\"869\" data-end=\"903\">Rektifik\u00e1cia (nastavite\u013enos\u0165):<\/strong> \u00e1no<\/p>\n<\/li>\n<li data-start=\"910\" data-end=\"936\">\n<p data-start=\"912\" data-end=\"936\"><strong data-start=\"912\" data-end=\"924\">Nosnos\u0165:<\/strong> a\u017e 120 kg<\/p>\n<\/li>\n<\/ul>\n<hr data-start=\"938\" data-end=\"941\" \/>\n<p data-start=\"943\" data-end=\"1136\" data-is-last-node=\"\" data-is-only-node=\"\">T\u00e1to n\u00e1bytkov\u00e1 no\u017ei\u010dka je ide\u00e1lna pre kuchynsk\u00fd, k\u00fape\u013e\u0148ov\u00fd aj kancel\u00e1rsky n\u00e1bytok. V\u010faka v\u00fd\u0161kovej regul\u00e1cii pom\u00e1ha vyrovn\u00e1va\u0165 nerovnosti podlahy a zabezpe\u010duje dlhodob\u00fa stabilitu a spo\u013eahlivos\u0165.<\/p>\n<\/div>\n<\/div>\n<\/div>\n<\/div>\n<div class=\"flex min-h-[46px] justify-start\">\n<div class=\"touch:-me-2 touch:-ms-3.5 -ms-2.5 -me-1 flex flex-wrap items-center gap-y-4 p-1 select-none touch:w-[calc(100%+--spacing(3.5))] -mt-1 w-[calc(100%+--spacing(2.5))] duration-[1.5s] focus-within:transition-none hover:transition-none pointer-events-none [mask-image:linear-gradient(to_right,black_33%,transparent_66%)] [mask-size:300%_100%] [mask-position:100%_0%] motion-safe:transition-[mask-position] group-hover\/turn-messages:pointer-events-auto group-hover\/turn-messages:[mask-position:0_0] group-focus-within\/turn-messages:pointer-events-auto group-focus-within\/turn-messages:[mask-position:0_0] has-data-[state=open]:pointer-events-auto has-data-[state=open]:[mask-position:0_0]\">\n<p>&nbsp;<\/p>\n<div class=\"flex items-center\"><\/div>\n<p>&nbsp;<\/p>\n<\/div>\n<\/div>\n<div class=\"mt-3 w-full empty:hidden\">\n<div class=\"text-center\"><\/div>\n<\/div>\n<\/div>\n<div class=\"absolute\">\n<div class=\"flex items-center justify-center\"><\/div>\n<\/div>\n<\/div>\n<\/div>\n<\/div>\n<\/article>\n<div class=\"pointer-events-none h-px w-px\" aria-hidden=\"true\" data-edge=\"true\"><\/div>\n","protected":false},"excerpt":{"rendered":"<p data-start=\"147\" data-end=\"275\">N\u00e1bytkov\u00e1 noha s nastavite\u013enou v\u00fd\u0161kou a nosnos\u0165ou a\u017e 120 kg, vhodn\u00e1 pre stabiln\u00e9 uchytenie n\u00e1bytku v modernom dizajne.<\/p>\n","protected":false},"featured_media":1085,"comment_status":"closed","ping_status":"closed","template":"","meta":[],"product_brand":[],"product_cat":[48],"product_tag":[],"class_list":{"0":"post-1049","1":"product","2":"type-product","3":"status-publish","4":"has-post-thumbnail","6":"product_cat-viditelne-nozicky","7":"pa_vlastnosti-rozmery-material-pouzitie","9":"first","10":"instock","11":"purchasable","12":"product-type-simple","13":"customify-col","14":"product-has-gallery"},"_links":{"self":[{"href":"https:\/\/mikramt.sk\/index.php?rest_route=\/wp\/v2\/product\/1049","targetHints":{"allow":["GET"]}}],"collection":[{"href":"https:\/\/mikramt.sk\/index.php?rest_route=\/wp\/v2\/product"}],"about":[{"href":"https:\/\/mikramt.sk\/index.php?rest_route=\/wp\/v2\/types\/product"}],"replies":[{"embeddable":true,"href":"https:\/\/mikramt.sk\/index.php?rest_route=%2Fwp%2Fv2%2Fcomments&post=1049"}],"wp:featuredmedia":[{"embeddable":true,"href":"https:\/\/mikramt.sk\/index.php?rest_route=\/wp\/v2\/media\/1085"}],"wp:attachment":[{"href":"https:\/\/mikramt.sk\/index.php?rest_route=%2Fwp%2Fv2%2Fmedia&parent=1049"}],"wp:term":[{"taxonomy":"product_brand","embeddable":true,"href":"https:\/\/mikramt.sk\/index.php?rest_route=%2Fwp%2Fv2%2Fproduct_brand&post=1049"},{"taxonomy":"product_cat","embeddable":true,"href":"https:\/\/mikramt.sk\/index.php?rest_route=%2Fwp%2Fv2%2Fproduct_cat&post=1049"},{"taxonomy":"product_tag","embeddable":true,"href":"https:\/\/mikramt.sk\/index.php?rest_route=%2Fwp%2Fv2%2Fproduct_tag&post=1049"}],"curies":[{"name":"wp","href":"https:\/\/api.w.org\/{rel}","templated":true}]}}