{"id":1048,"date":"2025-06-26T16:44:35","date_gmt":"2025-06-26T14:44:35","guid":{"rendered":"https:\/\/mikramt.sk\/?post_type=product&#038;p=1048"},"modified":"2025-07-15T12:31:04","modified_gmt":"2025-07-15T10:31:04","slug":"klip-sokla-volpato-basic-classic-cierny","status":"publish","type":"product","link":"https:\/\/mikramt.sk\/?product=klip-sokla-volpato-basic-classic-cierny","title":{"rendered":"Klip na sokl nohu na DTD sokel  VOLPATO (ks)"},"content":{"rendered":"<p data-start=\"352\" data-end=\"643\"><strong data-start=\"352\" data-end=\"382\">Klip VOLPATO BASIC\/CLASSIC<\/strong> v \u010diernom plastovom preveden\u00ed je praktick\u00fdm rie\u0161en\u00edm pre mont\u00e1\u017e dreven\u00fdch soklov ku kuchynsk\u00e9mu a n\u00e1bytkov\u00e9mu korpusu. Je navrhnut\u00fd tak, aby pasoval na no\u017ei\u010dky syst\u00e9mu <strong data-start=\"551\" data-end=\"582\">VOLPATO BASIC alebo CLASSIC<\/strong> a z\u00e1rove\u0148 umo\u017enil pevn\u00e9, ale demontovate\u013en\u00e9 uchytenie sokla.<\/p>\n<hr data-start=\"645\" data-end=\"648\" \/>\n<h4 data-start=\"650\" data-end=\"678\"><strong data-start=\"655\" data-end=\"678\">K\u013e\u00fa\u010dov\u00e9 vlastnosti:<\/strong><\/h4>\n<ul data-start=\"680\" data-end=\"988\">\n<li data-start=\"680\" data-end=\"705\">\n<p data-start=\"682\" data-end=\"705\"><strong data-start=\"682\" data-end=\"690\">Typ:<\/strong> \u00fachyt na sokel<\/p>\n<\/li>\n<li data-start=\"706\" data-end=\"762\">\n<p data-start=\"708\" data-end=\"762\"><strong data-start=\"708\" data-end=\"726\">Kompatibilita:<\/strong> pre no\u017ei\u010dky VOLPATO BASIC \/ CLASSIC<\/p>\n<\/li>\n<li data-start=\"763\" data-end=\"815\">\n<p data-start=\"765\" data-end=\"815\"><strong data-start=\"765\" data-end=\"778\">Pou\u017eitie:<\/strong> uchytenie dreven\u00e9ho sokla k no\u017ei\u010dk\u00e1m<\/p>\n<\/li>\n<li data-start=\"816\" data-end=\"861\">\n<p data-start=\"818\" data-end=\"861\"><strong data-start=\"818\" data-end=\"829\">Mont\u00e1\u017e:<\/strong> jednoduch\u00e1, bez potreby n\u00e1radia<\/p>\n<\/li>\n<li data-start=\"862\" data-end=\"883\">\n<p data-start=\"864\" data-end=\"883\"><strong data-start=\"864\" data-end=\"877\">Materi\u00e1l:<\/strong> plast<\/p>\n<\/li>\n<li data-start=\"884\" data-end=\"903\">\n<p data-start=\"886\" data-end=\"903\"><strong data-start=\"886\" data-end=\"896\">Farba:<\/strong> \u010dierna<\/p>\n<\/li>\n<li data-start=\"904\" data-end=\"948\">\n<p data-start=\"906\" data-end=\"948\"><strong data-start=\"906\" data-end=\"930\">Rozmery (\u0160 \u00d7 V \u00d7 H):<\/strong> 50 \u00d7 36,5 \u00d7 30 mm<\/p>\n<\/li>\n<li data-start=\"949\" data-end=\"988\">\n<p data-start=\"951\" data-end=\"988\"><strong data-start=\"951\" data-end=\"982\">Priemer mont\u00e1\u017enych otvorov:<\/strong> \u00d84 mm<\/p>\n<\/li>\n<\/ul>\n<hr data-start=\"990\" data-end=\"993\" \/>\n<p data-start=\"995\" data-end=\"1222\">V\u010faka svojmu tvaru a materi\u00e1lu zabezpe\u010duje klip r\u00fdchlu mont\u00e1\u017e, stabilitu a spo\u013eahliv\u00e9 uchytenie soklovej li\u0161ty aj pri \u010dastom odn\u00edman\u00ed, napr\u00edklad pri \u010disten\u00ed alebo \u00fadr\u017ebe.<\/p>\n","protected":false},"excerpt":{"rendered":"<p data-start=\"136\" data-end=\"276\">Klip pre r\u00fdchle a spo\u013eahliv\u00e9 uchytenie dreven\u00e9ho sokla k no\u017ei\u010dk\u00e1m VOLPATO BASIC alebo CLASSIC. Odoln\u00fd plast a jednoduch\u00e1 mont\u00e1\u017e bez n\u00e1radia.<\/p>\n","protected":false},"featured_media":1084,"comment_status":"closed","ping_status":"closed","template":"","meta":[],"product_brand":[],"product_cat":[47],"product_tag":[],"class_list":{"0":"post-1048","1":"product","2":"type-product","3":"status-publish","4":"has-post-thumbnail","6":"product_cat-sokl-volpato-nozicky","7":"pa_vlastnosti-rozmery-material-pouzitie","9":"first","10":"instock","11":"purchasable","12":"product-type-simple","13":"customify-col"},"_links":{"self":[{"href":"https:\/\/mikramt.sk\/index.php?rest_route=\/wp\/v2\/product\/1048","targetHints":{"allow":["GET"]}}],"collection":[{"href":"https:\/\/mikramt.sk\/index.php?rest_route=\/wp\/v2\/product"}],"about":[{"href":"https:\/\/mikramt.sk\/index.php?rest_route=\/wp\/v2\/types\/product"}],"replies":[{"embeddable":true,"href":"https:\/\/mikramt.sk\/index.php?rest_route=%2Fwp%2Fv2%2Fcomments&post=1048"}],"wp:featuredmedia":[{"embeddable":true,"href":"https:\/\/mikramt.sk\/index.php?rest_route=\/wp\/v2\/media\/1084"}],"wp:attachment":[{"href":"https:\/\/mikramt.sk\/index.php?rest_route=%2Fwp%2Fv2%2Fmedia&parent=1048"}],"wp:term":[{"taxonomy":"product_brand","embeddable":true,"href":"https:\/\/mikramt.sk\/index.php?rest_route=%2Fwp%2Fv2%2Fproduct_brand&post=1048"},{"taxonomy":"product_cat","embeddable":true,"href":"https:\/\/mikramt.sk\/index.php?rest_route=%2Fwp%2Fv2%2Fproduct_cat&post=1048"},{"taxonomy":"product_tag","embeddable":true,"href":"https:\/\/mikramt.sk\/index.php?rest_route=%2Fwp%2Fv2%2Fproduct_tag&post=1048"}],"curies":[{"name":"wp","href":"https:\/\/api.w.org\/{rel}","templated":true}]}}