{"id":1033,"date":"2025-06-26T16:44:14","date_gmt":"2025-06-26T14:44:14","guid":{"rendered":"https:\/\/mikramt.sk\/?post_type=product&#038;p=1033"},"modified":"2025-07-15T12:32:20","modified_gmt":"2025-07-15T10:32:20","slug":"blum-antaro-drziak-chrbta-b-biela-z30b000s-pravy-lavy","status":"publish","type":"product","link":"https:\/\/mikramt.sk\/?product=blum-antaro-drziak-chrbta-b-biela-z30b000s-pravy-lavy","title":{"rendered":"ANT dr\u017e chrbta Z30D000S 9001 HODV.BIELY  (PARx)"},"content":{"rendered":"<p data-start=\"73\" data-end=\"341\">Dr\u017eiak chrbta BLUM ANTARO Z30D000SL je ur\u010den\u00fd pre v\u00fd\u0161ku D (199 mm) z\u00e1suvkov\u00e9ho syst\u00e9mu TANDEMBOX Antaro. Vyhotoven\u00fd z ocele s hodv\u00e1bne bielou povrchovou \u00fapravou, zabezpe\u010duje pevn\u00e9 uchytenie drevenej zadnej steny z\u00e1suvky. K mont\u00e1\u017ei je potrebn\u00e9 doplni\u0165 pozd\u013a\u017ene relingy.<\/p>\n<p data-start=\"343\" data-end=\"366\"><strong data-start=\"343\" data-end=\"366\">K\u013e\u00fa\u010dov\u00e9 vlastnosti:<\/strong><\/p>\n<ul data-start=\"368\" data-end=\"639\">\n<li data-start=\"368\" data-end=\"400\">\n<p data-start=\"370\" data-end=\"400\"><strong data-start=\"370\" data-end=\"381\">Syst\u00e9m:<\/strong> TANDEMBOX ANTARO<\/p>\n<\/li>\n<li data-start=\"401\" data-end=\"482\">\n<p data-start=\"403\" data-end=\"482\"><strong data-start=\"403\" data-end=\"417\">Typ v\u00fd\u0161ky:<\/strong> D (v\u00fd\u0161ka pr\u00edrezu: 199 mm, min. vn\u00fatorn\u00e1 v\u00fd\u0161ka korpusu: 224 mm)<\/p>\n<\/li>\n<li data-start=\"483\" data-end=\"528\">\n<p data-start=\"485\" data-end=\"528\"><strong data-start=\"485\" data-end=\"498\">Pou\u017eitie:<\/strong> s bo\u010dnicami v\u00fd\u0161ky M alebo K<\/p>\n<\/li>\n<li data-start=\"529\" data-end=\"551\">\n<p data-start=\"531\" data-end=\"551\"><strong data-start=\"531\" data-end=\"544\">Materi\u00e1l:<\/strong> Oce\u013e<\/p>\n<\/li>\n<li data-start=\"552\" data-end=\"581\">\n<p data-start=\"554\" data-end=\"581\"><strong data-start=\"554\" data-end=\"564\">Farba:<\/strong> Hodv\u00e1bna biela<\/p>\n<\/li>\n<li data-start=\"582\" data-end=\"618\">\n<p data-start=\"584\" data-end=\"618\"><strong data-start=\"584\" data-end=\"595\">Mont\u00e1\u017e:<\/strong> \u013dav\u00e1 aj prav\u00e1 strana<\/p>\n<\/li>\n<li data-start=\"619\" data-end=\"639\">\n<p data-start=\"621\" data-end=\"639\"><strong data-start=\"621\" data-end=\"633\">Balenie:<\/strong> P\u00e1r<\/p>\n<\/li>\n<\/ul>\n","protected":false},"excerpt":{"rendered":"<p>Dr\u017eiak chrbta BLUM ANTARO Z30D000SL vo v\u00fd\u0161ke D pre TANDEMBOX z\u00e1suvky, hodv\u00e1bne biely, ur\u010den\u00fd pre uchytenie zadnej steny z\u00e1suvky s pou\u017eit\u00edm relingov. Prav\u00fd + \u013eav\u00fd.<\/p>\n","protected":false},"featured_media":1153,"comment_status":"closed","ping_status":"closed","template":"","meta":[],"product_brand":[],"product_cat":[45],"product_tag":[],"class_list":{"0":"post-1033","1":"product","2":"type-product","3":"status-publish","4":"has-post-thumbnail","6":"product_cat-drziaky-chrbta","7":"pa_vlastnosti-rozmery-material-pouzitie","9":"first","10":"instock","11":"purchasable","12":"product-type-simple","13":"customify-col","14":"product-has-gallery"},"_links":{"self":[{"href":"https:\/\/mikramt.sk\/index.php?rest_route=\/wp\/v2\/product\/1033","targetHints":{"allow":["GET"]}}],"collection":[{"href":"https:\/\/mikramt.sk\/index.php?rest_route=\/wp\/v2\/product"}],"about":[{"href":"https:\/\/mikramt.sk\/index.php?rest_route=\/wp\/v2\/types\/product"}],"replies":[{"embeddable":true,"href":"https:\/\/mikramt.sk\/index.php?rest_route=%2Fwp%2Fv2%2Fcomments&post=1033"}],"wp:featuredmedia":[{"embeddable":true,"href":"https:\/\/mikramt.sk\/index.php?rest_route=\/wp\/v2\/media\/1153"}],"wp:attachment":[{"href":"https:\/\/mikramt.sk\/index.php?rest_route=%2Fwp%2Fv2%2Fmedia&parent=1033"}],"wp:term":[{"taxonomy":"product_brand","embeddable":true,"href":"https:\/\/mikramt.sk\/index.php?rest_route=%2Fwp%2Fv2%2Fproduct_brand&post=1033"},{"taxonomy":"product_cat","embeddable":true,"href":"https:\/\/mikramt.sk\/index.php?rest_route=%2Fwp%2Fv2%2Fproduct_cat&post=1033"},{"taxonomy":"product_tag","embeddable":true,"href":"https:\/\/mikramt.sk\/index.php?rest_route=%2Fwp%2Fv2%2Fproduct_tag&post=1033"}],"curies":[{"name":"wp","href":"https:\/\/api.w.org\/{rel}","templated":true}]}}