{"id":1031,"date":"2025-06-26T16:44:13","date_gmt":"2025-06-26T14:44:13","guid":{"rendered":"https:\/\/mikramt.sk\/?post_type=product&#038;p=1031"},"modified":"2025-07-15T12:33:34","modified_gmt":"2025-07-15T10:33:34","slug":"antaro-zsf-35a2-upevnenie-cela-par","status":"publish","type":"product","link":"https:\/\/mikramt.sk\/?product=antaro-zsf-35a2-upevnenie-cela-par","title":{"rendered":"ANT upn \u010dela skrut  ZSF.35A2 (ks)"},"content":{"rendered":"<p data-start=\"306\" data-end=\"595\"><strong data-start=\"306\" data-end=\"333\">Upevnenie \u010dela ZSF.35A2<\/strong> je mont\u00e1\u017eny komponent ur\u010den\u00fd pre z\u00e1suvkov\u00fd syst\u00e9m <strong data-start=\"384\" data-end=\"404\">TANDEMBOX Antaro<\/strong>, ktor\u00fd zabezpe\u010duje pevn\u00e9 a presn\u00e9 spojenie medzi \u010delom z\u00e1suvky a jej korpusom. Tento typ uchytenia je vhodn\u00fd pre symetrick\u00e9 aplik\u00e1cie a je kompatibiln\u00fd s typick\u00fdm dizajnom modern\u00e9ho n\u00e1bytku.<\/p>\n<hr data-start=\"597\" data-end=\"600\" \/>\n<h4 data-start=\"602\" data-end=\"630\"><strong data-start=\"607\" data-end=\"630\">K\u013e\u00fa\u010dov\u00e9 vlastnosti:<\/strong><\/h4>\n<ul data-start=\"632\" data-end=\"958\">\n<li data-start=\"632\" data-end=\"669\">\n<p data-start=\"634\" data-end=\"669\"><strong data-start=\"634\" data-end=\"650\">Typ syst\u00e9mu:<\/strong> TANDEMBOX Antaro<\/p>\n<\/li>\n<li data-start=\"670\" data-end=\"724\">\n<p data-start=\"672\" data-end=\"724\"><strong data-start=\"672\" data-end=\"690\">Typ upevnenia:<\/strong> upevnenie \u010dela pomocou skrutiek<\/p>\n<\/li>\n<li data-start=\"725\" data-end=\"753\">\n<p data-start=\"727\" data-end=\"753\"><strong data-start=\"727\" data-end=\"738\">Mont\u00e1\u017e:<\/strong> skrutkovanie<\/p>\n<\/li>\n<li data-start=\"754\" data-end=\"809\">\n<p data-start=\"756\" data-end=\"809\"><strong data-start=\"756\" data-end=\"769\">Materi\u00e1l:<\/strong> kombin\u00e1cia nylonu a zinkovej zliatiny<\/p>\n<\/li>\n<li data-start=\"810\" data-end=\"859\">\n<p data-start=\"812\" data-end=\"859\"><strong data-start=\"812\" data-end=\"833\">Povrchov\u00e1 \u00faprava:<\/strong> jednofarebn\u00e9 prevedenie<\/p>\n<\/li>\n<li data-start=\"860\" data-end=\"885\">\n<p data-start=\"862\" data-end=\"885\"><strong data-start=\"862\" data-end=\"875\">Hmotnos\u0165:<\/strong> 0,03 kg<\/p>\n<\/li>\n<li data-start=\"886\" data-end=\"958\">\n<p data-start=\"888\" data-end=\"958\"><strong data-start=\"888\" data-end=\"900\">Balenie:<\/strong> symetrick\u00e9 prevedenie (vhodn\u00e9 pre \u013eav\u00fa aj prav\u00fa stranu)<\/p>\n<\/li>\n<\/ul>\n<hr data-start=\"960\" data-end=\"963\" \/>\n<p data-start=\"965\" data-end=\"1182\">Tento upev\u0148ovac\u00ed diel je navrhnut\u00fd s d\u00f4razom na pevnos\u0165, spo\u013eahlivos\u0165 a jednoduch\u00fa mont\u00e1\u017e. V\u010faka kombin\u00e1cii kvalitn\u00e9ho nylonu a kovu je odoln\u00fd vo\u010di opotrebovaniu a vhodn\u00fd aj pre intenz\u00edvne pou\u017e\u00edvan\u00e9 n\u00e1bytkov\u00e9 z\u00e1suvky.<\/p>\n","protected":false},"excerpt":{"rendered":"<p data-start=\"127\" data-end=\"239\">Mont\u00e1\u017eny prvok pre \u010del\u00e1 z\u00e1suviek syst\u00e9mu TANDEMBOX Antaro \u2013 spo\u013eahliv\u00e9 a pevn\u00e9 upevnenie \u010dela z\u00e1suvky skrutkami.<\/p>\n","protected":false},"featured_media":1081,"comment_status":"closed","ping_status":"closed","template":"","meta":[],"product_brand":[],"product_cat":[44],"product_tag":[],"class_list":{"0":"post-1031","1":"product","2":"type-product","3":"status-publish","4":"has-post-thumbnail","6":"product_cat-upnutie-cela","7":"pa_vlastnosti-rozmery-material-pouzitie","9":"first","10":"instock","11":"purchasable","12":"product-type-simple","13":"customify-col","14":"product-has-gallery"},"_links":{"self":[{"href":"https:\/\/mikramt.sk\/index.php?rest_route=\/wp\/v2\/product\/1031","targetHints":{"allow":["GET"]}}],"collection":[{"href":"https:\/\/mikramt.sk\/index.php?rest_route=\/wp\/v2\/product"}],"about":[{"href":"https:\/\/mikramt.sk\/index.php?rest_route=\/wp\/v2\/types\/product"}],"replies":[{"embeddable":true,"href":"https:\/\/mikramt.sk\/index.php?rest_route=%2Fwp%2Fv2%2Fcomments&post=1031"}],"wp:featuredmedia":[{"embeddable":true,"href":"https:\/\/mikramt.sk\/index.php?rest_route=\/wp\/v2\/media\/1081"}],"wp:attachment":[{"href":"https:\/\/mikramt.sk\/index.php?rest_route=%2Fwp%2Fv2%2Fmedia&parent=1031"}],"wp:term":[{"taxonomy":"product_brand","embeddable":true,"href":"https:\/\/mikramt.sk\/index.php?rest_route=%2Fwp%2Fv2%2Fproduct_brand&post=1031"},{"taxonomy":"product_cat","embeddable":true,"href":"https:\/\/mikramt.sk\/index.php?rest_route=%2Fwp%2Fv2%2Fproduct_cat&post=1031"},{"taxonomy":"product_tag","embeddable":true,"href":"https:\/\/mikramt.sk\/index.php?rest_route=%2Fwp%2Fv2%2Fproduct_tag&post=1031"}],"curies":[{"name":"wp","href":"https:\/\/api.w.org\/{rel}","templated":true}]}}