{"id":1020,"date":"2025-06-26T16:44:13","date_gmt":"2025-06-26T14:44:13","guid":{"rendered":"https:\/\/mikramt.sk\/?post_type=product&#038;p=1020"},"modified":"2025-07-15T12:40:47","modified_gmt":"2025-07-15T10:40:47","slug":"nabytkovy-zaves-blum-clip-top-155-71b7550","status":"publish","type":"product","link":"https:\/\/mikramt.sk\/?product=nabytkovy-zaves-blum-clip-top-155-71b7550","title":{"rendered":"BLU CLIP top z\u00e1ves 155st  71B7550  (KSx)"},"content":{"rendered":"<p data-start=\"67\" data-end=\"351\">BLUM CLIP top 155\u00b0 je celokovov\u00fd n\u00e1bytkov\u00fd z\u00e1ves s nulov\u00fdm presahom ur\u010den\u00fd pre \u0161peci\u00e1lne aplik\u00e1cie ako s\u00fa rohov\u00e9 skrinky alebo skrine s vn\u00fatorn\u00fdmi v\u00fdsuvmi (napr. potravinov\u00e9 skrine). Jeho \u0161irok\u00fd uhol otvorenia 155\u00b0 poskytuje pohodln\u00fd pr\u00edstup k obsahu skrinky aj pri \u0161ir\u0161\u00edch dvierkach.<\/p>\n<p data-start=\"67\" data-end=\"351\">Pre spr\u00e1vnu funkciu odpor\u00fa\u010dame kombin\u00e1ciu s podlo\u017ekami BLUM 173L6100 alebo 173H7100. Zvo\u013ete pod\u013ea po\u017eiadaviek na v\u00fd\u0161ku a uchytenie.<\/p>\n<p data-start=\"353\" data-end=\"723\">Tento z\u00e1ves je vybaven\u00fd zatv\u00e1racou automatikou (integrovan\u00fdm perom), v\u010faka \u010domu sa dvierka zatv\u00e1raj\u00fa hladko a bez n\u00e1mahy. Mont\u00e1\u017e aj demont\u00e1\u017e je mo\u017en\u00e1 bez pou\u017eitia n\u00e1radia, \u010do v\u00fdrazne zjednodu\u0161uje pr\u00e1cu mont\u00e9rov. Z\u00e1ves umo\u017e\u0148uje trojsmern\u00e9 nastavenie (v\u00fd\u0161ka, h\u013abka, strana), a to komfortne pomocou z\u00e1vitov\u00fdch skrutiek \u2013 najm\u00e4 h\u013abkov\u00e9 nastavenie pomocou slim\u00e1kov\u00e9ho z\u00e1vitu.<\/p>\n<hr data-start=\"725\" data-end=\"728\" \/>\n<p data-start=\"730\" data-end=\"753\"><strong data-start=\"730\" data-end=\"753\">K\u013e\u00fa\u010dov\u00e9 vlastnosti:<\/strong><\/p>\n<ul data-start=\"755\" data-end=\"1221\">\n<li data-start=\"755\" data-end=\"783\">\n<p data-start=\"757\" data-end=\"783\"><strong data-start=\"757\" data-end=\"776\">Uhol otvorenia:<\/strong> 155\u00b0<\/p>\n<\/li>\n<li data-start=\"784\" data-end=\"833\">\n<p data-start=\"786\" data-end=\"833\"><strong data-start=\"786\" data-end=\"802\">Typ mont\u00e1\u017ee:<\/strong> Na nacvaknutie (CLIP syst\u00e9m)<\/p>\n<\/li>\n<li data-start=\"834\" data-end=\"904\">\n<p data-start=\"836\" data-end=\"904\"><strong data-start=\"836\" data-end=\"863\">Mechanizmus zatv\u00e1rania:<\/strong> Pru\u017eina (nie je kompatibiln\u00fd s TIP-ON)<\/p>\n<\/li>\n<li data-start=\"905\" data-end=\"933\">\n<p data-start=\"907\" data-end=\"933\"><strong data-start=\"907\" data-end=\"920\">Materi\u00e1l:<\/strong> Celokovov\u00fd<\/p>\n<\/li>\n<li data-start=\"934\" data-end=\"971\">\n<p data-start=\"936\" data-end=\"971\"><strong data-start=\"936\" data-end=\"957\">Povrchov\u00e1 \u00faprava:<\/strong> Poniklovan\u00e1<\/p>\n<\/li>\n<li data-start=\"972\" data-end=\"1033\">\n<p data-start=\"974\" data-end=\"1033\"><strong data-start=\"974\" data-end=\"987\">Pou\u017eitie:<\/strong> Rohov\u00e9 skrinky, skrine s vn\u00fatorn\u00fdmi v\u00fdsuvmi<\/p>\n<\/li>\n<li data-start=\"1034\" data-end=\"1106\">\n<p data-start=\"1036\" data-end=\"1106\"><strong data-start=\"1036\" data-end=\"1051\">Nastavenie:<\/strong> V\u00fd\u0161kov\u00e9, bo\u010dn\u00e9 a h\u013abkov\u00e9 nastavenie pomocou excentra<\/p>\n<\/li>\n<li data-start=\"1107\" data-end=\"1221\">\n<p data-start=\"1109\" data-end=\"1221\"><strong data-start=\"1109\" data-end=\"1132\">Mont\u00e1\u017ena platni\u010dka:<\/strong> Nie je s\u00fa\u010das\u0165ou balenia (odpor\u00fa\u010dan\u00fd variant: v\u00fd\u0161ka 0 mm, vlo\u017een\u00fd z\u00e1ves pri v\u00fd\u0161ke 9 mm)<\/p>\n<\/li>\n<\/ul>\n<hr data-start=\"1223\" data-end=\"1226\" \/>\n<p data-start=\"1228\" data-end=\"1239\"><strong data-start=\"1228\" data-end=\"1239\">V\u00fdhody:<\/strong><\/p>\n<ul data-start=\"1241\" data-end=\"1423\">\n<li data-start=\"1241\" data-end=\"1285\">\n<p data-start=\"1243\" data-end=\"1285\">Alternat\u00edva k 170\u00b0 z\u00e1vesu pre u\u017e\u0161\u00ed otvor<\/p>\n<\/li>\n<li data-start=\"1286\" data-end=\"1336\">\n<p data-start=\"1288\" data-end=\"1336\">Vhodn\u00fd pre kombin\u00e1ciu so z\u00e1suvkov\u00fdmi skrinkami<\/p>\n<\/li>\n<li data-start=\"1337\" data-end=\"1381\">\n<p data-start=\"1339\" data-end=\"1381\">Jednoduch\u00e1 mont\u00e1\u017e a demont\u00e1\u017e bez n\u00e1radia<\/p>\n<\/li>\n<li data-start=\"1382\" data-end=\"1423\">\n<p data-start=\"1384\" data-end=\"1423\">Presn\u00e9 nastavenie vo v\u0161etk\u00fdch smeroch<\/p>\n<\/li>\n<\/ul>\n<hr data-start=\"1425\" data-end=\"1428\" \/>\n<p data-start=\"1430\" data-end=\"1454\"><strong data-start=\"1430\" data-end=\"1454\">Technick\u00e9 parametre:<\/strong><\/p>\n<ul data-start=\"1456\" data-end=\"1619\">\n<li data-start=\"1456\" data-end=\"1488\">\n<p data-start=\"1458\" data-end=\"1488\"><strong data-start=\"1458\" data-end=\"1478\">Objedn\u00e1vac\u00ed k\u00f3d:<\/strong> 71B7550<\/p>\n<\/li>\n<li data-start=\"1489\" data-end=\"1517\">\n<p data-start=\"1491\" data-end=\"1517\"><strong data-start=\"1491\" data-end=\"1506\">Typ z\u00e1vesu:<\/strong> Nalo\u017een\u00fd<\/p>\n<\/li>\n<li data-start=\"1518\" data-end=\"1556\">\n<p data-start=\"1520\" data-end=\"1556\"><strong data-start=\"1520\" data-end=\"1546\">Zatv\u00e1rac\u00ed mechanizmus:<\/strong> Pru\u017eina<\/p>\n<\/li>\n<li data-start=\"1557\" data-end=\"1589\">\n<p data-start=\"1559\" data-end=\"1589\"><strong data-start=\"1559\" data-end=\"1579\">Upevnenie misky:<\/strong> Skrutky<\/p>\n<\/li>\n<li data-start=\"1590\" data-end=\"1619\">\n<p data-start=\"1592\" data-end=\"1619\"><strong data-start=\"1592\" data-end=\"1610\">V\u0155tanie misky:<\/strong> \u00d835 mm<\/p>\n<\/li>\n<\/ul>\n","protected":false},"excerpt":{"rendered":"<article class=\"text-token-text-primary w-full\" dir=\"auto\" data-testid=\"conversation-turn-220\" data-scroll-anchor=\"true\">\n<div class=\"text-base my-auto mx-auto py-5 [--thread-content-margin:--spacing(4)] @[37rem]:[--thread-content-margin:--spacing(6)] @[72rem]:[--thread-content-margin:--spacing(16)] px-(--thread-content-margin)\">\n<div class=\"[--thread-content-max-width:32rem] @[34rem]:[--thread-content-max-width:40rem] @[64rem]:[--thread-content-max-width:48rem] mx-auto flex max-w-(--thread-content-max-width) flex-1 text-base gap-4 md:gap-5 lg:gap-6 group\/turn-messages focus-visible:outline-hidden\" tabindex=\"-1\">\n<div class=\"group\/conversation-turn relative flex w-full min-w-0 flex-col agent-turn\">\n<div class=\"relative flex-col gap-1 md:gap-3\">\n<div class=\"flex max-w-full flex-col grow\">\n<div class=\"min-h-8 text-message relative flex w-full flex-col items-end gap-2 text-start break-words whitespace-normal [.text-message+&amp;]:mt-5\" dir=\"auto\" data-message-author-role=\"assistant\" data-message-id=\"c88a9a95-f4db-49a2-ba97-df37e0b59aae\" data-message-model-slug=\"gpt-4o\">\n<div class=\"flex w-full flex-col gap-1 empty:hidden first:pt-[3px]\">\n<div class=\"markdown prose dark:prose-invert w-full break-words light\">\n<p data-start=\"1626\" data-end=\"1890\" data-is-last-node=\"\" data-is-only-node=\"\">BLUM CLIP top 155\u00b0 (71B7550) je nalo\u017een\u00fd z\u00e1ves s pru\u017einou a uhlom otvorenia 155\u00b0, ide\u00e1lny pre rohov\u00e9 skrinky a potravinov\u00e9 skrine so z\u00e1suvkami. Pon\u00faka trojsmern\u00e9 nastavenie, mont\u00e1\u017e bez n\u00e1radia a vysok\u00fd komfort pri pou\u017e\u00edvan\u00ed.<\/p>\n<p data-start=\"1626\" data-end=\"1890\" data-is-last-node=\"\" data-is-only-node=\"\">Pre spr\u00e1vnu funkciu odpor\u00fa\u010dame kombin\u00e1ciu s podlo\u017ekami BLUM 173L6100 alebo 173H7100. Zvo\u013ete pod\u013ea po\u017eiadaviek na v\u00fd\u0161ku a uchytenie.<\/p>\n<\/div>\n<\/div>\n<\/div>\n<\/div>\n<\/div>\n<\/div>\n<\/div>\n<\/div>\n<\/article>\n","protected":false},"featured_media":1045,"comment_status":"closed","ping_status":"closed","template":"","meta":[],"product_brand":[],"product_cat":[37],"product_tag":[],"class_list":{"0":"post-1020","1":"product","2":"type-product","3":"status-publish","4":"has-post-thumbnail","6":"product_cat-zavesy-blum","7":"pa_vlastnosti-rozmery-material-pouzitie","9":"first","10":"instock","11":"purchasable","12":"product-type-simple","13":"customify-col"},"_links":{"self":[{"href":"https:\/\/mikramt.sk\/index.php?rest_route=\/wp\/v2\/product\/1020","targetHints":{"allow":["GET"]}}],"collection":[{"href":"https:\/\/mikramt.sk\/index.php?rest_route=\/wp\/v2\/product"}],"about":[{"href":"https:\/\/mikramt.sk\/index.php?rest_route=\/wp\/v2\/types\/product"}],"replies":[{"embeddable":true,"href":"https:\/\/mikramt.sk\/index.php?rest_route=%2Fwp%2Fv2%2Fcomments&post=1020"}],"wp:featuredmedia":[{"embeddable":true,"href":"https:\/\/mikramt.sk\/index.php?rest_route=\/wp\/v2\/media\/1045"}],"wp:attachment":[{"href":"https:\/\/mikramt.sk\/index.php?rest_route=%2Fwp%2Fv2%2Fmedia&parent=1020"}],"wp:term":[{"taxonomy":"product_brand","embeddable":true,"href":"https:\/\/mikramt.sk\/index.php?rest_route=%2Fwp%2Fv2%2Fproduct_brand&post=1020"},{"taxonomy":"product_cat","embeddable":true,"href":"https:\/\/mikramt.sk\/index.php?rest_route=%2Fwp%2Fv2%2Fproduct_cat&post=1020"},{"taxonomy":"product_tag","embeddable":true,"href":"https:\/\/mikramt.sk\/index.php?rest_route=%2Fwp%2Fv2%2Fproduct_tag&post=1020"}],"curies":[{"name":"wp","href":"https:\/\/api.w.org\/{rel}","templated":true}]}}