{"id":1017,"date":"2025-06-26T16:44:13","date_gmt":"2025-06-26T14:44:13","guid":{"rendered":"https:\/\/mikramt.sk\/?post_type=product&#038;p=1017"},"modified":"2025-07-15T12:45:30","modified_gmt":"2025-07-15T10:45:30","slug":"blum-clip-podlozka-s-excentrom-vodiaci-prvok-173h7100","status":"publish","type":"product","link":"https:\/\/mikramt.sk\/?product=blum-clip-podlozka-s-excentrom-vodiaci-prvok-173h7100","title":{"rendered":"CLIP p kri\u017e 0 exc   173H7100  (KSx)"},"content":{"rendered":"<p data-start=\"75\" data-end=\"395\">Kvalitn\u00e1 3D podlo\u017eka BLUM s excentrom je ur\u010den\u00e1 pre presn\u00e9 v\u00fd\u0161kov\u00e9 nastavenie z\u00e1vesov v syst\u00e9me CLIP. Tento kr\u00ed\u017eov\u00fd vodiaci prvok umo\u017e\u0148uje jednoduch\u00fa mont\u00e1\u017e a demont\u00e1\u017e dvierok, pri\u010dom zaru\u010duje spo\u013eahliv\u00fa stabilitu a presn\u00e9 nastavenie \u010dela. V\u010faka excentru je mo\u017en\u00e9 v\u00fd\u0161kov\u00e9 nastavenie v rozsahu \u00b12 mm bez pou\u017eitia n\u00e1radia.<\/p>\n<p data-start=\"75\" data-end=\"395\">T\u00e1to excentrick\u00e1 podlo\u017eka je vhodn\u00e1 pre z\u00e1vesy BLUM CLIP top 71B3550, 71B3750, 71B7550 a 71T3550. Odpor\u00fa\u010da sa pri zv\u00fd\u0161en\u00fdch po\u017eiadavk\u00e1ch na presn\u00e9 nastavenie alebo stabilitu.<\/p>\n<hr data-start=\"397\" data-end=\"400\" \/>\n<p data-start=\"402\" data-end=\"425\"><strong data-start=\"402\" data-end=\"425\">K\u013e\u00fa\u010dov\u00e9 vlastnosti:<\/strong><\/p>\n<ul data-start=\"427\" data-end=\"958\">\n<li data-start=\"427\" data-end=\"473\">\n<p data-start=\"429\" data-end=\"473\"><strong data-start=\"429\" data-end=\"437\">Typ:<\/strong> Vodiaci prvok CLIP, kr\u00ed\u017eov\u00e1 forma<\/p>\n<\/li>\n<li data-start=\"474\" data-end=\"504\">\n<p data-start=\"476\" data-end=\"504\"><strong data-start=\"476\" data-end=\"493\">K\u00f3d produktu:<\/strong> 173H7100<\/p>\n<\/li>\n<li data-start=\"505\" data-end=\"557\">\n<p data-start=\"507\" data-end=\"557\"><strong data-start=\"507\" data-end=\"530\">V\u00fd\u0161kov\u00e9 nastavenie:<\/strong> \u00b12 mm (pomocou excentra)<\/p>\n<\/li>\n<li data-start=\"558\" data-end=\"597\">\n<p data-start=\"560\" data-end=\"597\"><strong data-start=\"560\" data-end=\"571\">Mont\u00e1\u017e:<\/strong> Skrutky do drevotriesky<\/p>\n<\/li>\n<li data-start=\"598\" data-end=\"637\">\n<p data-start=\"600\" data-end=\"637\"><strong data-start=\"600\" data-end=\"629\">Odpor\u00fa\u010dan\u00e1 d\u013a\u017eka skrutky:<\/strong> 17 mm<\/p>\n<\/li>\n<li data-start=\"638\" data-end=\"681\">\n<p data-start=\"640\" data-end=\"681\"><strong data-start=\"640\" data-end=\"661\">Priemer skrutiek:<\/strong> 3,5 mm alebo 4 mm<\/p>\n<\/li>\n<li data-start=\"682\" data-end=\"704\">\n<p data-start=\"684\" data-end=\"704\"><strong data-start=\"684\" data-end=\"697\">Materi\u00e1l:<\/strong> Oce\u013e<\/p>\n<\/li>\n<li data-start=\"705\" data-end=\"741\">\n<p data-start=\"707\" data-end=\"741\"><strong data-start=\"707\" data-end=\"728\">Povrchov\u00e1 \u00faprava:<\/strong> Niklovanie<\/p>\n<\/li>\n<li data-start=\"742\" data-end=\"791\">\n<p data-start=\"744\" data-end=\"791\"><strong data-start=\"744\" data-end=\"783\">Vzdialenos\u0165 medzi mont\u00e1\u017enymi bodmi:<\/strong> 32 mm<\/p>\n<\/li>\n<li data-start=\"792\" data-end=\"857\">\n<p data-start=\"794\" data-end=\"857\"><strong data-start=\"794\" data-end=\"849\">Vzdialenos\u0165 od predn\u00e9ho okraja po 1. bod upevnenia:<\/strong> 37 mm<\/p>\n<\/li>\n<li data-start=\"858\" data-end=\"888\">\n<p data-start=\"860\" data-end=\"888\"><strong data-start=\"860\" data-end=\"880\">Maxim\u00e1lna \u0161\u00edrka:<\/strong> 50 mm<\/p>\n<\/li>\n<li data-start=\"889\" data-end=\"919\">\n<p data-start=\"891\" data-end=\"919\"><strong data-start=\"891\" data-end=\"911\">Maxim\u00e1lna v\u00fd\u0161ka:<\/strong> 30 mm<\/p>\n<\/li>\n<li data-start=\"920\" data-end=\"958\">\n<p data-start=\"922\" data-end=\"958\"><strong data-start=\"922\" data-end=\"943\">Uchytenie z\u00e1vesu:<\/strong> Nacvak\u00e1vacie<\/p>\n<\/li>\n<\/ul>\n<p>&nbsp;<\/p>\n","protected":false},"excerpt":{"rendered":"<p>V\u00fd\u0161kovo nastavite\u013en\u00e1 3D podlo\u017eka BLUM 173H7100 s excentrom pre z\u00e1vesy CLIP, vyroben\u00e1 z niklovanej ocele. Jednoduch\u00e9 nacvaknutie z\u00e1vesu a spo\u013eahliv\u00e1 mont\u00e1\u017e pomocou skrutiek do drevotriesky.<\/p>\n<p>T\u00e1to excentrick\u00e1 podlo\u017eka je vhodn\u00e1 pre z\u00e1vesy BLUM CLIP top 71B3550, 71B3750, 71B7550 a 71T3550. Odpor\u00fa\u010da sa pri zv\u00fd\u0161en\u00fdch po\u017eiadavk\u00e1ch na presn\u00e9 nastavenie alebo stabilitu.<\/p>\n","protected":false},"featured_media":1072,"comment_status":"closed","ping_status":"closed","template":"","meta":[],"product_brand":[],"product_cat":[38],"product_tag":[],"class_list":{"0":"post-1017","1":"product","2":"type-product","3":"status-publish","4":"has-post-thumbnail","6":"product_cat-podlozky-clip","7":"pa_vlastnosti-rozmery-material-pouzitie","9":"first","10":"instock","11":"purchasable","12":"product-type-simple","13":"customify-col"},"_links":{"self":[{"href":"https:\/\/mikramt.sk\/index.php?rest_route=\/wp\/v2\/product\/1017","targetHints":{"allow":["GET"]}}],"collection":[{"href":"https:\/\/mikramt.sk\/index.php?rest_route=\/wp\/v2\/product"}],"about":[{"href":"https:\/\/mikramt.sk\/index.php?rest_route=\/wp\/v2\/types\/product"}],"replies":[{"embeddable":true,"href":"https:\/\/mikramt.sk\/index.php?rest_route=%2Fwp%2Fv2%2Fcomments&post=1017"}],"wp:featuredmedia":[{"embeddable":true,"href":"https:\/\/mikramt.sk\/index.php?rest_route=\/wp\/v2\/media\/1072"}],"wp:attachment":[{"href":"https:\/\/mikramt.sk\/index.php?rest_route=%2Fwp%2Fv2%2Fmedia&parent=1017"}],"wp:term":[{"taxonomy":"product_brand","embeddable":true,"href":"https:\/\/mikramt.sk\/index.php?rest_route=%2Fwp%2Fv2%2Fproduct_brand&post=1017"},{"taxonomy":"product_cat","embeddable":true,"href":"https:\/\/mikramt.sk\/index.php?rest_route=%2Fwp%2Fv2%2Fproduct_cat&post=1017"},{"taxonomy":"product_tag","embeddable":true,"href":"https:\/\/mikramt.sk\/index.php?rest_route=%2Fwp%2Fv2%2Fproduct_tag&post=1017"}],"curies":[{"name":"wp","href":"https:\/\/api.w.org\/{rel}","templated":true}]}}