{"id":1016,"date":"2025-06-26T16:44:13","date_gmt":"2025-06-26T14:44:13","guid":{"rendered":"https:\/\/mikramt.sk\/?post_type=product&#038;p=1016"},"modified":"2025-07-15T12:43:20","modified_gmt":"2025-07-15T10:43:20","slug":"blum-71b3550-zaves-clip-top-blumotion-110-nalozeny-s-tlmenim","status":"publish","type":"product","link":"https:\/\/mikramt.sk\/?product=blum-71b3550-zaves-clip-top-blumotion-110-nalozeny-s-tlmenim","title":{"rendered":"BLU CLIP top z\u00e1ves 110 nalo 71B3550  (KSx)"},"content":{"rendered":"<p data-start=\"85\" data-end=\"478\">Z\u00e1ves BLUM 71B3550 je kvalitn\u00fd n\u00e1bytkov\u00fd z\u00e1ves s uhlom otvorenia 110\u00b0, ur\u010den\u00fd pre nalo\u017een\u00e9 dvierka, ktor\u00e9 prekr\u00fdvaj\u00fa korpus. S\u00fa\u010das\u0165ou z\u00e1vesu je integrovan\u00fd tlmiaci syst\u00e9m BLUMOTION, ktor\u00fd zabezpe\u010duje tich\u00e9 a jemn\u00e9 zatv\u00e1ranie. V pr\u00edpade potreby je tlmenie mo\u017en\u00e9 deaktivova\u0165. Z\u00e1ves je vybaven\u00fd komfortn\u00fdm trojsmern\u00fdm nastaven\u00edm \u010dela a montuje sa pomocou skrutiek a klipov\u00e9ho syst\u00e9mu na podlo\u017eku.<\/p>\n<p data-start=\"85\" data-end=\"478\">Tento z\u00e1ves je kompatibiln\u00fd s mont\u00e1\u017enymi podlo\u017ekami BLUM 173L6100 a 173H7100. Odpor\u00fa\u010dame pou\u017ei\u0165 z\u00e1kladn\u00fa podlo\u017eku 173L6100 pre be\u017en\u00e9 aplik\u00e1cie alebo 173H7100 pre n\u00e1ro\u010dnej\u0161ie mont\u00e1\u017ee.<\/p>\n<hr data-start=\"480\" data-end=\"483\" \/>\n<p data-start=\"485\" data-end=\"508\"><strong data-start=\"485\" data-end=\"508\">K\u013e\u00fa\u010dov\u00e9 vlastnosti:<\/strong><\/p>\n<ul data-start=\"510\" data-end=\"948\">\n<li data-start=\"510\" data-end=\"567\">\n<p data-start=\"512\" data-end=\"567\"><strong data-start=\"512\" data-end=\"520\">Typ:<\/strong> Nalo\u017een\u00fd z\u00e1ves pre dvierka prekr\u00fdvaj\u00face korpus<\/p>\n<\/li>\n<li data-start=\"568\" data-end=\"594\">\n<p data-start=\"570\" data-end=\"594\"><strong data-start=\"570\" data-end=\"589\">Uhol otvorenia:<\/strong> 110\u00b0<\/p>\n<\/li>\n<li data-start=\"595\" data-end=\"678\">\n<p data-start=\"597\" data-end=\"678\"><strong data-start=\"597\" data-end=\"623\">Zatv\u00e1rac\u00ed mechanizmus:<\/strong> BLUMOTION \u2013 tlmenie zatv\u00e1rania s mo\u017enos\u0165ou deaktiv\u00e1cie<\/p>\n<\/li>\n<li data-start=\"679\" data-end=\"711\">\n<p data-start=\"681\" data-end=\"711\"><strong data-start=\"681\" data-end=\"698\">Mont\u00e1\u017e misky:<\/strong> Skrutkovanie<\/p>\n<\/li>\n<li data-start=\"712\" data-end=\"735\">\n<p data-start=\"714\" data-end=\"735\"><strong data-start=\"714\" data-end=\"727\">Ramienko:<\/strong> Zahnut\u00e9<\/p>\n<\/li>\n<li data-start=\"736\" data-end=\"845\">\n<p data-start=\"738\" data-end=\"761\"><strong data-start=\"738\" data-end=\"761\">Mo\u017enos\u0165 nastavenia:<\/strong><\/p>\n<ul data-start=\"764\" data-end=\"845\">\n<li data-start=\"764\" data-end=\"789\">\n<p data-start=\"766\" data-end=\"789\">Bo\u010dn\u00e9 nastavenie: \u00b12 mm<\/p>\n<\/li>\n<li data-start=\"792\" data-end=\"845\">\n<p data-start=\"794\" data-end=\"845\">H\u013abkov\u00e9 nastavenie: +3 \/ \u20132 mm (slim\u00e1kov\u00fdm z\u00e1vitom)<\/p>\n<\/li>\n<\/ul>\n<\/li>\n<li data-start=\"846\" data-end=\"897\">\n<p data-start=\"848\" data-end=\"897\"><strong data-start=\"848\" data-end=\"871\">Mont\u00e1\u017e na podlo\u017eku:<\/strong> Nacvaknutie (CLIP syst\u00e9m)<\/p>\n<\/li>\n<li data-start=\"898\" data-end=\"918\">\n<p data-start=\"900\" data-end=\"918\"><strong data-start=\"900\" data-end=\"913\">Materi\u00e1l:<\/strong> Oce\u013e<\/p>\n<\/li>\n<li data-start=\"919\" data-end=\"948\">\n<p data-start=\"921\" data-end=\"948\"><strong data-start=\"921\" data-end=\"942\">Povrchov\u00e1 \u00faprava:<\/strong> Nikel<\/p>\n<\/li>\n<\/ul>\n<p>Dostupn\u00e9 aj v balen\u00ed po 250 ks.<\/p>\n","protected":false},"excerpt":{"rendered":"<p>Z\u00e1ves BLUM 71B3550 je ide\u00e1lny pre n\u00e1bytkov\u00e9 kon\u0161trukcie s nalo\u017een\u00fdmi dvierkami v kuchyniach, k\u00fape\u013eniach \u010di ob\u00fdvac\u00edch priestoroch, kde je po\u017eadovan\u00fd tich\u00fd a plynul\u00fd chod dvierok.<\/p>\n<p>Tento z\u00e1ves je kompatibiln\u00fd s mont\u00e1\u017enymi podlo\u017ekami BLUM 173L6100 a 173H7100. Odpor\u00fa\u010dame pou\u017ei\u0165 z\u00e1kladn\u00fa podlo\u017eku 173L6100 pre be\u017en\u00e9 aplik\u00e1cie alebo 173H7100 pre n\u00e1ro\u010dnej\u0161ie mont\u00e1\u017ee.<\/p>\n","protected":false},"featured_media":1043,"comment_status":"closed","ping_status":"closed","template":"","meta":[],"product_brand":[],"product_cat":[37],"product_tag":[],"class_list":{"0":"post-1016","1":"product","2":"type-product","3":"status-publish","4":"has-post-thumbnail","6":"product_cat-zavesy-blum","7":"pa_vlastnosti-rozmery-material-pouzitie","9":"first","10":"instock","11":"purchasable","12":"product-type-simple","13":"customify-col"},"_links":{"self":[{"href":"https:\/\/mikramt.sk\/index.php?rest_route=\/wp\/v2\/product\/1016","targetHints":{"allow":["GET"]}}],"collection":[{"href":"https:\/\/mikramt.sk\/index.php?rest_route=\/wp\/v2\/product"}],"about":[{"href":"https:\/\/mikramt.sk\/index.php?rest_route=\/wp\/v2\/types\/product"}],"replies":[{"embeddable":true,"href":"https:\/\/mikramt.sk\/index.php?rest_route=%2Fwp%2Fv2%2Fcomments&post=1016"}],"wp:featuredmedia":[{"embeddable":true,"href":"https:\/\/mikramt.sk\/index.php?rest_route=\/wp\/v2\/media\/1043"}],"wp:attachment":[{"href":"https:\/\/mikramt.sk\/index.php?rest_route=%2Fwp%2Fv2%2Fmedia&parent=1016"}],"wp:term":[{"taxonomy":"product_brand","embeddable":true,"href":"https:\/\/mikramt.sk\/index.php?rest_route=%2Fwp%2Fv2%2Fproduct_brand&post=1016"},{"taxonomy":"product_cat","embeddable":true,"href":"https:\/\/mikramt.sk\/index.php?rest_route=%2Fwp%2Fv2%2Fproduct_cat&post=1016"},{"taxonomy":"product_tag","embeddable":true,"href":"https:\/\/mikramt.sk\/index.php?rest_route=%2Fwp%2Fv2%2Fproduct_tag&post=1016"}],"curies":[{"name":"wp","href":"https:\/\/api.w.org\/{rel}","templated":true}]}}