{"id":1015,"date":"2025-06-26T16:44:13","date_gmt":"2025-06-26T14:44:13","guid":{"rendered":"https:\/\/mikramt.sk\/?post_type=product&#038;p=1015"},"modified":"2025-07-15T12:44:08","modified_gmt":"2025-07-15T10:44:08","slug":"rektifikacny-uholnik-biely-ocel-plast-balenie-100-ks","status":"publish","type":"product","link":"https:\/\/mikramt.sk\/?product=rektifikacny-uholnik-biely-ocel-plast-balenie-100-ks","title":{"rendered":"Rekt ve\u0161ac\u00ed uholnik &#8211; biely  KSx100ks (BAL)"},"content":{"rendered":"<p data-start=\"77\" data-end=\"375\">Rektifika\u010dn\u00fd z\u00e1vesn\u00fd uholn\u00edk je ur\u010den\u00fd na mont\u00e1\u017e z\u00e1vesn\u00e9ho n\u00e1bytku s d\u00f4razom na vysok\u00fa nosnos\u0165, pevnos\u0165 a spo\u013eahlivos\u0165. V\u010faka zosilnenej kon\u0161trukcii z pozinkovanej ocele a plastov\u00e9mu krytu je vhodn\u00fd aj pre n\u00e1bytok s vy\u0161\u0161\u00edm za\u0165a\u017een\u00edm. Univerz\u00e1lne vyhotovenie umo\u017e\u0148uje mont\u00e1\u017e na \u013eav\u00fa aj prav\u00fa stranu.<\/p>\n<hr data-start=\"377\" data-end=\"380\" \/>\n<p data-start=\"382\" data-end=\"405\"><strong data-start=\"382\" data-end=\"405\">K\u013e\u00fa\u010dov\u00e9 vlastnosti:<\/strong><\/p>\n<ul data-start=\"407\" data-end=\"655\">\n<li data-start=\"407\" data-end=\"469\">\n<p data-start=\"409\" data-end=\"469\"><strong data-start=\"409\" data-end=\"426\">Typ produktu:<\/strong> Rektifika\u010dn\u00fd uholn\u00edk pre z\u00e1vesn\u00fd n\u00e1bytok<\/p>\n<\/li>\n<li data-start=\"470\" data-end=\"512\">\n<p data-start=\"472\" data-end=\"512\"><strong data-start=\"472\" data-end=\"485\">Materi\u00e1l:<\/strong> Pozinkovan\u00e1 oce\u013e + plast<\/p>\n<\/li>\n<li data-start=\"513\" data-end=\"533\">\n<p data-start=\"515\" data-end=\"533\"><strong data-start=\"515\" data-end=\"525\">Farba:<\/strong> Biela<\/p>\n<\/li>\n<li data-start=\"534\" data-end=\"581\">\n<p data-start=\"536\" data-end=\"581\"><strong data-start=\"536\" data-end=\"547\">Mont\u00e1\u017e:<\/strong> Univerz\u00e1lna (prav\u00e1\/\u013eav\u00e1 strana)<\/p>\n<\/li>\n<li data-start=\"582\" data-end=\"655\">\n<p data-start=\"584\" data-end=\"655\"><strong data-start=\"584\" data-end=\"597\">Pou\u017eitie:<\/strong> Z\u00e1vesn\u00e9 skrinky, horn\u00e9 kuchynsk\u00e9 skrinky, \u0165a\u017ek\u00fd n\u00e1bytok<\/p>\n<\/li>\n<\/ul>\n<hr data-start=\"657\" data-end=\"660\" \/>\n<p data-start=\"662\" data-end=\"674\"><strong data-start=\"662\" data-end=\"674\">Rozmery:<\/strong><\/p>\n<ul data-start=\"676\" data-end=\"856\">\n<li data-start=\"676\" data-end=\"725\">\n<p data-start=\"678\" data-end=\"725\"><strong data-start=\"678\" data-end=\"707\">Rozmer samotn\u00e9ho kovania:<\/strong> 49 \u00d7 49 \u00d7 35 mm<\/p>\n<\/li>\n<li data-start=\"726\" data-end=\"774\">\n<p data-start=\"728\" data-end=\"774\"><strong data-start=\"728\" data-end=\"756\">Rozmer plastov\u00e9ho krytu:<\/strong> 52 \u00d7 52 \u00d7 39 mm<\/p>\n<\/li>\n<li data-start=\"775\" data-end=\"827\">\n<p data-start=\"777\" data-end=\"827\"><strong data-start=\"777\" data-end=\"809\">Celkov\u00e9 rozmery (V \u00d7 \u0160 \u00d7 H):<\/strong> 48 \u00d7 35 \u00d7 48 mm<\/p>\n<\/li>\n<li data-start=\"828\" data-end=\"856\">\n<p data-start=\"830\" data-end=\"856\"><strong data-start=\"830\" data-end=\"847\">Hr\u00fabka ocele:<\/strong> 1,5 mm<\/p>\n<\/li>\n<\/ul>\n<hr data-start=\"858\" data-end=\"861\" \/>\n<p data-start=\"863\" data-end=\"884\"><strong data-start=\"863\" data-end=\"884\">Balenie obsahuje:<\/strong><\/p>\n<ul data-start=\"886\" data-end=\"935\">\n<li data-start=\"886\" data-end=\"935\">\n<p data-start=\"888\" data-end=\"935\">100 \u00d7 rektifika\u010dn\u00fd uholn\u00edk s plastov\u00fdm krytom<\/p>\n<\/li>\n<\/ul>\n<hr data-start=\"937\" data-end=\"940\" \/>\n<p data-start=\"942\" data-end=\"953\"><strong data-start=\"942\" data-end=\"953\">V\u00fdhody:<\/strong><\/p>\n<ul data-start=\"955\" data-end=\"1194\">\n<li data-start=\"955\" data-end=\"1021\">\n<p data-start=\"957\" data-end=\"1021\">Vysok\u00e1 nosnos\u0165 v\u010faka zosilnen\u00e9mu plechu a spev\u0148uj\u00facemu reli\u00e9fu<\/p>\n<\/li>\n<li data-start=\"1022\" data-end=\"1081\">\n<p data-start=\"1024\" data-end=\"1081\">Vhodn\u00e9 pre mont\u00e1\u017e z\u00e1vesn\u00e9ho n\u00e1bytku s vy\u0161\u0161ou hmotnos\u0165ou<\/p>\n<\/li>\n<li data-start=\"1082\" data-end=\"1134\">\n<p data-start=\"1084\" data-end=\"1134\">Jednoduch\u00e1 mont\u00e1\u017e aj bez profesion\u00e1lneho n\u00e1radia<\/p>\n<\/li>\n<li data-start=\"1135\" data-end=\"1194\">\n<p data-start=\"1137\" data-end=\"1194\">Estetick\u00fd plastov\u00fd kryt v bielej farbe pre \u010dist\u00fd vzh\u013ead<\/p>\n<\/li>\n<\/ul>\n","protected":false},"excerpt":{"rendered":"<p>Rektifika\u010dn\u00fd z\u00e1vesn\u00fd uholn\u00edk z pozinkovanej ocele a bieleho plastu pre mont\u00e1\u017e \u0165a\u017e\u0161ieho n\u00e1bytku. Univerz\u00e1lne pou\u017eitie, vysok\u00e1 nosnos\u0165. Balenie 100 ks.<\/p>\n","protected":false},"featured_media":1042,"comment_status":"closed","ping_status":"closed","template":"","meta":[],"product_brand":[],"product_cat":[36],"product_tag":[],"class_list":{"0":"post-1015","1":"product","2":"type-product","3":"status-publish","4":"has-post-thumbnail","6":"product_cat-zavesne-kovania","7":"pa_vlastnosti-rozmery-material-pouzitie","9":"first","10":"instock","11":"purchasable","12":"product-type-simple","13":"customify-col"},"_links":{"self":[{"href":"https:\/\/mikramt.sk\/index.php?rest_route=\/wp\/v2\/product\/1015","targetHints":{"allow":["GET"]}}],"collection":[{"href":"https:\/\/mikramt.sk\/index.php?rest_route=\/wp\/v2\/product"}],"about":[{"href":"https:\/\/mikramt.sk\/index.php?rest_route=\/wp\/v2\/types\/product"}],"replies":[{"embeddable":true,"href":"https:\/\/mikramt.sk\/index.php?rest_route=%2Fwp%2Fv2%2Fcomments&post=1015"}],"wp:featuredmedia":[{"embeddable":true,"href":"https:\/\/mikramt.sk\/index.php?rest_route=\/wp\/v2\/media\/1042"}],"wp:attachment":[{"href":"https:\/\/mikramt.sk\/index.php?rest_route=%2Fwp%2Fv2%2Fmedia&parent=1015"}],"wp:term":[{"taxonomy":"product_brand","embeddable":true,"href":"https:\/\/mikramt.sk\/index.php?rest_route=%2Fwp%2Fv2%2Fproduct_brand&post=1015"},{"taxonomy":"product_cat","embeddable":true,"href":"https:\/\/mikramt.sk\/index.php?rest_route=%2Fwp%2Fv2%2Fproduct_cat&post=1015"},{"taxonomy":"product_tag","embeddable":true,"href":"https:\/\/mikramt.sk\/index.php?rest_route=%2Fwp%2Fv2%2Fproduct_tag&post=1015"}],"curies":[{"name":"wp","href":"https:\/\/api.w.org\/{rel}","templated":true}]}}