{"id":1010,"date":"2025-06-26T16:44:12","date_gmt":"2025-06-26T14:44:12","guid":{"rendered":"https:\/\/mikramt.sk\/?post_type=product&#038;p=1010"},"modified":"2025-07-15T12:51:09","modified_gmt":"2025-07-15T10:51:09","slug":"rix-podpera-police-5-3-mm-poniklovana-1000-ks","status":"publish","type":"product","link":"https:\/\/mikramt.sk\/?product=rix-podpera-police-5-3-mm-poniklovana-1000-ks","title":{"rendered":"Podperka  3\/5 Nikel  BAL 1000ks  RIX (BAL)"},"content":{"rendered":"<p data-start=\"69\" data-end=\"366\">Kvalitn\u00e1 kol\u00edkov\u00e1 podperka na police RIX s priemerom 3 mm je ur\u010den\u00e1 pre pevn\u00e9 a bezpe\u010dn\u00e9 ulo\u017eenie pol\u00edc v n\u00e1bytkov\u00fdch korpusoch z r\u00f4znych materi\u00e1lov ako drevo, LDTD \u010di lamin\u00e1t. Je vhodn\u00e1 pre otvory s priemerom 3 mm a v\u010faka povrchovej \u00faprave poniklovan\u00edm zaru\u010duje dlh\u00fa \u017eivotnos\u0165 a elegantn\u00fd vzh\u013ead.<\/p>\n<hr data-start=\"368\" data-end=\"371\" \/>\n<p data-start=\"373\" data-end=\"396\"><strong data-start=\"373\" data-end=\"396\">K\u013e\u00fa\u010dov\u00e9 vlastnosti:<\/strong><\/p>\n<ul data-start=\"398\" data-end=\"687\">\n<li data-start=\"398\" data-end=\"438\">\n<p data-start=\"400\" data-end=\"438\"><strong data-start=\"400\" data-end=\"408\">Typ:<\/strong> Kol\u00edkov\u00e1 podperka na policu<\/p>\n<\/li>\n<li data-start=\"439\" data-end=\"461\">\n<p data-start=\"441\" data-end=\"461\"><strong data-start=\"441\" data-end=\"453\">Balenie:<\/strong> 1000 ks<\/p>\n<\/li>\n<li data-start=\"462\" data-end=\"499\">\n<p data-start=\"464\" data-end=\"499\"><strong data-start=\"464\" data-end=\"477\">Materi\u00e1l:<\/strong> Zinkozliatina (kov)<\/p>\n<\/li>\n<li data-start=\"500\" data-end=\"538\">\n<p data-start=\"502\" data-end=\"538\"><strong data-start=\"502\" data-end=\"523\">Povrchov\u00e1 \u00faprava:<\/strong> Poniklovanie<\/p>\n<\/li>\n<li data-start=\"539\" data-end=\"567\">\n<p data-start=\"541\" data-end=\"567\"><strong data-start=\"541\" data-end=\"560\">Priemer kol\u00edka:<\/strong> 3 mm<\/p>\n<\/li>\n<li data-start=\"568\" data-end=\"599\">\n<p data-start=\"570\" data-end=\"599\"><strong data-start=\"570\" data-end=\"588\">Celkov\u00e1 d\u013a\u017eka:<\/strong> 15\u201316 mm<\/p>\n<\/li>\n<li data-start=\"600\" data-end=\"637\">\n<p data-start=\"602\" data-end=\"637\"><strong data-start=\"602\" data-end=\"630\">D\u013a\u017eka \u010dasti pod policou:<\/strong> 8 mm<\/p>\n<\/li>\n<li data-start=\"638\" data-end=\"687\">\n<p data-start=\"640\" data-end=\"687\"><strong data-start=\"640\" data-end=\"653\">Pou\u017eitie:<\/strong> N\u00e1bytok z dreva, LDTD, lamin\u00e1tu<\/p>\n<\/li>\n<\/ul>\n<hr data-start=\"689\" data-end=\"692\" \/>\n<p data-start=\"694\" data-end=\"705\"><strong data-start=\"694\" data-end=\"705\">V\u00fdhody:<\/strong><\/p>\n<ul data-start=\"707\" data-end=\"913\">\n<li data-start=\"707\" data-end=\"764\">\n<p data-start=\"709\" data-end=\"764\">Vysok\u00e1 odolnos\u0165 a stabilita v\u010faka kovov\u00e9mu prevedeniu<\/p>\n<\/li>\n<li data-start=\"765\" data-end=\"807\">\n<p data-start=\"767\" data-end=\"807\">Estetick\u00e1 poniklovan\u00e1 povrchov\u00e1 \u00faprava<\/p>\n<\/li>\n<li data-start=\"808\" data-end=\"867\">\n<p data-start=\"810\" data-end=\"867\">Vhodn\u00e9 pre \u0161tandardn\u00e9 otvory 3 mm v n\u00e1bytkov\u00fdch sten\u00e1ch<\/p>\n<\/li>\n<li data-start=\"868\" data-end=\"913\">\n<p data-start=\"870\" data-end=\"913\">Jednoduch\u00e1 in\u0161tal\u00e1cia bez potreby n\u00e1radia<\/p>\n<\/li>\n<\/ul>\n","protected":false},"excerpt":{"rendered":"<p>RIX podperky na police s kol\u00edkom 3 mm s\u00fa ide\u00e1lne pre r\u00f4zne typy n\u00e1bytku, zaru\u010duj\u00fa spo\u013eahliv\u00fa oporu pol\u00edc a dlh\u00fa \u017eivotnos\u0165. Balenie obsahuje 1000 kusov.<\/p>\n","protected":false},"featured_media":1037,"comment_status":"closed","ping_status":"closed","template":"","meta":[],"product_brand":[],"product_cat":[32],"product_tag":[],"class_list":{"0":"post-1010","1":"product","2":"type-product","3":"status-publish","4":"has-post-thumbnail","6":"product_cat-podperky","7":"pa_vlastnosti-rozmery-material-pouzitie","9":"first","10":"instock","11":"purchasable","12":"product-type-simple","13":"customify-col"},"_links":{"self":[{"href":"https:\/\/mikramt.sk\/index.php?rest_route=\/wp\/v2\/product\/1010","targetHints":{"allow":["GET"]}}],"collection":[{"href":"https:\/\/mikramt.sk\/index.php?rest_route=\/wp\/v2\/product"}],"about":[{"href":"https:\/\/mikramt.sk\/index.php?rest_route=\/wp\/v2\/types\/product"}],"replies":[{"embeddable":true,"href":"https:\/\/mikramt.sk\/index.php?rest_route=%2Fwp%2Fv2%2Fcomments&post=1010"}],"wp:featuredmedia":[{"embeddable":true,"href":"https:\/\/mikramt.sk\/index.php?rest_route=\/wp\/v2\/media\/1037"}],"wp:attachment":[{"href":"https:\/\/mikramt.sk\/index.php?rest_route=%2Fwp%2Fv2%2Fmedia&parent=1010"}],"wp:term":[{"taxonomy":"product_brand","embeddable":true,"href":"https:\/\/mikramt.sk\/index.php?rest_route=%2Fwp%2Fv2%2Fproduct_brand&post=1010"},{"taxonomy":"product_cat","embeddable":true,"href":"https:\/\/mikramt.sk\/index.php?rest_route=%2Fwp%2Fv2%2Fproduct_cat&post=1010"},{"taxonomy":"product_tag","embeddable":true,"href":"https:\/\/mikramt.sk\/index.php?rest_route=%2Fwp%2Fv2%2Fproduct_tag&post=1010"}],"curies":[{"name":"wp","href":"https:\/\/api.w.org\/{rel}","templated":true}]}}