{"id":8,"date":"2018-08-08T15:31:17","date_gmt":"2018-08-08T13:31:17","guid":{"rendered":"http:\/\/beta.mikramt.sk\/?page_id=8"},"modified":"2026-04-16T13:15:13","modified_gmt":"2026-04-16T11:15:13","slug":"o-nas","status":"publish","type":"page","link":"https:\/\/mikramt.sk\/","title":{"rendered":"O n\u00e1s"},"content":{"rendered":"\t\t<div data-elementor-type=\"wp-post\" data-elementor-id=\"8\" class=\"elementor elementor-8\">\n\t\t\t\t\t\t<section class=\"elementor-section elementor-top-section elementor-element elementor-element-a40e297 elementor-section-stretched elementor-section-boxed elementor-section-height-default elementor-section-height-default\" data-id=\"a40e297\" data-element_type=\"section\" data-settings=\"{&quot;stretch_section&quot;:&quot;section-stretched&quot;}\">\n\t\t\t\t\t\t<div class=\"elementor-container elementor-column-gap-default\">\n\t\t\t\t\t<div class=\"elementor-column elementor-col-100 elementor-top-column elementor-element elementor-element-dc72a15\" data-id=\"dc72a15\" data-element_type=\"column\">\n\t\t\t<div class=\"elementor-widget-wrap elementor-element-populated\">\n\t\t\t\t\t\t<div class=\"elementor-element elementor-element-30e6250 elementor-widget elementor-widget-heading\" data-id=\"30e6250\" data-element_type=\"widget\" data-widget_type=\"heading.default\">\n\t\t\t\t<div class=\"elementor-widget-container\">\n\t\t\t<h1 class=\"elementor-heading-title elementor-size-xl\">Materi\u00e1l a slu\u017eby pre stol\u00e1rov<\/h1>\t\t<\/div>\n\t\t\t\t<\/div>\n\t\t\t\t\t<\/div>\n\t\t<\/div>\n\t\t\t\t\t<\/div>\n\t\t<\/section>\n\t\t\t\t<section class=\"elementor-section elementor-top-section elementor-element elementor-element-ec757d8 elementor-section-stretched elementor-section-boxed elementor-section-height-default elementor-section-height-default\" data-id=\"ec757d8\" data-element_type=\"section\" data-settings=\"{&quot;stretch_section&quot;:&quot;section-stretched&quot;}\">\n\t\t\t\t\t\t<div class=\"elementor-container elementor-column-gap-default\">\n\t\t\t\t\t<div class=\"elementor-column elementor-col-50 elementor-top-column elementor-element elementor-element-dc9f5c3\" data-id=\"dc9f5c3\" data-element_type=\"column\">\n\t\t\t<div class=\"elementor-widget-wrap elementor-element-populated\">\n\t\t\t\t\t\t<div class=\"elementor-element elementor-element-a502223 elementor-widget elementor-widget-image\" data-id=\"a502223\" data-element_type=\"widget\" data-widget_type=\"image.default\">\n\t\t\t\t<div class=\"elementor-widget-container\">\n\t\t\t\t\t\t\t\t\t\t\t\t\t<img fetchpriority=\"high\" decoding=\"async\" width=\"768\" height=\"512\" src=\"https:\/\/mikramt.sk\/wp-content\/uploads\/2018\/08\/slide6-768x512.jpg\" class=\"attachment-medium_large size-medium_large wp-image-74\" alt=\"mikra_nabytkove_kovanie\" srcset=\"https:\/\/mikramt.sk\/wp-content\/uploads\/2018\/08\/slide6-768x512.jpg 768w, https:\/\/mikramt.sk\/wp-content\/uploads\/2018\/08\/slide6-600x400.jpg 600w, https:\/\/mikramt.sk\/wp-content\/uploads\/2018\/08\/slide6-300x200.jpg 300w, https:\/\/mikramt.sk\/wp-content\/uploads\/2018\/08\/slide6-1024x683.jpg 1024w, https:\/\/mikramt.sk\/wp-content\/uploads\/2018\/08\/slide6.jpg 1620w\" sizes=\"(max-width: 768px) 100vw, 768px\" \/>\t\t\t\t\t\t\t\t\t\t\t\t\t<\/div>\n\t\t\t\t<\/div>\n\t\t\t\t\t<\/div>\n\t\t<\/div>\n\t\t\t\t<div class=\"elementor-column elementor-col-50 elementor-top-column elementor-element elementor-element-ea10dde\" data-id=\"ea10dde\" data-element_type=\"column\">\n\t\t\t<div class=\"elementor-widget-wrap elementor-element-populated\">\n\t\t\t\t\t\t<div class=\"elementor-element elementor-element-5f3bb0d elementor-widget elementor-widget-text-editor\" data-id=\"5f3bb0d\" data-element_type=\"widget\" data-widget_type=\"text-editor.default\">\n\t\t\t\t<div class=\"elementor-widget-container\">\n\t\t\t\t\t\t\t<p>Na\u0161a firma p\u00f4sob\u00ed v oblasti predaja materi\u00e1lov pre stol\u00e1rov v Martine od roku 1997. Za tento \u010das sme si z\u00edskali d\u00f4veru na\u0161\u00edch st\u00e1lych z\u00e1kazn\u00edkov. Ponuka na\u0161ej spolo\u010dnosti je komplexn\u00e1. Pon\u00fakame materi\u00e1ly a n\u00e1radie nielen pre stol\u00e1rov, ale aj dom\u00e1cich majstrov, ktor\u00ed si chc\u00fa nie\u010do vyrobi\u0165, alebo len opravi\u0165. Taktie\u017e si u n\u00e1s m\u00f4\u017eete objedna\u0165 v\u00fdrobu n\u00e1bytkov\u00fdch dielcov.<\/p>\n<p>V ponuke n\u00e1jdete v\u0161etko od ve\u013ekoplo\u0161n\u00fdch materi\u00e1lov, a\u017e po spojovac\u00ed a mont\u00e1\u017eny materi\u00e1l. Sna\u017e\u00edme sa pon\u00faknu\u0165 v\u00fdhodn\u00e9 cenov\u00e9 rie\u0161enia \u0161tandardn\u00e9ho tovaru, ale vieme vyhovie\u0165 aj n\u00e1ro\u010dn\u00fdm z\u00e1kazn\u00edkom ponukou profi produktov. Nami pon\u00fakan\u00fd sortiment si od roku 2013 m\u00f4\u017eete pozrie\u0165 aj v na\u0161om on-line obchode. Budem r\u00e1d ke\u010f mi nap\u00ed\u0161ete svoje podnety na zlep\u0161ovanie na\u0161\u00e9j pr\u00e1ce ako aj n\u00e1\u0161ho on-line obchodu.\u00a0<\/p>\n<p>\u010co sa t\u00fdka v\u00fdroby, nare\u017eeme a ohran\u00edme ve\u013ekoplo\u0161n\u00fd materi\u00e1l pod\u013ea v\u00e1\u0161ho v\u00fdberu, a v pr\u00edpade potreby expresne doru\u010d\u00edme.\u00a0<\/p>\n<p>M\u00f4\u017eete n\u00e1s nav\u0161t\u00edvi\u0165 v kamennej predajni, alebo vyu\u017ei\u0165 objedn\u00e1vku cez internet. Samozrejmos\u0165ou je pre n\u00e1s tie\u017e odborn\u00e9 poradenstvo, kvalitn\u00e9 slu\u017eby a pr\u00edjemn\u00fd a ochotn\u00fd person\u00e1l.<\/p>\n<p>Te\u0161\u00edme sa na V\u00e1s.<\/p>\n<p>Za t\u00edm spolo\u010dnosti, Milo\u0161 Kram\u00e1r.<\/p>\t\t\t\t\t\t<\/div>\n\t\t\t\t<\/div>\n\t\t\t\t\t<\/div>\n\t\t<\/div>\n\t\t\t\t\t<\/div>\n\t\t<\/section>\n\t\t\t\t<\/div>\n\t\t","protected":false},"excerpt":{"rendered":"<p>Materi\u00e1l a slu\u017eby pre stol\u00e1rov Na\u0161a firma p\u00f4sob\u00ed v oblasti predaja materi\u00e1lov pre stol\u00e1rov v Martine od roku 1997. Za tento \u010das sme si z\u00edskali&hellip;<\/p>\n","protected":false},"author":2,"featured_media":0,"parent":0,"menu_order":0,"comment_status":"closed","ping_status":"open","template":"","meta":{"footnotes":""},"class_list":["post-8","page","type-page","status-publish","hentry"],"_links":{"self":[{"href":"https:\/\/mikramt.sk\/index.php?rest_route=\/wp\/v2\/pages\/8","targetHints":{"allow":["GET"]}}],"collection":[{"href":"https:\/\/mikramt.sk\/index.php?rest_route=\/wp\/v2\/pages"}],"about":[{"href":"https:\/\/mikramt.sk\/index.php?rest_route=\/wp\/v2\/types\/page"}],"author":[{"embeddable":true,"href":"https:\/\/mikramt.sk\/index.php?rest_route=\/wp\/v2\/users\/2"}],"replies":[{"embeddable":true,"href":"https:\/\/mikramt.sk\/index.php?rest_route=%2Fwp%2Fv2%2Fcomments&post=8"}],"version-history":[{"count":70,"href":"https:\/\/mikramt.sk\/index.php?rest_route=\/wp\/v2\/pages\/8\/revisions"}],"predecessor-version":[{"id":1643,"href":"https:\/\/mikramt.sk\/index.php?rest_route=\/wp\/v2\/pages\/8\/revisions\/1643"}],"wp:attachment":[{"href":"https:\/\/mikramt.sk\/index.php?rest_route=%2Fwp%2Fv2%2Fmedia&parent=8"}],"curies":[{"name":"wp","href":"https:\/\/api.w.org\/{rel}","templated":true}]}}