{"id":3,"date":"2018-08-08T15:24:57","date_gmt":"2018-08-08T13:24:57","guid":{"rendered":"http:\/\/beta.mikramt.sk\/?page_id=3"},"modified":"2025-10-11T12:47:07","modified_gmt":"2025-10-11T10:47:07","slug":"ochrana-sukromia","status":"publish","type":"page","link":"https:\/\/mikramt.sk\/?page_id=3","title":{"rendered":"Z\u00e1sady ochrany osobn\u00fdch \u00fadajov"},"content":{"rendered":"\t\t<div data-elementor-type=\"wp-page\" data-elementor-id=\"3\" class=\"elementor elementor-3\">\n\t\t\t\t\t\t<section class=\"elementor-section elementor-top-section elementor-element elementor-element-b8d485e elementor-section-boxed elementor-section-height-default elementor-section-height-default\" data-id=\"b8d485e\" data-element_type=\"section\">\n\t\t\t\t\t\t<div class=\"elementor-container elementor-column-gap-default\">\n\t\t\t\t\t<div class=\"elementor-column elementor-col-100 elementor-top-column elementor-element elementor-element-48c344b3\" data-id=\"48c344b3\" data-element_type=\"column\">\n\t\t\t<div class=\"elementor-widget-wrap elementor-element-populated\">\n\t\t\t\t\t\t<div class=\"elementor-element elementor-element-53d5dfbd elementor-widget elementor-widget-text-editor\" data-id=\"53d5dfbd\" data-element_type=\"widget\" data-widget_type=\"text-editor.default\">\n\t\t\t\t<div class=\"elementor-widget-container\">\n\t\t\t\t\t\t\t<h2>\u00a0<\/h2><h2 id=\"ak-osobn-daje-zskavame-a-preo-ich-zbierame\" class=\"mb-2 mt-4 font-display font-semimedium text-base first:mt-0 md:text-lg [hr+&amp;]:mt-4\">Ak\u00e9 osobn\u00e9 \u00fadaje z\u00edskavame a pre\u010do ich zbierame<\/h2><h2 class=\"mb-2 mt-4 font-display font-semimedium text-base first:mt-0\">Koment\u00e1re<\/h2><p class=\"my-2 [&amp;+p]:mt-4 [&amp;_strong:has(+br)]:inline-block [&amp;_strong:has(+br)]:pb-2\">Ke\u010f n\u00e1v\u0161tevn\u00edci webu vlo\u017eia koment\u00e1r, zhroma\u017e\u010fujeme \u00fadaje uveden\u00e9 vo formul\u00e1ri koment\u00e1ra, ako aj IP adresu pou\u017e\u00edvate\u013ea a inform\u00e1cie o prehliada\u010di (user-agent), kv\u00f4li ochrane proti spamu a zneu\u017eitiu.<br \/>Anonymizovan\u00fd re\u0165azec vytvoren\u00fd z e-mailovej adresy (tzv. hash) m\u00f4\u017ee by\u0165 odoslan\u00fd slu\u017ebe Gravatar na overenie pou\u017e\u00edvania slu\u017eby. Po schv\u00e1len\u00ed koment\u00e1ra je profilov\u00e1 fotografia verejne vidite\u013en\u00e1 spolu s obsahom koment\u00e1ra.<\/p><h2 class=\"mb-2 mt-4 font-display font-semimedium text-base first:mt-0\">Multim\u00e9di\u00e1<\/h2><p class=\"my-2 [&amp;+p]:mt-4 [&amp;_strong:has(+br)]:inline-block [&amp;_strong:has(+br)]:pb-2\">Pri nahr\u00e1van\u00ed obr\u00e1zkov odpor\u00fa\u010dame vyhn\u00fa\u0165 sa prid\u00e1vaniu obr\u00e1zkov s EXIF GPS \u00fadajmi o polohe, ktor\u00e9 m\u00f4\u017eu n\u00e1v\u0161tevn\u00edci stiahnu\u0165 a zobrazi\u0165.<\/p><h2 class=\"mb-2 mt-4 font-display font-semimedium text-base first:mt-0\">Kontaktn\u00e9 formul\u00e1re<\/h2><p class=\"my-2 [&amp;+p]:mt-4 [&amp;_strong:has(+br)]:inline-block [&amp;_strong:has(+br)]:pb-2\">\u00dadaje z kontaktn\u00fdch formul\u00e1rov (meno, e-mailov\u00e1 adresa, telef\u00f3n, text spr\u00e1vy) spracov\u00e1vame v\u00fdhradne na \u00fa\u010del vybavenia va\u0161ej po\u017eiadavky.<\/p><h2 class=\"mb-2 mt-4 font-display font-semimedium text-base first:mt-0\">S\u00fabory cookies<\/h2><p class=\"my-2 [&amp;+p]:mt-4 [&amp;_strong:has(+br)]:inline-block [&amp;_strong:has(+br)]:pb-2\">Cookies pou\u017e\u00edvame kv\u00f4li pohodliu n\u00e1v\u0161tevn\u00edkov, technick\u00fdm \u00fa\u010delom a nastaveniam webu, pri\u010dom ich doba platnosti je pod\u013ea typu od jedn\u00e9ho d\u0148a do jedn\u00e9ho roka.<\/p><h2 class=\"mb-2 mt-4 font-display font-semimedium text-base first:mt-0\">Vlo\u017een\u00fd obsah z in\u00fdch webov<\/h2><p class=\"my-2 [&amp;+p]:mt-4 [&amp;_strong:has(+br)]:inline-block [&amp;_strong:has(+br)]:pb-2\">Vlo\u017een\u00fd obsah sa spr\u00e1va ako pri n\u00e1v\u0161teve p\u00f4vodn\u00e9ho webu; m\u00f4\u017ee zhroma\u017e\u010fova\u0165 osobn\u00e9 \u00fadaje, pou\u017e\u00edva\u0165 cookies a sledova\u0165 interakciu.<\/p><h2 class=\"mb-2 mt-4 font-display font-semimedium text-base first:mt-0\">Analytika<\/h2><p class=\"my-2 [&amp;+p]:mt-4 [&amp;_strong:has(+br)]:inline-block [&amp;_strong:has(+br)]:pb-2\">Na zlep\u0161enie slu\u017eieb pou\u017e\u00edvame Google Analytics, Hotjar a Brevo.<\/p><h2 class=\"mb-2 mt-4 font-display font-semimedium text-base first:mt-0\">E-shop (n\u00e1kupy)<\/h2><p class=\"my-2 [&amp;+p]:mt-4 [&amp;_strong:has(+br)]:inline-block [&amp;_strong:has(+br)]:pb-2\">Pri n\u00e1kupe spracov\u00e1vame \u00fadaje nevyhnutn\u00e9 na vybavenie objedn\u00e1vky (meno, priezvisko, doru\u010dovacia a faktura\u010dn\u00e1 adresa, telef\u00f3n, e-mail, \u00fadaje o platbe).<br \/>\u00dadaje s\u00fa potrebn\u00e9 na \u00fa\u010dely plnenia zmluvy, vystavenia fakt\u00fary, vybavenia reklam\u00e1cie a doru\u010denia tovaru.<\/p><h2 class=\"mb-2 mt-4 font-display font-semimedium text-base first:mt-0\">Newsletter<\/h2><p class=\"my-2 [&amp;+p]:mt-4 [&amp;_strong:has(+br)]:inline-block [&amp;_strong:has(+br)]:pb-2\">Ak sa prihl\u00e1site na odber noviniek, spracov\u00e1vame va\u0161e meno a e-mailov\u00fa adresu za \u00fa\u010delom zasielania marketingov\u00fdch inform\u00e1ci\u00ed.<br \/>Odhl\u00e1senie je mo\u017en\u00e9 kedyko\u013evek cez odkaz v ka\u017edom e-maile.<\/p><hr class=\"bg-subtle h-px border-0\" \/><h2 id=\"s-km-zdieame-vae-daje\" class=\"mb-2 mt-4 font-display font-semimedium text-base first:mt-0 md:text-lg [hr+&amp;]:mt-4\">S k\u00fdm zdie\u013eame va\u0161e \u00fadaje<\/h2><p class=\"my-2 [&amp;+p]:mt-4 [&amp;_strong:has(+br)]:inline-block [&amp;_strong:has(+br)]:pb-2\">Slu\u017eby Google Analytics, Hotjar, Brevo alebo na\u0161i zmluvn\u00ed partneri (\u00fa\u010detn\u00edci, poskytovatelia doru\u010dovania, platobn\u00e9 br\u00e1ny) v\u00fdhradne v nevyhnutnom rozsahu pod\u013ea \u00fa\u010delu spracovania.<\/p><h2 id=\"ako-dlho-uchovvame-vae-daje\" class=\"mb-2 mt-4 font-display font-semimedium text-base first:mt-0 md:text-lg [hr+&amp;]:mt-4\">Ako dlho uchov\u00e1vame va\u0161e \u00fadaje<\/h2><p class=\"my-2 [&amp;+p]:mt-4 [&amp;_strong:has(+br)]:inline-block [&amp;_strong:has(+br)]:pb-2\">Koment\u00e1re uchov\u00e1vame po dobu trvania \u00fa\u010delu; objedn\u00e1vkov\u00e9 \u00fadaje pod\u013ea legislat\u00edvy (napr. \u00fa\u010dtovn\u00e9 doklady do 10 rokov); \u00fadaje newslettera do odvolania s\u00fahlasu alebo do zru\u0161enia odberu.<\/p><h2 id=\"ak-prva-mte-nad-svojimi-dajmi\" class=\"mb-2 mt-4 font-display font-semimedium text-base first:mt-0 md:text-lg [hr+&amp;]:mt-4\">Ak\u00e9 pr\u00e1va m\u00e1te nad svojimi \u00fadajmi<\/h2><p class=\"my-2 [&amp;+p]:mt-4 [&amp;_strong:has(+br)]:inline-block [&amp;_strong:has(+br)]:pb-2\">M\u00f4\u017eete po\u017eiada\u0165 o export aj vymazanie va\u0161ich \u00fadajov. V\u00fdmaz sa net\u00fdka \u00fadajov, ktor\u00e9 mus\u00edme uchov\u00e1va\u0165 zo z\u00e1konn\u00fdch, administrat\u00edvnych alebo bezpe\u010dnostn\u00fdch d\u00f4vodov.<\/p><h2 id=\"kam-posielame-vae-daje\" class=\"mb-2 mt-4 font-display font-semimedium text-base first:mt-0 md:text-lg [hr+&amp;]:mt-4\">Kam posielame va\u0161e \u00fadaje<\/h2><p class=\"my-2 [&amp;+p]:mt-4 [&amp;_strong:has(+br)]:inline-block [&amp;_strong:has(+br)]:pb-2\">Koment\u00e1re m\u00f4\u017eu by\u0165 overovan\u00e9 automatizovan\u00fdm n\u00e1strojom na detekciu spamu; n\u00e1kupn\u00e9 \u00fadaje m\u00f4\u017eu by\u0165 zdie\u013ean\u00e9 s doru\u010dovac\u00edmi alebo \u00fa\u010dtovn\u00fdmi subjektmi v\u00fdhradne kv\u00f4li vybaveniu objedn\u00e1vky a z\u00e1konn\u00fdm povinnostiam.<\/p>\t\t\t\t\t\t<\/div>\n\t\t\t\t<\/div>\n\t\t\t\t\t<\/div>\n\t\t<\/div>\n\t\t\t\t\t<\/div>\n\t\t<\/section>\n\t\t\t\t<\/div>\n\t\t","protected":false},"excerpt":{"rendered":"<p>\u00a0 Ak\u00e9 osobn\u00e9 \u00fadaje z\u00edskavame a pre\u010do ich zbierame Koment\u00e1re Ke\u010f n\u00e1v\u0161tevn\u00edci webu vlo\u017eia koment\u00e1r, zhroma\u017e\u010fujeme \u00fadaje uveden\u00e9 vo formul\u00e1ri koment\u00e1ra, ako aj IP adresu&hellip;<\/p>\n","protected":false},"author":2,"featured_media":0,"parent":0,"menu_order":0,"comment_status":"closed","ping_status":"open","template":"","meta":{"footnotes":""},"class_list":["post-3","page","type-page","status-publish","hentry"],"_links":{"self":[{"href":"https:\/\/mikramt.sk\/index.php?rest_route=\/wp\/v2\/pages\/3","targetHints":{"allow":["GET"]}}],"collection":[{"href":"https:\/\/mikramt.sk\/index.php?rest_route=\/wp\/v2\/pages"}],"about":[{"href":"https:\/\/mikramt.sk\/index.php?rest_route=\/wp\/v2\/types\/page"}],"author":[{"embeddable":true,"href":"https:\/\/mikramt.sk\/index.php?rest_route=\/wp\/v2\/users\/2"}],"replies":[{"embeddable":true,"href":"https:\/\/mikramt.sk\/index.php?rest_route=%2Fwp%2Fv2%2Fcomments&post=3"}],"version-history":[{"count":8,"href":"https:\/\/mikramt.sk\/index.php?rest_route=\/wp\/v2\/pages\/3\/revisions"}],"predecessor-version":[{"id":1441,"href":"https:\/\/mikramt.sk\/index.php?rest_route=\/wp\/v2\/pages\/3\/revisions\/1441"}],"wp:attachment":[{"href":"https:\/\/mikramt.sk\/index.php?rest_route=%2Fwp%2Fv2%2Fmedia&parent=3"}],"curies":[{"name":"wp","href":"https:\/\/api.w.org\/{rel}","templated":true}]}}