{"id":1436,"date":"2025-10-11T12:48:04","date_gmt":"2025-10-11T10:48:04","guid":{"rendered":"https:\/\/mikramt.sk\/?page_id=1436"},"modified":"2025-10-14T21:24:46","modified_gmt":"2025-10-14T19:24:46","slug":"novinky-v-mikre","status":"publish","type":"page","link":"https:\/\/mikramt.sk\/?page_id=1436","title":{"rendered":"Novinky"},"content":{"rendered":"\n\n\t\t\t<form id=\"sib_signup_form_1\" method=\"post\" class=\"sib_signup_form\">\n\t\t\t\t<div class=\"sib_loader\" style=\"display:none;\"><img\n\t\t\t\t\t\t\tdata-src=\"https:\/\/mikramt.sk\/wp-includes\/images\/spinner.gif\" alt=\"loader\" src=\"data:image\/svg+xml;base64,PHN2ZyB3aWR0aD0iMSIgaGVpZ2h0PSIxIiB4bWxucz0iaHR0cDovL3d3dy53My5vcmcvMjAwMC9zdmciPjwvc3ZnPg==\" class=\"lazyload\"><\/div>\n\t\t\t\t<input type=\"hidden\" name=\"sib_form_action\" value=\"subscribe_form_submit\">\n\t\t\t\t<input type=\"hidden\" name=\"sib_form_id\" value=\"1\">\n                <input type=\"hidden\" name=\"sib_form_alert_notice\" value=\"Pros\u00edm vypl\u0148te toto okno\">\n                <input type=\"hidden\" name=\"sib_form_invalid_email_notice\" value=\"Va\u0161a email adresa je neplatn\u00e1\">\n                <input type=\"hidden\" name=\"sib_security\" value=\"6643fe7f72\">\n\t\t\t\t<div class=\"sib_signup_box_inside_1\">\n\t\t\t\t\t<div style=\"\/*display:none*\/\" class=\"sib_msg_disp\">\n\t\t\t\t\t<\/div>\n                    \t\t\t\t\t  \r\n    <h2 style=\"color: #404040;font-size: 18px;margin-bottom: 10px;text-align: center\">Prihl\u00e1ste sa na odber newsletteru.<\/h2>\r\n    \r\n    <h3 style=\"color: #404040;font-size: 20px;font-weight: bold;margin-bottom: 15px;text-align: center\">Z\u013eavy a novinky v predajni a eshope.<\/h3>\r\n    \r\n    <p style=\"color: #404040;font-size: 14px;font-style: italic;text-align: center;margin-bottom: 25px\">Odhl\u00e1si\u0165 sa m\u00f4\u017eete tla\u010didlom na konci ka\u017ed\u00e9ho e-mailu. Neposielame spam.<\/p>\r\n    \r\n    \r\n        <p class=\"sib-email-area\" style=\"margin-bottom: 15px\">\r\n            <label style=\"display: block;color: #404040;margin-bottom: 5px;font-size: 14px\">EMAIL *<\/label>\r\n            <input type=\"email\" class=\"sib-email-area\" name=\"email\" required=\"required\" placeholder=\"Napr.: meno.priezvisko@gmail.com\">\r\n        <\/p>\r\n        \r\n        <p style=\"margin-bottom: 20px\">\r\n            <input type=\"submit\" class=\"sib-default-btn\" value=\"Prihl\u00e1si\u0165 sa\">\r\n        <\/p>\r\n    <input type=\"checkbox\" name=\"terms\" required=\"required\"> S\u00fahlas\u00edm so <a href=\"https:\/\/mikramt.sk\/?page_id=3\">spracovan\u00edm osobn\u00fdch \u00fadajov<\/a> \r\n<p>Va\u0161a e\u2011mailov\u00e1 adresa sa pou\u017e\u00edva len na zasielanie n\u00e1\u0161ho newslettera. Odber m\u00f4\u017eete kedyko\u013evek zru\u0161i\u0165 pomocou tla\u010didla v ka\u017edom e-mail newsletteri.<\/p>\r\n<div style=\"background-color: #fefefe;padding: 40px 30px;border-radius: 8px;max-width: 450px;margin: 0 auto;color: #404040;font-family: Arial, sans-serif\">\r\n    \r\n\r\n<\/div>\r\n\r\n\t\t\t\t<\/div>\n\t\t\t<\/form>\n\t\t\t<style>\n\t\t\t\tform#sib_signup_form_1 p.sib-alert-message {\n    padding: 6px 12px;\n    margin-bottom: 20px;\n    border: 1px solid transparent;\n    border-radius: 4px;\n    -webkit-box-sizing: border-box;\n    -moz-box-sizing: border-box;\n    box-sizing: border-box;\n}\nform#sib_signup_form_1 p.sib-alert-message-error {\n    background-color: #f2dede;\n    border-color: #ebccd1;\n    color: #a94442;\n}\nform#sib_signup_form_1 p.sib-alert-message-success {\n    background-color: #dff0d8;\n    border-color: #d6e9c6;\n    color: #3c763d;\n}\nform#sib_signup_form_1 p.sib-alert-message-warning {\n    background-color: #fcf8e3;\n    border-color: #faebcc;\n    color: #8a6d3b;\n}\n\t\t\t<\/style>\n\t\t\t\n\n\n\n\n\n<p><\/p>\n","protected":false},"excerpt":{"rendered":"","protected":false},"author":3,"featured_media":0,"parent":0,"menu_order":0,"comment_status":"closed","ping_status":"closed","template":"","meta":{"footnotes":""},"class_list":["post-1436","page","type-page","status-publish","hentry"],"_links":{"self":[{"href":"https:\/\/mikramt.sk\/index.php?rest_route=\/wp\/v2\/pages\/1436","targetHints":{"allow":["GET"]}}],"collection":[{"href":"https:\/\/mikramt.sk\/index.php?rest_route=\/wp\/v2\/pages"}],"about":[{"href":"https:\/\/mikramt.sk\/index.php?rest_route=\/wp\/v2\/types\/page"}],"author":[{"embeddable":true,"href":"https:\/\/mikramt.sk\/index.php?rest_route=\/wp\/v2\/users\/3"}],"replies":[{"embeddable":true,"href":"https:\/\/mikramt.sk\/index.php?rest_route=%2Fwp%2Fv2%2Fcomments&post=1436"}],"version-history":[{"count":7,"href":"https:\/\/mikramt.sk\/index.php?rest_route=\/wp\/v2\/pages\/1436\/revisions"}],"predecessor-version":[{"id":1532,"href":"https:\/\/mikramt.sk\/index.php?rest_route=\/wp\/v2\/pages\/1436\/revisions\/1532"}],"wp:attachment":[{"href":"https:\/\/mikramt.sk\/index.php?rest_route=%2Fwp%2Fv2%2Fmedia&parent=1436"}],"curies":[{"name":"wp","href":"https:\/\/api.w.org\/{rel}","templated":true}]}}